{"id":626,"date":"2021-12-30T09:55:09","date_gmt":"2021-12-30T08:55:09","guid":{"rendered":"https:\/\/criolloquetzal.ch\/blog\/"},"modified":"2025-04-25T21:31:40","modified_gmt":"2025-04-25T19:31:40","slug":"schokoladen-blog","status":"publish","type":"page","link":"https:\/\/criolloquetzal.ch\/de\/schokoladen-blog\/","title":{"rendered":"Blog"},"content":{"rendered":"<h1 style=\"font-size: 24px;\"><img loading=\"lazy\" decoding=\"async\" class=\"alignright wp-image-880\" src=\"https:\/\/criolloquetzal.ch\/wp-content\/uploads\/2022\/03\/quetzal-left-594x1024.png\" alt=\"CriolloQuetzal \u2013 Der Schweizer Schokoladen-Blog\" width=\"238\" height=\"410\" srcset=\"https:\/\/criolloquetzal.ch\/wp-content\/uploads\/2022\/03\/quetzal-left-594x1024.png 594w, https:\/\/criolloquetzal.ch\/wp-content\/uploads\/2022\/03\/quetzal-left-174x300.png 174w, https:\/\/criolloquetzal.ch\/wp-content\/uploads\/2022\/03\/quetzal-left-768x1325.png 768w, https:\/\/criolloquetzal.ch\/wp-content\/uploads\/2022\/03\/quetzal-left-890x1536.png 890w, https:\/\/criolloquetzal.ch\/wp-content\/uploads\/2022\/03\/quetzal-left-600x1035.png 600w, https:\/\/criolloquetzal.ch\/wp-content\/uploads\/2022\/03\/quetzal-left-64x110.png 64w, https:\/\/criolloquetzal.ch\/wp-content\/uploads\/2022\/03\/quetzal-left.png 1000w\" sizes=\"auto, (max-width: 238px) 100vw, 238px\" \/>CriolloQuetzal \u2013 Der Schweizer Schokoladen-Blog<\/h1>\n<p>Als f\u00fchrende Schweizer <a href=\"https:\/\/criolloquetzal.ch\/de\/boutique\/\">Boutique<\/a> f\u00fcr Bean-to-Bar- und Tree-to-Bar-Schokolade und mit grossem Engagement f\u00fcr die F\u00f6rderung kleiner Schokoladenproduzenten auf der ganzen Welt teilen wir gerne unsere Leidenschaft und machen sie f\u00fcr m\u00f6glichst viele Menschen erlebbar!<\/p>\n<p>Gehen Sie mit uns auf Entdeckungsreise und lernen Sie Schokolade aus der Schweiz und anderen L\u00e4ndern kennen, die besten Chocolatiers aus den Kakaoanbaul\u00e4ndern, aber auch die grossen Marken, die wir Ihnen in einem neuen Licht zeigen.<\/p>\n<p>Erfahren Sie mehr \u00fcber die Praxis des <a href=\"https:\/\/de.wikipedia.org\/wiki\/Kakao\" target=\"_blank\" rel=\"noopener\">Kakao<\/a> anbaus, seine botanischen Besonderheiten und seine zahlreichen positiven Eigenschaften.<\/p>\n<p>Beginnen Sie, das Ausnahmeprodukt dunkle Schokolade mit allen Sinnen kennenzulernen und qualitativ gute Produkte zu erkennen, die von Chocolatiers hergestellt werden, die unter Einhaltung von hohen Sozial- und Umweltstandards arbeiten.<\/p>\n<p>Um keine News zu verpassen, melden Sie sich gleich f\u00fcr unseren <a class=\"modalnewsletter\" href=\"https:\/\/criolloquetzal.ch\/de\/blog\/\">Newsletter<\/a> an.<\/p>\n<p>Wir w\u00fcnschen Ihnen eine spannende Lekt\u00fcre und viele leckere Entdeckungen!<\/p>\n","protected":false},"excerpt":{"rendered":"<p>CriolloQuetzal \u2013 Der Schweizer Schokoladen-Blog Als f\u00fchrende Schweizer Boutique f\u00fcr Bean-to-Bar- und Tree-to-Bar-Schokolade und mit grossem Engagement f\u00fcr die F\u00f6rderung kleiner Schokoladenproduzenten auf der ganzen Welt teilen wir gerne unsere Leidenschaft und machen sie f\u00fcr m\u00f6glichst viele Menschen erlebbar! Gehen Sie mit uns auf Entdeckungsreise und lernen Sie Schokolade aus der Schweiz und anderen L\u00e4ndern [&hellip;]<\/p>\n","protected":false},"author":1,"featured_media":1264,"parent":0,"menu_order":51,"comment_status":"closed","ping_status":"closed","template":"","meta":{"_acf_changed":false,"inline_featured_image":false,"footnotes":""},"class_list":["post-626","page","type-page","status-publish","has-post-thumbnail","hentry"],"acf":[],"_links":{"self":[{"href":"https:\/\/criolloquetzal.ch\/de\/wp-json\/wp\/v2\/pages\/626","targetHints":{"allow":["GET"]}}],"collection":[{"href":"https:\/\/criolloquetzal.ch\/de\/wp-json\/wp\/v2\/pages"}],"about":[{"href":"https:\/\/criolloquetzal.ch\/de\/wp-json\/wp\/v2\/types\/page"}],"author":[{"embeddable":true,"href":"https:\/\/criolloquetzal.ch\/de\/wp-json\/wp\/v2\/users\/1"}],"replies":[{"embeddable":true,"href":"https:\/\/criolloquetzal.ch\/de\/wp-json\/wp\/v2\/comments?post=626"}],"version-history":[{"count":1,"href":"https:\/\/criolloquetzal.ch\/de\/wp-json\/wp\/v2\/pages\/626\/revisions"}],"predecessor-version":[{"id":8366,"href":"https:\/\/criolloquetzal.ch\/de\/wp-json\/wp\/v2\/pages\/626\/revisions\/8366"}],"wp:featuredmedia":[{"embeddable":true,"href":"https:\/\/criolloquetzal.ch\/de\/wp-json\/wp\/v2\/media\/1264"}],"wp:attachment":[{"href":"https:\/\/criolloquetzal.ch\/de\/wp-json\/wp\/v2\/media?parent=626"}],"curies":[{"name":"wp","href":"https:\/\/api.w.org\/{rel}","templated":true}]}}