{"id":921,"date":"2020-09-11T08:38:10","date_gmt":"2020-09-11T06:38:10","guid":{"rendered":"https:\/\/criolloquetzal.ch\/?page_id=921"},"modified":"2023-04-13T10:19:02","modified_gmt":"2023-04-13T08:19:02","slug":"impressum","status":"publish","type":"page","link":"https:\/\/criolloquetzal.ch\/de\/impressum\/","title":{"rendered":"Impressum"},"content":{"rendered":"<h2>Impressum - CriolloQuetzal<\/h2>\n<p>&nbsp;<\/p>\n<h3>Unternehmen<\/h3>\n<p><span data-contrast=\"auto\">CriolloQuetzal GmbH<\/span><span data-contrast=\"auto\"><br \/>\nRue des Cerisiers 10<\/span><span data-ccp-props=\"{&quot;201341983&quot;:0,&quot;335559739&quot;:160,&quot;335559740&quot;:259}\"><br \/>\n<\/span><span data-contrast=\"auto\">1530 Payerne<\/span><span data-ccp-props=\"{&quot;201341983&quot;:0,&quot;335559739&quot;:160,&quot;335559740&quot;:259}\">\u00a0<\/span><\/p>\n<p>Vertreten durch<span data-ccp-props=\"{&quot;201341983&quot;:0,&quot;335559739&quot;:160,&quot;335559740&quot;:259}\"><br \/>\n<\/span><span data-contrast=\"auto\">Gesch\u00e4ftsleiter: Herr Thierry Haas<\/span><span data-ccp-props=\"{&quot;201341983&quot;:0,&quot;335559739&quot;:160,&quot;335559740&quot;:259}\">\u00a0<\/span><\/p>\n<h3>Kontakt<\/h3>\n<p><span data-contrast=\"auto\">Tel. 077 267 21 38<\/span><span data-contrast=\"auto\"><br \/>\nE-Mail: choco(at)criolloquetzal.com<\/span><\/p>\n<p>Webseite: <a href=\"https:\/\/criolloquetzal.ch\/de\">https:\/\/criolloquetzal.ch<\/a><\/p>\n<h3>Eintragung in das <a href=\"https:\/\/www.zefix.ch\/de\/search\/entity\/welcome\" target=\"_blank\" rel=\"noopener\">Handelsregister<\/a><\/h3>\n<p><span data-contrast=\"auto\">Eingetragen im Handelsregister des Kantons Waadt<\/span><span data-ccp-props=\"{&quot;201341983&quot;:0,&quot;335559739&quot;:160,&quot;335559740&quot;:259}\"><br \/>\n<\/span><span data-contrast=\"auto\">Register-Nummer: CHE-210.403.174<\/span><span data-ccp-props=\"{&quot;201341983&quot;:0,&quot;335559739&quot;:160,&quot;335559740&quot;:259}\">\u00a0<\/span><\/p>\n<h3>Mehrwertsteuer<\/h3>\n<p><span data-contrast=\"auto\">Mehrwertsteuer-Identifikationsnummer: CHE-210.403.174 TVA<\/span><\/p>\n<h3>Haftungsausschluss f\u00fcr Sch\u00e4den<\/h3>\n<p><span data-contrast=\"auto\">Haftungsanspr\u00fcche gegen uns wegen Sch\u00e4den materieller oder immaterieller Art, welche aus dem Zugriff oder der Nutzung bzw. Nichtnutzung der ver\u00f6ffentlichten Informationen, durch Missbrauch der Verbindung oder durch sonstige technische St\u00f6rungen entstanden sind, werden ausgeschlossen.<\/span><span data-ccp-props=\"{&quot;201341983&quot;:0,&quot;335559739&quot;:160,&quot;335559740&quot;:259}\">\u00a0<\/span><\/p>\n<h3>Haftungsausschluss f\u00fcr Angebote<\/h3>\n<p><span data-contrast=\"auto\">Alle Angebote sind freibleibend und unverbindlich. Wir behalten es uns ausdr\u00fccklich vor, Teile der Seiten oder das gesamte Angebot ohne gesonderte Ank\u00fcndigung zu ver\u00e4ndern, zu erg\u00e4nzen, zu l\u00f6schen oder die Ver\u00f6ffentlichung zeitweise oder endg\u00fcltig einzustellen.<\/span><span data-ccp-props=\"{&quot;201341983&quot;:0,&quot;335559739&quot;:160,&quot;335559740&quot;:259}\">\u00a0<\/span><\/p>\n<h3>Haftungsausschluss f\u00fcr die Inhalte unserer Website<\/h3>\n<p><span data-contrast=\"auto\">Wir \u00fcbernehmen keine Gew\u00e4hr f\u00fcr die Richtigkeit, Genauigkeit, Vollst\u00e4ndigkeit und Verl\u00e4sslichkeit der bereitgestellten Informationen sowie f\u00fcr deren Aktualit\u00e4t.<\/span><span data-ccp-props=\"{&quot;201341983&quot;:0,&quot;335559739&quot;:160,&quot;335559740&quot;:259}\">\u00a0<\/span><\/p>\n<p><span data-contrast=\"auto\">Wir sind auch nicht verpflichtet, \u00fcbermittelte oder gespeicherte fremde Informationen zu \u00fcberwachen oder nach Umst\u00e4nden zu forschen, die auf eine rechtswidrige T\u00e4tigkeit hinweisen.<\/span><span data-ccp-props=\"{&quot;201341983&quot;:0,&quot;335559739&quot;:160,&quot;335559740&quot;:259}\">\u00a0<\/span><\/p>\n<p><span data-contrast=\"auto\">Verpflichtungen zur Entfernung oder Sperrung der Nutzung von Informationen nach den allgemeinen Gesetzen bleiben hiervon unber\u00fchrt. Eine diesbez\u00fcgliche Haftung ist jedoch erst ab dem Zeitpunkt der Kenntnis einer konkreten Rechtsverletzung m\u00f6glich. Sobald wir von solchen Verletzungen Kenntnis erhalten, verpflichten wir uns, die entsprechenden Inhalte unverz\u00fcglich zu entfernen.<\/span><span data-ccp-props=\"{&quot;201341983&quot;:0,&quot;335559739&quot;:160,&quot;335559740&quot;:259}\">\u00a0<\/span><\/p>\n<h3>Haftungsausschluss f\u00fcr Links zu anderen Websites<\/h3>\n<p><span data-contrast=\"auto\">Unser Angebot enth\u00e4lt Links zu externen Webseiten Dritter, auf deren Inhalte wir keinen Einfluss haben. Deshalb k\u00f6nnen wir f\u00fcr diese fremden Inhalte auch keine Gew\u00e4hr \u00fcbernehmen. F\u00fcr die Inhalte der verlinkten Seiten ist stets der jeweilige Anbieter oder Betreiber der Seiten verantwortlich. Die verlinkten Seiten wurden zum Zeitpunkt der Verlinkung auf m\u00f6gliche Rechtsverst\u00f6sse \u00fcberpr\u00fcft. Bei diesen \u00dcberpr\u00fcfungen wurden keine illegalen Inhalte gefunden.<\/span><span data-ccp-props=\"{&quot;201341983&quot;:0,&quot;335559739&quot;:160,&quot;335559740&quot;:259}\">\u00a0<\/span><\/p>\n<p><span data-contrast=\"auto\">Eine permanente inhaltliche Kontrolle der verlinkten Seiten ist jedoch ohne konkreten Verdacht nicht m\u00f6glich. Bei Bekanntwerden von Rechtsverletzungen verpflichten wir uns, diese Links unverz\u00fcglich zu entfernen.<\/span><span data-ccp-props=\"{&quot;201341983&quot;:0,&quot;335559739&quot;:160,&quot;335559740&quot;:259}\">\u00a0<\/span><\/p>\n<h3>Urheberrecht<span data-ccp-props=\"{&quot;201341983&quot;:0,&quot;335559739&quot;:160,&quot;335559740&quot;:259}\">\u00a0<\/span><\/h3>\n<p><span data-contrast=\"auto\">Die durch die Seitenbetreiber erstellten Inhalte und Werke auf diesen Seiten unterliegen dem Schweizer Urheberrecht. Die Vervielf\u00e4ltigung, Bearbeitung, Verbreitung und jede Art der Verwertung ausserhalb der Grenzen des Urheberrechtes bed\u00fcrfen der schriftlichen Zustimmung des jeweiligen Autors bzw. Erstellers. Downloads und Kopien dieser Seite sind nur f\u00fcr den privaten, nicht kommerziellen Gebrauch gestattet.<\/span><span data-ccp-props=\"{&quot;201341983&quot;:0,&quot;335559739&quot;:160,&quot;335559740&quot;:259}\">\u00a0<\/span><\/p>\n<p><span data-contrast=\"auto\">Soweit die Inhalte auf dieser Seite nicht vom Betreiber erstellt wurden, sorgen wir daf\u00fcr, dass die Urheberrechte Dritter beachtet werden. Insbesondere werden Inhalte Dritter auf der Website als solche gekennzeichnet. Sollten Sie trotzdem auf eine Urheberrechtsverletzung aufmerksam werden, w\u00e4ren wir Ihnen dankbar, wenn Sie uns dies mitteilen w\u00fcrden. Sobald uns eine solche Rechtsverletzung bekannt wird, verpflichten wir uns, die entsprechenden Inhalte unverz\u00fcglich zu entfernen.<\/span><span data-ccp-props=\"{&quot;201341983&quot;:0,&quot;335559739&quot;:160,&quot;335559740&quot;:259}\">\u00a0<\/span><\/p>\n<h3>Gerichtsstand<span data-ccp-props=\"{&quot;201341983&quot;:0,&quot;335559739&quot;:160,&quot;335559740&quot;:259}\">\u00a0<\/span><\/h3>\n<p><span data-contrast=\"auto\">Wir sind weder bereit noch verpflichtet, an Streitbeilegungsverfahren vor einer Organisation f\u00fcr alternative Streitbeilegung f\u00fcr Verbraucherstreitigkeiten teilzunehmen. Ausschliesslicher Gerichtsstand ist Payerne, Waadt, vorbehaltlich eines Einspruches am Schweizerischen Bundesgericht.<\/span><span data-ccp-props=\"{&quot;201341983&quot;:0,&quot;335559739&quot;:160,&quot;335559740&quot;:259}\">\u00a0<\/span><\/p>\n<p>&nbsp;<\/p>\n<p>Payerne, Januar 2022<\/p>\n","protected":false},"excerpt":{"rendered":"<p>Impressum - CriolloQuetzal &nbsp; Unternehmen CriolloQuetzal GmbH Rue des Cerisiers 10 1530 Payerne\u00a0 Vertreten durch Gesch\u00e4ftsleiter: Herr Thierry Haas\u00a0 Kontakt Tel. 077 267 21 38 E-Mail: choco(at)criolloquetzal.com Webseite: https:\/\/criolloquetzal.ch Eintragung in das Handelsregister Eingetragen im Handelsregister des Kantons Waadt Register-Nummer: CHE-210.403.174\u00a0 Mehrwertsteuer Mehrwertsteuer-Identifikationsnummer: CHE-210.403.174 TVA Haftungsausschluss f\u00fcr Sch\u00e4den Haftungsanspr\u00fcche gegen uns wegen Sch\u00e4den materieller oder [&hellip;]<\/p>\n","protected":false},"author":1,"featured_media":1264,"parent":0,"menu_order":78,"comment_status":"closed","ping_status":"closed","template":"","meta":{"_acf_changed":false,"inline_featured_image":false,"footnotes":""},"class_list":["post-921","page","type-page","status-publish","has-post-thumbnail","hentry"],"acf":[],"_links":{"self":[{"href":"https:\/\/criolloquetzal.ch\/de\/wp-json\/wp\/v2\/pages\/921","targetHints":{"allow":["GET"]}}],"collection":[{"href":"https:\/\/criolloquetzal.ch\/de\/wp-json\/wp\/v2\/pages"}],"about":[{"href":"https:\/\/criolloquetzal.ch\/de\/wp-json\/wp\/v2\/types\/page"}],"author":[{"embeddable":true,"href":"https:\/\/criolloquetzal.ch\/de\/wp-json\/wp\/v2\/users\/1"}],"replies":[{"embeddable":true,"href":"https:\/\/criolloquetzal.ch\/de\/wp-json\/wp\/v2\/comments?post=921"}],"version-history":[{"count":0,"href":"https:\/\/criolloquetzal.ch\/de\/wp-json\/wp\/v2\/pages\/921\/revisions"}],"wp:featuredmedia":[{"embeddable":true,"href":"https:\/\/criolloquetzal.ch\/de\/wp-json\/wp\/v2\/media\/1264"}],"wp:attachment":[{"href":"https:\/\/criolloquetzal.ch\/de\/wp-json\/wp\/v2\/media?parent=921"}],"curies":[{"name":"wp","href":"https:\/\/api.w.org\/{rel}","templated":true}]}}