{"id":931,"date":"2020-09-18T12:17:41","date_gmt":"2020-09-18T10:17:41","guid":{"rendered":"https:\/\/criolloquetzal.ch\/?page_id=931"},"modified":"2026-02-14T17:54:09","modified_gmt":"2026-02-14T16:54:09","slug":"lieferung-und-bezahlung","status":"publish","type":"page","link":"https:\/\/criolloquetzal.ch\/de\/lieferung-und-bezahlung\/","title":{"rendered":"Lieferung und Bezahlung"},"content":{"rendered":"<h2>Lieferung und Bezahlung - CriolloQuetzal<\/h2>\n<p>&nbsp;<\/p>\n<h3>1. Lieferung<\/h3>\n<h4>1.1<\/h4>\n<p>Die Lieferung erfolgt in der Schweiz und in den folgenden L\u00e4ndern: Belgien, D\u00e4nemark, Deutschland, Estland, Finnland, Frankreich, Griechenland, Grossbritannien, Irland, Island, Italien, Jersey, Kroatien, Lettland, Litauen, Luxemburg, Malta, Niederlande, Norwegen, \u00d6sterreich, Polen, Portugal, Rum\u00e4nien, Schweden, Serbien, Slowakei, Slowenien, Spanien, Tschechische Republik, Ungarn, Zypern.<\/p>\n<ul>\n<li>In der Schweiz erfolgt der Versand durch die <a href=\"https:\/\/www.post.ch\/de\" target=\"_blank\" rel=\"noopener\">Post<\/a> und dauert zwischen 2 Tagen (Priority) und 4 Tagen (Economy)<\/li>\n<li>International erfolgt die Lieferung durch den nationalen Postdienst und dauert \u00fcblicherweise 3-10 Tage.<\/li>\n<\/ul>\n<h4>1.2<\/h4>\n<p>Bestellungen, die samstags, sonntags oder an Feiertagen eingehen, werden normalerweise am darauffolgenden Werktag versandt. Wir empfehlen eine rechtzeitige Bestellung.<\/p>\n<p>Vor einem gesetzlichen Feiertag ist mit einer l\u00e4ngeren Lieferzeit zu rechnen.<\/p>\n<h4>1.3<\/h4>\n<p>Um sicherzustellen, dass Ihre Bestellung w\u00e4hrend der Sommermonate oder bei heissem Wetter in gutem Zustand bei Ihnen eintrifft, k\u00f6nnen wir uns erlauben, Ihre Bestellung f\u00fcr einen bestimmten Zeitraum aufzubewahren (Sie werden dann automatisch per E-Mail \u00fcber das neue voraussichtliche Lieferdatum informiert).<\/p>\n<h4>1.4<\/h4>\n<p>Die Versandkosten setzen sich aus einem Anteil an den Porto- und Verpackungskosten zusammen:<\/p>\n<ul>\n<li>In der Schweiz: Versandkostenpauschale von CHF 6.- (Economy) oder CHF 8.- (Priority) f\u00fcr Bestellungen unter CHF 75.-. Kostenloser Economy-Versand f\u00fcr Bestellungen ab CHF 75.-.<\/li>\n<li>International: Pauschale Versandkosten von CHF 19.- (Priority) f\u00fcr Bestellungen unter CHF 99.-. Kostenloser Priority-Versand f\u00fcr Bestellungen \u00fcber CHF 99.-.<\/li>\n<\/ul>\n<p>Eventuell anfallende Zollgeb\u00fchren bei der Einfuhr (K\u00e4ufe durch Kunden ausserhalb der Schweiz) sind nicht im Preis inbegriffen und gehen vollumf\u00e4nglich zu Lasten des Kunden.<\/p>\n<p>&nbsp;<\/p>\n<h3>2. Zahlungsbedingungen<\/h3>\n<h4>2.1<\/h4>\n<p>Die Zahlung hat im Voraus zu erfolgen.<\/p>\n<h4>2.2<\/h4>\n<p>Die Zahlung erfolgt entweder per Paypal, Apple Pay, Google Pay oder per Kreditkarte (American Express, Visa, Mastercard, Diners Club, JCB oder UnionPay). F\u00fcr Schweizer Kunden steht zus\u00e4tzlich die Zahlungsmethode Twint zur Verf\u00fcgung.<\/p>\n<h4>2.3<\/h4>\n<p>In allen F\u00e4llen werden die Zahlungen sofort abgebucht.<\/p>\n<h4>2.4<\/h4>\n<p>Die Verrechnung mit Guthaben des Kunden ist ausgeschlossen.<\/p>\n<h4>2.5<\/h4>\n<p>Wenn Sie eine Bestellung im Namen eines Unternehmens aufgeben und per Rechnung bezahlen m\u00f6chten, kontaktieren Sie uns bitte per E-Mail unter choco(at)criolloquetzal.com.<\/p>\n<p>&nbsp;<\/p>\n<p>Payerne, M\u00e4rz 2024<\/p>\n","protected":false},"excerpt":{"rendered":"<p>Lieferung und Bezahlung - CriolloQuetzal &nbsp; 1. Lieferung 1.1 Die Lieferung erfolgt in der Schweiz und in den folgenden L\u00e4ndern: Belgien, D\u00e4nemark, Deutschland, Estland, Finnland, Frankreich, Griechenland, Grossbritannien, Irland, Island, Italien, Jersey, Kroatien, Lettland, Litauen, Luxemburg, Malta, Niederlande, Norwegen, \u00d6sterreich, Polen, Portugal, Rum\u00e4nien, Schweden, Serbien, Slowakei, Slowenien, Spanien, Tschechische Republik, Ungarn, Zypern. In der Schweiz [&hellip;]<\/p>\n","protected":false},"author":1,"featured_media":1264,"parent":0,"menu_order":77,"comment_status":"closed","ping_status":"closed","template":"","meta":{"_acf_changed":false,"inline_featured_image":false,"footnotes":""},"class_list":["post-931","page","type-page","status-publish","has-post-thumbnail","hentry"],"acf":[],"_links":{"self":[{"href":"https:\/\/criolloquetzal.ch\/de\/wp-json\/wp\/v2\/pages\/931","targetHints":{"allow":["GET"]}}],"collection":[{"href":"https:\/\/criolloquetzal.ch\/de\/wp-json\/wp\/v2\/pages"}],"about":[{"href":"https:\/\/criolloquetzal.ch\/de\/wp-json\/wp\/v2\/types\/page"}],"author":[{"embeddable":true,"href":"https:\/\/criolloquetzal.ch\/de\/wp-json\/wp\/v2\/users\/1"}],"replies":[{"embeddable":true,"href":"https:\/\/criolloquetzal.ch\/de\/wp-json\/wp\/v2\/comments?post=931"}],"version-history":[{"count":5,"href":"https:\/\/criolloquetzal.ch\/de\/wp-json\/wp\/v2\/pages\/931\/revisions"}],"predecessor-version":[{"id":9480,"href":"https:\/\/criolloquetzal.ch\/de\/wp-json\/wp\/v2\/pages\/931\/revisions\/9480"}],"wp:featuredmedia":[{"embeddable":true,"href":"https:\/\/criolloquetzal.ch\/de\/wp-json\/wp\/v2\/media\/1264"}],"wp:attachment":[{"href":"https:\/\/criolloquetzal.ch\/de\/wp-json\/wp\/v2\/media?parent=931"}],"curies":[{"name":"wp","href":"https:\/\/api.w.org\/{rel}","templated":true}]}}