{"id":961,"date":"2020-05-09T20:01:00","date_gmt":"2020-05-09T18:01:00","guid":{"rendered":"https:\/\/criolloquetzal.ch\/?page_id=961"},"modified":"2023-04-13T10:19:06","modified_gmt":"2023-04-13T08:19:06","slug":"datenschutzerklarung","status":"publish","type":"page","link":"https:\/\/criolloquetzal.ch\/de\/datenschutzerklarung\/","title":{"rendered":"Datenschutzerkl\u00e4rung"},"content":{"rendered":"<h2>Datenschutzerkl\u00e4rung - CriolloQuetzal<\/h2>\n<p>&nbsp;<\/p>\n<p>Diese Datenschutzerkl\u00e4rung kl\u00e4rt \u00fcber die Art, den Umfang und Zwecke der Erhebung und Verwendung von Daten der Besucher und Nutzer (nachfolgend zusammenfassend bezeichnet als \u201eNutzer\u201c) durch:<\/p>\n<p>CriolloQuetzal GmbH<br \/>\nRue des Cerisiers 10<br \/>\n1530 Payerne<\/p>\n<p>(nachfolgend \u201eAnbieter\u201c) als datenschutzrechtlich verantwortliche Stelle auf.<\/p>\n<p>Bei Fragen zum Datenschutz erreichen Sie uns per E-Mail unter choco(at)criolloquetzal.com.<\/p>\n<h3>Erhebung von Zugriffsdaten<\/h3>\n<p>Der Anbieter erhebt Daten \u00fcber jeden Zugriff auf das Onlineangebot (so genannte Serverlogfiles). Zu den Zugriffsdaten geh\u00f6ren Name der abgerufenen Webseite, Datei, Datum und Uhrzeit des Abrufs, \u00fcbertragene Datenmenge, Meldung \u00fcber erfolgreichen Abruf, Browsertyp nebst Version, das Betriebssystem des Nutzers, Referrer URL (die zuvor besuchte Seite), IP-Adresse und der anfragende Provider.<\/p>\n<p>Der Anbieter verwendet die Protokolldaten ohne Zuordnung zur Person des Nutzers oder sonstiger Profilerstellung entsprechend den gesetzlichen Bestimmungen nur f\u00fcr statistische Auswertungen zum Zweck des Betriebs, der Sicherheit und der Optimierung des Onlineangebotes.<\/p>\n<p>Der Anbieter beh\u00e4lt sich jedoch vor, die Protokolldaten nachtr\u00e4glich zu \u00fcberpr\u00fcfen, wenn aufgrund konkreter Anhaltspunkte der berechtigte Verdacht einer rechtswidrigen Nutzung besteht.<\/p>\n<h3>Erhebung und Nutzung personenbezogener Daten<\/h3>\n<p>Personenbezogene Daten werden vom Anbieter nur dann erhoben und genutzt, wenn dies gesetzlich erlaubt ist oder die Nutzer in die Datenerhebung einwilligen.<\/p>\n<p>In der Regel ist es f\u00fcr die Nutzer bei der Nutzung des Dienstes erkennbar welche Daten gespeichert werden, so zum Beispiel Name, E-Mailadresse und Nachricht bei der Nutzung des Bestellformulars.<\/p>\n<p>Die zum Zwecke der <a href=\"https:\/\/criolloquetzal.ch\/de\/boutique\">Bestellung<\/a> von Waren angegebenen pers\u00f6nlichen Daten (wie zum Beispiel Name, E-Mail-Adresse, Anschrift, Zahlungsdaten) werden vom Verk\u00e4ufer zur Erf\u00fcllung und Abwicklung des Vertrags verwendet.<\/p>\n<p>Diese Daten werden vertraulich behandelt, verschl\u00fcsselt \u00fcbertragen und nicht an Dritte weitergegeben, die nicht am Bestell-, Auslieferungs- und Zahlungsvorgang beteiligt sind.<\/p>\n<p>Bei der Kontaktaufnahme mit dem Anbieter (per Kontaktformular oder Email) werden die Angaben des Nutzers zwecks Bearbeitung der Anfrage sowie f\u00fcr den Fall, dass Anschlussfragen entstehen, gespeichert.<\/p>\n<p>Der Anbieter hat organisatorische, vertragliche und technische Sicherheitsmassnahmen getroffen, um sicher zu stellen, dass die Vorschriften der Datenschutzgesetze eingehalten werden und zuf\u00e4llige oder vors\u00e4tzliche Manipulationen, Verlust, Zerst\u00f6rung oder der Zugriff unberechtigter Personen verhindert wird.<\/p>\n<h3>Datenweiterleitung an Dritte<\/h3>\n<p>Die Daten der Nutzer werden nur dann an Dritte weiter geleitet, wenn dies gesetzlich erlaubt ist oder ein Nutzer in die Weiterleitung eingewilligt hat.<\/p>\n<p>Das ist zum Beispiel der Fall, wenn die Weiterleitung der Daten der Erf\u00fcllung vertraglicher Verpflichtungen gegen\u00fcber dem Nutzer dient und die Postadresse nach einer Shopbestellung an ein Speditionsunternehmen \u00fcbergeben wird. Oder falls die Daten von zust\u00e4ndigen Stellen wie Strafverfolgungsbeh\u00f6rden angefordert werden.<\/p>\n<p>Die personenbezogenen Daten der Nutzer werden keineswegs an Dritte zu Werbezwecken oder zwecks Erstellung von Nutzerprofilen verkauft oder weitergeleitet.<\/p>\n<h3>Cookies<\/h3>\n<p>Der Anbieter setzt im Rahmen seines Onlineangebotes \u201eCookies\u201c ein. Cookies sind kleine Dateien, die auf dem Computer der Nutzer abgelegt werden und Informationen f\u00fcr Anbieter speichern k\u00f6nnen.<\/p>\n<p>Tempor\u00e4re Cookies werden nach dem Schliessen des Browsers gel\u00f6scht, permanente Cookies bleiben f\u00fcr einen vorgegebenen Zeitraum erhalten und k\u00f6nnen beim erneuten Aufruf des Onlineangebotes die gespeicherten Informationen zur Verf\u00fcgung stellen.<\/p>\n<p>Cookies werden zum einen (Einen)eingesetzt, um die Nutzung des Dienstes zu erleichtern. So speichert ein Cookie den Warenkorbstatus eines Nutzers.<\/p>\n<p>Der Nutzer kann auf den Einsatz der Cookies Einfluss nehmen. Die meisten Browser verf\u00fcgen eine Option, mit der das Speichern von Cookies eingeschr\u00e4nkt oder komplett verhindert wird.<\/p>\n<p>Der Anbieter bem\u00fcht sich das Onlineangebot so zu gestalten, dass der Einsatz von Cookies nicht notwendig ist. Allerdings wird darauf hingewiesen, dass die Nutzung und insbesondere der Nutzungskomfort ohne Cookies eingeschr\u00e4nkt werden.<\/p>\n<h3>Informationsversand per Newsletter<\/h3>\n<p>E-Mails mit werblichen Informationen \u00fcber den Anbieter sowie dessen Leistungen werden nur mit einer ausdr\u00fccklichen Einwilligung der Nutzer versendet.<\/p>\n<p>Die Nutzer k\u00f6nnen dem Empfang der Newsletter jederzeit widersprechen. Eine Widerspruchsm\u00f6glichkeit findet sich u.a. in jeder E-Mail.<\/p>\n<p>Vor dem Versand des Newsletters geht dem E-Mail-Inhaber eine Best\u00e4tigungsemail zu, in welcher er die Newsletteranmeldung best\u00e4tigen muss. Nicht best\u00e4tigte Anmeldungen werden automatisch sp\u00e4testens innerhalb von vier Wochen gel\u00f6scht.<\/p>\n<p>Nicht zu werblichen Informationen geh\u00f6ren Nachrichten im Rahmen der Vertragsbeziehung mit dem Nutzer. Dazu geh\u00f6rt der Versand von technischen Informationen, Informationen zur Zahlungsabwicklung, R\u00fcckfragen zu Auftr\u00e4gen und vergleichbare Nachrichten.<\/p>\n<p>Die Nutzer k\u00f6nnen nachtr\u00e4glich die Austragung aus der Benachrichtigungsliste per E-Mail an die oben angegebenen Kontaktm\u00f6glichkeiten beantragen.<\/p>\n<p>Im Rahmen der Anmeldung speichert der Anbieter den Anmelde- sowie den Best\u00e4tigungszeitpunkt und die IP-Adresse des Nutzers. Der Anbieter ist gesetzlich verpflichtet die Anmeldungen zu protokollieren, um eine ordnungsgem\u00e4sse Anmeldung nachweisen zu k\u00f6nnen.<\/p>\n<h3>Google Analytics<\/h3>\n<p>Der Anbieter benutzt Google Analytics, einen Webanalysedienst der Google Inc. (\u201eGoogle\u201c). Google Analytics verwendet sog. \u201eCookies\u201c, Textdateien, die auf Computer der Nutzer gespeichert werden und die eine Analyse der Benutzung der Website durch Sie erm\u00f6glichen.<\/p>\n<p>Die durch den Cookie erzeugten Informationen \u00fcber Benutzung dieser Website durch die Nutzer werden in der Regel an einen Server von Google in den USA \u00fcbertragen und dort gespeichert.<\/p>\n<p>Im Falle der Aktivierung der IP-Anonymisierung auf dieser Webseite (entweder immer Website oder Webseite), wird die IP-Adresse der Nutzer von Google jedoch innerhalb von Mitgliedstaaten der Europ\u00e4ischen Union oder in anderen Vertragsstaaten des Abkommens \u00fcber den Europ\u00e4ischen Wirtschaftsraum zuvor gek\u00fcrzt.<\/p>\n<p>Nur in Ausnahmef\u00e4llen wird die volle IP-Adresse an einen Server von Google in den USA \u00fcbertragen und dort gek\u00fcrzt. Im Auftrag des Betreibers dieser Website (entweder immer Website oder Webseite) wird Google diese Informationen benutzen, um die Nutzung der Website durch die Nutzer auszuwerten, um Reports \u00fcber die Websiteaktivit\u00e4ten zusammenzustellen und um weitere mit der Websitenutzung und der Internetnutzung verbundene Dienstleistungen gegen\u00fcber dem Websitebetreiber zu erbringen.<\/p>\n<p>Die im Rahmen von Google Analytics von Ihrem Browser \u00fcbermittelte IP-Adresse wird nicht mit anderen Daten von Google zusammengef\u00fchrt. Die Nutzer k\u00f6nnen die Speicherung der Cookies durch eine entsprechende Einstellung Ihrer Browser-Software verhindern; Der Anbieter weist die Nutzer jedoch darauf hin, dass Sie in diesem Fall gegebenenfalls nicht s\u00e4mtliche Funktionen dieser Website vollumf\u00e4nglich werden nutzen k\u00f6nnen.<\/p>\n<p>Die Nutzer k\u00f6nnen dar\u00fcber hinaus die Erfassung der durch das Cookie erzeugten und auf ihre Nutzung der Website bezogenen Daten (inkl. Ihrer IP-Adresse) an Google sowie die Verarbeitung dieser Daten durch Google verhindern, indem sie das unter dem folgenden Link verf\u00fcgbare Browser-Plugin herunterladen und installieren: <a href=\"https:\/\/tools.google.com\/dlpage\/gaoptout?hl=de\" target=\"_blank\" rel=\"noopener\">https:\/\/tools.google.com\/dlpage\/gaoptout?hl=de<\/a>.<\/p>\n<h3>Verwendung von Facebook Social Plugins<\/h3>\n<p>Auf diesem Onlineangebot werden Social Plugins (\u201cPlugins\u201d) des sozialen Netzwerkes facebook.com verwendet, welches von der Facebook Inc., 1601 S. California Ave, Palo Alto, CA 94304, USA betrieben wird (\u201cFacebook\u201d).<\/p>\n<p>Die Plugins sind an einem der Facebook oder Instagram Logos erkennbar oder sind mit dem Zusatz \u201cFacebook Social Plugin\u201d gekennzeichnet. Die Liste und das Aussehen der Facebook Social Plugins kann hier eingesehen werden: <a href=\"https:\/\/developers.facebook.com\/docs\/plugins\/\" target=\"_blank\" rel=\"noopener\">https:\/\/developers.facebook.com\/docs\/plugins\/<\/a>.<\/p>\n<p>Wenn ein Nutzer eine Webseite dieses Onlineangebotes aufruft, die ein solches Plugin enth\u00e4lt, baut sein Browser eine direkte Verbindung mit den Servern von Facebook auf. Der Inhalt des Plugins wird von Facebook direkt an den Browser des Nutzers \u00fcbermittelt und von dem Browser in die Webseite eingebunden.<\/p>\n<p>Der Anbieter hat daher keinen Einfluss auf den Umfang der Daten, die Facebook mit Hilfe dieses Plugins erhebt und informiert die Nutzer daher entsprechend ihrem Kenntnisstand: Durch die Einbindung der Plugins erh\u00e4lt Facebook die Information, dass ein Nutzer die entsprechende Seite des Onlineangebots aufgerufen hat.<\/p>\n<p>Ist der Nutzer bei Facebook und\/oder Instagram eingeloggt, kann Facebook den Besuch seinem Facebook- oder Instagram-Konto zuordnen. Wenn ein Nutzer mit den Plugins interagieren (interagiert), zum Beispiel den Like Button bet\u00e4tigen (bet\u00e4tigt) oder einen Kommentar abgeben (abgibt), wird die entsprechende Information von Ihrem (seinem)Browser direkt an Facebook \u00fcbermittelt und dort gespeichert. Falls ein Nutzer kein Mitglied von Facebook und\/oder Instagram ist, besteht trotzdem die M\u00f6glichkeit, dass Facebook seine IP-Adresse in Erfahrung bringt und speichert. Laut Facebook wird nur eine anonymisierte IP-Adresse gespeichert.<\/p>\n<p>Zweck und Umfang der Datenerhebung und die weitere Verarbeitung und Nutzung der Daten durch Facebook sowie die diesbez\u00fcglichen Rechte und Einstellungsm\u00f6glichkeiten zum Schutz der Privatsph\u00e4re der Nutzer , k\u00f6nnen diese den Datenschutzhinweisen von Facebook entnehmen: <a href=\"https:\/\/www.facebook.com\/about\/privacy\/\" target=\"_blank\" rel=\"noopener\">https:\/\/www.facebook.com\/about\/privacy\/<\/a>.<\/p>\n<p>Wenn ein Nutzer Facebook- oder Instagram-Mitglied ist und nicht m\u00f6chte, dass Facebook \u00fcber dieses Onlineangebot Daten \u00fcber ihn sammelt und mit seinen bei Facebook gespeicherten Mitgliedsdaten verkn\u00fcpft, muss er sich vor dem Besuch des Internetauftritts bei Facebook und Instagram ausloggen und entsprechende Cookies l\u00f6schen.<\/p>\n<p>Ebenfalls ist es m\u00f6glich Facebook-Social-Plugins mit Add-ons f\u00fcr den Browser zu blocken, zum Beispiel mit dem \u201cFacebook Blocker\u201d.<\/p>\n<h3>Facebook Pixel<\/h3>\n<p>Unsere Website nutzt zur Konversionsmessung das Besucheraktions-Pixel von Facebook, Facebook Inc., 1601 S. California Ave, Palo Alto, CA 94304, USA (\u201cFacebook\u201d).<\/p>\n<p>So kann das Verhalten der Seitenbesucher nachverfolgt werden, nachdem diese durch Klick auf eine Facebook-Werbeanzeige auf die Website des Anbieters weitergeleitet wurden. Dadurch k\u00f6nnen die Wirksamkeit der Facebook-Werbeanzeigen f\u00fcr statistische und Marktforschungszwecke ausgewertet werden und zuk\u00fcnftige Werbemassnahmen optimiert werden.<\/p>\n<p>Die erhobenen Daten sind f\u00fcr uns als Betreiber dieser Website anonym, wir k\u00f6nnen keine R\u00fcckschl\u00fcsse auf die Identit\u00e4t der Nutzer ziehen. Die Daten werden aber von Facebook gespeichert und verarbeitet, sodass eine Verbindung zum jeweiligen Nutzerprofil m\u00f6glich ist und Facebook die Daten f\u00fcr eigene Werbezwecke, entsprechend der Facebook-Datenverwendungsrichtlinie verwenden kann. Dadurch kann Facebook das Schalten von Werbeanzeigen auf Seiten von Facebook sowie ausserhalb von Facebook erm\u00f6glichen.<\/p>\n<p>Diese Verwendung der Daten kann von uns als Seitenbetreiber nicht beeinflusst werden.<\/p>\n<p>In den Datenschutzhinweisen von Facebook finden Sie weitere Hinweise zum Schutz Ihrer Privatsph\u00e4re:\u00a0<a href=\"https:\/\/www.facebook.com\/about\/privacy\" target=\"_blank\" rel=\"noopener\">https:\/\/www.facebook.com\/about\/privacy<\/a>.<\/p>\n<p>Sie k\u00f6nnen ausserdem die Remarketing-Funktion \u201cCustom Audiences\u201d im Bereich Einstellungen f\u00fcr Werbeanzeigen unter\u00a0<a href=\"https:\/\/www.facebook.com\/ads\/preferences\/?entry_product=ad_settings_screen\u00a0deaktivieren\" target=\"_blank\" rel=\"noopener\">https:\/\/www.facebook.com\/ads\/preferences\/?entry_product=ad_settings_screen\u00a0deaktivieren<\/a>. Dazu m\u00fcssen Sie bei Facebook angemeldet sein.<\/p>\n<p>Wenn Sie kein Facebook Konto besitzen, k\u00f6nnen Sie nutzungsbasierte Werbung von Facebook auf der Website der European Interactive Digital Advertising Alliance deaktivieren:\u00a0<a href=\"https:\/\/www.youronlinechoices.com\/\" target=\"_blank\" rel=\"noopener\">https:\/\/www.youronlinechoices.com\/<\/a>.<\/p>\n<h3>Widerruf, \u00c4nderungen, Berichtigungen und Aktualisierungen<\/h3>\n<p>Der Nutzer hat das Recht, auf Antrag unentgeltlich Auskunft zu erhalten \u00fcber die personenbezogenen Daten, die vom Anbieter \u00fcber ihn gespeichert wurden. Kontaktdaten finden sich im Impressum des Anbieters.<\/p>\n<p>Zus\u00e4tzlich hat der Nutzer das Recht auf Berichtigung unrichtiger Daten, Sperrung und L\u00f6schung seiner personenbezogenen Daten, soweit keine gesetzliche Aufbewahrungspflicht entgegensteht.<\/p>\n<h3>\u00c4nderungen der Datenschutzerkl\u00e4rung<\/h3>\n<p>Der Anbieter beh\u00e4lt sich vor, die Datenschutzerkl\u00e4rung zu \u00e4ndern, um sie an ge\u00e4nderte Rechtslage oder bei \u00c4nderungen des Dienstes sowie der Datenverarbeitung anzupassen.<\/p>\n<p>&nbsp;<\/p>\n<p>Payerne, Januar 2022.<\/p>\n","protected":false},"excerpt":{"rendered":"<p>Datenschutzerkl\u00e4rung - CriolloQuetzal &nbsp; Diese Datenschutzerkl\u00e4rung kl\u00e4rt \u00fcber die Art, den Umfang und Zwecke der Erhebung und Verwendung von Daten der Besucher und Nutzer (nachfolgend zusammenfassend bezeichnet als \u201eNutzer\u201c) durch: CriolloQuetzal GmbH Rue des Cerisiers 10 1530 Payerne (nachfolgend \u201eAnbieter\u201c) als datenschutzrechtlich verantwortliche Stelle auf. Bei Fragen zum Datenschutz erreichen Sie uns per E-Mail unter [&hellip;]<\/p>\n","protected":false},"author":2,"featured_media":1264,"parent":0,"menu_order":87,"comment_status":"closed","ping_status":"open","template":"","meta":{"_acf_changed":false,"inline_featured_image":false,"footnotes":""},"class_list":["post-961","page","type-page","status-publish","has-post-thumbnail","hentry"],"acf":[],"_links":{"self":[{"href":"https:\/\/criolloquetzal.ch\/de\/wp-json\/wp\/v2\/pages\/961","targetHints":{"allow":["GET"]}}],"collection":[{"href":"https:\/\/criolloquetzal.ch\/de\/wp-json\/wp\/v2\/pages"}],"about":[{"href":"https:\/\/criolloquetzal.ch\/de\/wp-json\/wp\/v2\/types\/page"}],"author":[{"embeddable":true,"href":"https:\/\/criolloquetzal.ch\/de\/wp-json\/wp\/v2\/users\/2"}],"replies":[{"embeddable":true,"href":"https:\/\/criolloquetzal.ch\/de\/wp-json\/wp\/v2\/comments?post=961"}],"version-history":[{"count":0,"href":"https:\/\/criolloquetzal.ch\/de\/wp-json\/wp\/v2\/pages\/961\/revisions"}],"wp:featuredmedia":[{"embeddable":true,"href":"https:\/\/criolloquetzal.ch\/de\/wp-json\/wp\/v2\/media\/1264"}],"wp:attachment":[{"href":"https:\/\/criolloquetzal.ch\/de\/wp-json\/wp\/v2\/media?parent=961"}],"curies":[{"name":"wp","href":"https:\/\/api.w.org\/{rel}","templated":true}]}}