{"id":2815,"date":"2022-04-29T13:56:14","date_gmt":"2022-04-29T11:56:14","guid":{"rendered":"https:\/\/criolloquetzal.ch\/boutique\/siamaya-chocolat-noir-60-aux-cacahuetes-et-curry\/"},"modified":"2026-04-23T02:02:04","modified_gmt":"2026-04-23T00:02:04","slug":"siamaya-dunkle-schokolade-60-mit-erdnuessen-und-curry","status":"publish","type":"product","link":"https:\/\/criolloquetzal.ch\/de\/produit\/siamaya-dunkle-schokolade-60-mit-erdnuessen-und-curry\/","title":{"rendered":"Siamaya - Dunkle Schokolade 60% mit Erdn\u00fcssen und Curry - THAILAND"},"content":{"rendered":"<p>Diese Siamaya - Dunkle Schokolade 60% mit Erdn\u00fcssen und Curry auf Erdnussbasis ist von dem wunderbaren thail\u00e4ndischen Currygericht Gaeng Masaman inspiriert. Die warmen Noten des Masaman-Currys werden durch knackige Erdnussst\u00fcckchen fein ausbalanciert, w\u00e4hrend kandierte Ingwerst\u00fccke den Geschmack unterstreichen.<\/p>\n","protected":false},"excerpt":{"rendered":"<p>Diese Siamaya - Dunkle Schokolade 60% mit Erdn\u00fcssen und Curry auf Erdnussbasis ist von dem wunderbaren thail\u00e4ndischen Currygericht Gaeng Masaman inspiriert. Die warmen Noten des Masaman-Currys werden durch knackige Erdnussst\u00fcckchen fein ausbalanciert, w\u00e4hrend kandierte Ingwerst\u00fccke den Geschmack unterstreichen.<\/p>\n","protected":false},"featured_media":1527,"template":"","meta":{"_acf_changed":false,"inline_featured_image":false},"product_brand":[],"product_cat":[395,131],"product_tag":[],"class_list":{"0":"post-2815","1":"product","2":"type-product","3":"status-publish","4":"has-post-thumbnail","6":"product_cat-thailand-de","7":"product_cat-asien-pazifik","9":"first","10":"instock","11":"taxable","12":"shipping-taxable","13":"purchasable","14":"product-type-simple"},"bundled_by":[],"bundle_stock_status":"instock","bundle_stock_quantity":14,"bundle_virtual":false,"bundle_layout":"","bundle_add_to_cart_form_location":"","bundle_editable_in_cart":false,"bundle_sold_individually_context":"","bundle_item_grouping":"","bundle_min_size":"","bundle_max_size":"","bundle_price":[],"bundled_items":[],"bundle_sell_ids":[],"acf":{"ingredients":"\u200bKakaomasse\u00a0(48% Thailand), brauner Rohrzucker,\u00a0<strong data-verified=\"redactor\" data-redactor-tag=\"strong\">\u200bErdn\u00fcsse,\u00a0<\/strong>getrockneter Ingwer, Kakaobutter, Gew\u00fcrze","energie":474,"graisse":32,"graisse_saturee":5,"glucides":53,"sucre":34,"fibre":"18","proteines":11,"sel":0.01},"_links":{"self":[{"href":"https:\/\/criolloquetzal.ch\/de\/wp-json\/wp\/v2\/product\/2815","targetHints":{"allow":["GET"]}}],"collection":[{"href":"https:\/\/criolloquetzal.ch\/de\/wp-json\/wp\/v2\/product"}],"about":[{"href":"https:\/\/criolloquetzal.ch\/de\/wp-json\/wp\/v2\/types\/product"}],"wp:featuredmedia":[{"embeddable":true,"href":"https:\/\/criolloquetzal.ch\/de\/wp-json\/wp\/v2\/media\/1527"}],"wp:attachment":[{"href":"https:\/\/criolloquetzal.ch\/de\/wp-json\/wp\/v2\/media?parent=2815"}],"wp:term":[{"taxonomy":"product_brand","embeddable":true,"href":"https:\/\/criolloquetzal.ch\/de\/wp-json\/wp\/v2\/product_brand?post=2815"},{"taxonomy":"product_cat","embeddable":true,"href":"https:\/\/criolloquetzal.ch\/de\/wp-json\/wp\/v2\/product_cat?post=2815"},{"taxonomy":"product_tag","embeddable":true,"href":"https:\/\/criolloquetzal.ch\/de\/wp-json\/wp\/v2\/product_tag?post=2815"}],"curies":[{"name":"wp","href":"https:\/\/api.w.org\/{rel}","templated":true}]}}