{"id":2820,"date":"2022-04-29T13:59:53","date_gmt":"2022-04-29T11:59:53","guid":{"rendered":"https:\/\/criolloquetzal.ch\/boutique\/siamaya-chocolat-noir-70-a-la-mangue-et-au-piment\/"},"modified":"2026-04-12T12:02:07","modified_gmt":"2026-04-12T10:02:07","slug":"siamaya-dunkle-schokolade-70-mit-mango-und-chili","status":"publish","type":"product","link":"https:\/\/criolloquetzal.ch\/de\/produit\/siamaya-dunkle-schokolade-70-mit-mango-und-chili\/","title":{"rendered":"Siamaya - Dunkle Schokolade 70% mit Mango und Chili - THAILAND"},"content":{"rendered":"<p>In Thailand ist immer Mango-Saison! Um dieser wunderbaren Frucht alle Ehre zu erweisen, wurde die Siamaya - Dunkle Schokolade 70% mit Mango und Chili kreiert. Sie werden zuerst den Geschmack des Kakaos sowie die fruchtigen und s\u00fcssen St\u00fcckchen der Bio-Mango wahrnehmen, w\u00e4hrend die Chilischote in den Hintergrund tritt. Diese Schokolade wird Sie auf eine Reise zu einem thail\u00e4ndischen Markt mitnehmen.<\/p>\n<p><strong>Achtung<\/strong>: Diese Schokolade ist sehr scharf!<\/p>\n","protected":false},"excerpt":{"rendered":"<p>In Thailand ist immer Mango-Saison! Um dieser wunderbaren Frucht alle Ehre zu erweisen, wurde die Siamaya - Dunkle Schokolade 70% mit Mango und Chili kreiert. Sie werden zuerst den Geschmack des Kakaos sowie die fruchtigen und s\u00fcssen St\u00fcckchen der Bio-Mango wahrnehmen, w\u00e4hrend die Chilischote in den Hintergrund tritt. Diese Schokolade wird Sie auf eine Reise zu einem thail\u00e4ndischen Markt mitnehmen. Achtung: Diese Schokolade ist sehr scharf!<\/p>\n","protected":false},"featured_media":1491,"template":"","meta":{"_acf_changed":false,"inline_featured_image":false},"product_brand":[],"product_cat":[395,131],"product_tag":[],"class_list":{"0":"post-2820","1":"product","2":"type-product","3":"status-publish","4":"has-post-thumbnail","6":"product_cat-thailand-de","7":"product_cat-asien-pazifik","9":"first","10":"outofstock","11":"taxable","12":"shipping-taxable","13":"purchasable","14":"product-type-simple"},"bundled_by":[],"bundle_stock_status":"outofstock","bundle_stock_quantity":0,"bundle_virtual":false,"bundle_layout":"","bundle_add_to_cart_form_location":"","bundle_editable_in_cart":false,"bundle_sold_individually_context":"","bundle_item_grouping":"","bundle_min_size":"","bundle_max_size":"","bundle_price":[],"bundled_items":[],"bundle_sell_ids":[],"acf":{"ingredients":"\u200bKakaomasse\u00a0(61%, Thailand), brauner Rohrzucker, getrocknete Mango, Kakaobutter, wilder Thai-Chili, Gew\u00fcrze","energie":447,"graisse":32,"graisse_saturee":5,"glucides":53,"sucre":32,"fibre":"18","proteines":11,"sel":0},"_links":{"self":[{"href":"https:\/\/criolloquetzal.ch\/de\/wp-json\/wp\/v2\/product\/2820","targetHints":{"allow":["GET"]}}],"collection":[{"href":"https:\/\/criolloquetzal.ch\/de\/wp-json\/wp\/v2\/product"}],"about":[{"href":"https:\/\/criolloquetzal.ch\/de\/wp-json\/wp\/v2\/types\/product"}],"wp:featuredmedia":[{"embeddable":true,"href":"https:\/\/criolloquetzal.ch\/de\/wp-json\/wp\/v2\/media\/1491"}],"wp:attachment":[{"href":"https:\/\/criolloquetzal.ch\/de\/wp-json\/wp\/v2\/media?parent=2820"}],"wp:term":[{"taxonomy":"product_brand","embeddable":true,"href":"https:\/\/criolloquetzal.ch\/de\/wp-json\/wp\/v2\/product_brand?post=2820"},{"taxonomy":"product_cat","embeddable":true,"href":"https:\/\/criolloquetzal.ch\/de\/wp-json\/wp\/v2\/product_cat?post=2820"},{"taxonomy":"product_tag","embeddable":true,"href":"https:\/\/criolloquetzal.ch\/de\/wp-json\/wp\/v2\/product_tag?post=2820"}],"curies":[{"name":"wp","href":"https:\/\/api.w.org\/{rel}","templated":true}]}}