{"id":2834,"date":"2022-04-29T13:56:14","date_gmt":"2022-04-29T11:56:14","guid":{"rendered":"https:\/\/criolloquetzal.ch\/boutique\/siamaya-chocolat-noir-65-au-curry-thai-a-la-noix-de-coco\/"},"modified":"2026-04-12T05:54:17","modified_gmt":"2026-04-12T03:54:17","slug":"siamaya-dunkle-schokolade-65-mit-thai-kokosnuss-curry","status":"publish","type":"product","link":"https:\/\/criolloquetzal.ch\/de\/produit\/siamaya-dunkle-schokolade-65-mit-thai-kokosnuss-curry\/","title":{"rendered":"Siamaya - Dunkle Schokolade 65% mit Thai-Kokosnuss-Curry - THAILAND"},"content":{"rendered":"<p>Die Chocolatiers von Siamaya haben sich auf unbekanntes Terrain gewagt, um diese herrlich \u00fcberraschende Siamaya - Dunkle Schokolade 65% mit Thai-Kokosnuss-Curry zu kreieren, eine v\u00f6llig neue und schmackhafte Verbindung von thail\u00e4ndischer Gastronomie und Gourmetschokolade! Inspiriert von der Tom-Kha-Suppe verbindet sich diese geschmackvolle Schokolade auf Kokosnussbasis perfekt mit den reichhaltigen Zutaten aus Chiang Mai wie Galgant, Zitronengras und getrockneten Tomaten.<\/p>\n","protected":false},"excerpt":{"rendered":"<p>Die Chocolatiers von Siamaya haben sich auf unbekanntes Terrain gewagt, um diese herrlich \u00fcberraschende Siamaya - Dunkle Schokolade 65% mit Thai-Kokosnuss-Curry zu kreieren, eine v\u00f6llig neue und schmackhafte Verbindung von thail\u00e4ndischer Gastronomie und Gourmetschokolade! Inspiriert von der Tom-Kha-Suppe verbindet sich diese geschmackvolle Schokolade auf Kokosnussbasis perfekt mit den reichhaltigen Zutaten aus Chiang Mai wie Galgant, Zitronengras und getrockneten Tomaten.<\/p>\n","protected":false},"featured_media":1515,"template":"","meta":{"_acf_changed":false,"inline_featured_image":false},"product_brand":[],"product_cat":[395,131],"product_tag":[],"class_list":{"0":"post-2834","1":"product","2":"type-product","3":"status-publish","4":"has-post-thumbnail","6":"product_cat-thailand-de","7":"product_cat-asien-pazifik","9":"first","10":"instock","11":"taxable","12":"shipping-taxable","13":"purchasable","14":"product-type-simple"},"bundled_by":[],"bundle_stock_status":"instock","bundle_stock_quantity":13,"bundle_virtual":false,"bundle_layout":"","bundle_add_to_cart_form_location":"","bundle_editable_in_cart":false,"bundle_sold_individually_context":"","bundle_item_grouping":"","bundle_min_size":"","bundle_max_size":"","bundle_price":[],"bundled_items":[],"bundle_sell_ids":[],"acf":{"ingredients":"\u200bKakaomasse\u00a0(50% Thailand), brauner Rohrzucker, getrocknete Tomaten,\u00a0<strong data-verified=\"redactor\" data-redactor-tag=\"strong\">\u200bger\u00f6stete Kokosflocken, Kokosmilchpulver,\u00a0<\/strong><span class=\"redactor-invisible-space\" data-verified=\"redactor\" data-redactor-tag=\"span\" data-redactor-class=\"redactor-invisible-space\">\u200b<\/span>Kakaobutter, Gew\u00fcrze, Sonnenblumenlecithin","energie":474,"graisse":34,"graisse_saturee":16,"glucides":50,"sucre":26,"fibre":"18","proteines":11,"sel":0.01},"_links":{"self":[{"href":"https:\/\/criolloquetzal.ch\/de\/wp-json\/wp\/v2\/product\/2834","targetHints":{"allow":["GET"]}}],"collection":[{"href":"https:\/\/criolloquetzal.ch\/de\/wp-json\/wp\/v2\/product"}],"about":[{"href":"https:\/\/criolloquetzal.ch\/de\/wp-json\/wp\/v2\/types\/product"}],"wp:featuredmedia":[{"embeddable":true,"href":"https:\/\/criolloquetzal.ch\/de\/wp-json\/wp\/v2\/media\/1515"}],"wp:attachment":[{"href":"https:\/\/criolloquetzal.ch\/de\/wp-json\/wp\/v2\/media?parent=2834"}],"wp:term":[{"taxonomy":"product_brand","embeddable":true,"href":"https:\/\/criolloquetzal.ch\/de\/wp-json\/wp\/v2\/product_brand?post=2834"},{"taxonomy":"product_cat","embeddable":true,"href":"https:\/\/criolloquetzal.ch\/de\/wp-json\/wp\/v2\/product_cat?post=2834"},{"taxonomy":"product_tag","embeddable":true,"href":"https:\/\/criolloquetzal.ch\/de\/wp-json\/wp\/v2\/product_tag?post=2834"}],"curies":[{"name":"wp","href":"https:\/\/api.w.org\/{rel}","templated":true}]}}