{"id":2838,"date":"2022-04-29T13:56:12","date_gmt":"2022-04-29T11:56:12","guid":{"rendered":"https:\/\/criolloquetzal.ch\/boutique\/criolloquetzal-carte-cadeau\/"},"modified":"2026-04-23T10:01:02","modified_gmt":"2026-04-23T08:01:02","slug":"geschenkkarte","status":"publish","type":"product","link":"https:\/\/criolloquetzal.ch\/de\/produit\/geschenkkarte\/","title":{"rendered":"CriolloQuetzal - Geschenkkarte"},"content":{"rendered":"<p>&nbsp;<\/p>\n<p>Verschenken Sie k\u00f6stliche Schokolade mit der CriolloQuetzal Geschenkkarte!<\/p>\n<p>W\u00e4hlen Sie den gew\u00fcnschten Betrag, schreiben Sie eine Nachricht und gehen Sie zur Kasse. Wir senden den Geschenkgutschein (g\u00fcltig f\u00fcr 5 Jahre ab Kaufdatum) per E-Mail an den Empf\u00e4nger, an dem von Ihnen gew\u00e4hlten Datum.<\/p>\n<p>Noch nie war es so einfach, jemandem auf verantwortungsvolle und nachhaltige Weise Freude zu bereiten!<\/p>\n<p>&nbsp;<\/p>\n","protected":false},"excerpt":{"rendered":"<p>Verschenken Sie k\u00f6stliche Schokolade mit der CriolloQuetzal Geschenkkarte!<\/p>\n<p>W\u00e4hlen Sie den gew\u00fcnschten Betrag, schreiben Sie eine Nachricht und gehen Sie zur Kasse. Wir senden den Geschenkgutschein (g\u00fcltig f\u00fcr 5 Jahre ab Kaufdatum) per E-Mail an den Empf\u00e4nger, an dem von Ihnen gew\u00e4hlten Datum.<\/p>\n<p>Noch nie war es so einfach, jemandem auf verantwortungsvolle und nachhaltige Weise Freude zu bereiten!<\/p>\n","protected":false},"featured_media":7223,"template":"","meta":{"_acf_changed":false,"inline_featured_image":false},"product_brand":[],"product_cat":[845],"product_tag":[],"class_list":{"0":"post-2838","1":"product","2":"type-product","3":"status-publish","4":"has-post-thumbnail","6":"product_cat-geschenkkarte","8":"first","9":"instock","10":"purchasable","11":"product-type-variable"},"bundled_by":[],"bundle_stock_status":"instock","bundle_stock_quantity":null,"bundle_virtual":false,"bundle_layout":"","bundle_add_to_cart_form_location":"","bundle_editable_in_cart":false,"bundle_sold_individually_context":"","bundle_item_grouping":"","bundle_min_size":"","bundle_max_size":"","bundle_price":[],"bundled_items":[],"bundle_sell_ids":[],"acf":{"ingredients":"","energie":0,"graisse":0,"graisse_saturee":0,"glucides":0,"sucre":0,"fibre":"0","proteines":0,"sel":0},"_links":{"self":[{"href":"https:\/\/criolloquetzal.ch\/de\/wp-json\/wp\/v2\/product\/2838","targetHints":{"allow":["GET"]}}],"collection":[{"href":"https:\/\/criolloquetzal.ch\/de\/wp-json\/wp\/v2\/product"}],"about":[{"href":"https:\/\/criolloquetzal.ch\/de\/wp-json\/wp\/v2\/types\/product"}],"wp:featuredmedia":[{"embeddable":true,"href":"https:\/\/criolloquetzal.ch\/de\/wp-json\/wp\/v2\/media\/7223"}],"wp:attachment":[{"href":"https:\/\/criolloquetzal.ch\/de\/wp-json\/wp\/v2\/media?parent=2838"}],"wp:term":[{"taxonomy":"product_brand","embeddable":true,"href":"https:\/\/criolloquetzal.ch\/de\/wp-json\/wp\/v2\/product_brand?post=2838"},{"taxonomy":"product_cat","embeddable":true,"href":"https:\/\/criolloquetzal.ch\/de\/wp-json\/wp\/v2\/product_cat?post=2838"},{"taxonomy":"product_tag","embeddable":true,"href":"https:\/\/criolloquetzal.ch\/de\/wp-json\/wp\/v2\/product_tag?post=2838"}],"curies":[{"name":"wp","href":"https:\/\/api.w.org\/{rel}","templated":true}]}}