{"id":2841,"date":"2022-05-21T16:48:39","date_gmt":"2022-05-21T14:48:39","guid":{"rendered":"https:\/\/criolloquetzal.ch\/boutique\/cardenas-chocolat-noir-72-tierra-hermosa-au-cafe-jipijapa\/"},"modified":"2026-04-29T21:00:57","modified_gmt":"2026-04-29T19:00:57","slug":"cardenas-dunkle-schokolade-72-tierra-hermosa-mit-jipijapa-kaffee","status":"publish","type":"product","link":"https:\/\/criolloquetzal.ch\/de\/produit\/cardenas-dunkle-schokolade-72-tierra-hermosa-mit-jipijapa-kaffee\/","title":{"rendered":"C\u00e1rdenas - Dunkle Schokolade 72% Tierra Hermosa mit Jipijapa Kaffee - ECUADOR"},"content":{"rendered":"<p>Tierra Hermosa 72% mit Jipijapa-Kaffee wurde 2020 mit einem Preis der London Academy of Chocolate ausgezeichnet. Mit dieser tiefen, opulenten und eleganten Tafel m\u00f6chte Cardenas Chocolate die Bedeutung des Erbes in Bezug auf Kakao und Kaffee, zwei emblematische Produkte Ecuadors, hervorheben. Seit mindestens f\u00fcnf Jahrhunderten wird in Manab\u00ed Kakao und seit 1850 in Jipijapa, Manab\u00ed, Spezialit\u00e4tenkaffee geerntet. Diese zarte Schokoladentafel bringt die blumigen, fruchtigen, nussigen und karamelligen Nuancen des herkunftsreinen Nacional-Kakaos aus Manab\u00ed zur Geltung.<\/p>\n<p><strong>Wichtig<\/strong>: Nacional-Kakao ist eine delikate Zutat, die nicht sehr lange haltbar ist. Nach dem \u00d6ffnen der Tafel sollte sie innerhalb von 24 Stunden verzehrt werden.<\/p>\n","protected":false},"excerpt":{"rendered":"<p>Tierra Hermosa 72% mit Jipijapa-Kaffee wurde 2020 mit einem Preis der London Academy of Chocolate ausgezeichnet. Mit dieser tiefen, opulenten und eleganten Tafel m\u00f6chte Cardenas Chocolate die Bedeutung des Erbes in Bezug auf Kakao und Kaffee, zwei emblematische Produkte Ecuadors, hervorheben. Seit mindestens f\u00fcnf Jahrhunderten wird in Manab\u00ed Kakao und seit 1850 in Jipijapa, Manab\u00ed, Spezialit\u00e4tenkaffee geerntet. Diese zarte Schokoladentafel bringt die blumigen, fruchtigen, nussigen und karamelligen Nuancen des herkunftsreinen Nacional-Kakaos aus Manab\u00ed zur Geltung. Wichtig: Nacional-Kakao ist eine delikate Zutat, die nicht sehr lange haltbar ist. Nach dem \u00d6ffnen der Tafel sollte sie innerhalb von 24 Stunden verzehrt werden.<\/p>\n","protected":false},"featured_media":1637,"template":"","meta":{"_acf_changed":false,"inline_featured_image":false},"product_brand":[],"product_cat":[130,125],"product_tag":[],"class_list":{"0":"post-2841","1":"product","2":"type-product","3":"status-publish","4":"has-post-thumbnail","6":"product_cat-ecuador","7":"product_cat-suedamerika","9":"first","10":"instock","11":"taxable","12":"shipping-taxable","13":"purchasable","14":"product-type-simple"},"bundled_by":["7039"],"bundle_stock_status":"instock","bundle_stock_quantity":11,"bundle_virtual":false,"bundle_layout":"","bundle_add_to_cart_form_location":"","bundle_editable_in_cart":false,"bundle_sold_individually_context":"","bundle_item_grouping":"","bundle_min_size":"","bundle_max_size":"","bundle_price":[],"bundled_items":[],"bundle_sell_ids":[],"acf":{"ingredients":"\u200bKakaomasse (72% Ecuador), Rohrzucker, Kaffee","energie":574,"graisse":39.2,"graisse_saturee":25.3,"glucides":46.1,"sucre":28.1,"fibre":"10.2","proteines":9.8,"sel":0},"_links":{"self":[{"href":"https:\/\/criolloquetzal.ch\/de\/wp-json\/wp\/v2\/product\/2841","targetHints":{"allow":["GET"]}}],"collection":[{"href":"https:\/\/criolloquetzal.ch\/de\/wp-json\/wp\/v2\/product"}],"about":[{"href":"https:\/\/criolloquetzal.ch\/de\/wp-json\/wp\/v2\/types\/product"}],"wp:featuredmedia":[{"embeddable":true,"href":"https:\/\/criolloquetzal.ch\/de\/wp-json\/wp\/v2\/media\/1637"}],"wp:attachment":[{"href":"https:\/\/criolloquetzal.ch\/de\/wp-json\/wp\/v2\/media?parent=2841"}],"wp:term":[{"taxonomy":"product_brand","embeddable":true,"href":"https:\/\/criolloquetzal.ch\/de\/wp-json\/wp\/v2\/product_brand?post=2841"},{"taxonomy":"product_cat","embeddable":true,"href":"https:\/\/criolloquetzal.ch\/de\/wp-json\/wp\/v2\/product_cat?post=2841"},{"taxonomy":"product_tag","embeddable":true,"href":"https:\/\/criolloquetzal.ch\/de\/wp-json\/wp\/v2\/product_tag?post=2841"}],"curies":[{"name":"wp","href":"https:\/\/api.w.org\/{rel}","templated":true}]}}