{"id":2853,"date":"2022-07-10T12:01:20","date_gmt":"2022-07-10T10:01:20","guid":{"rendered":"https:\/\/criolloquetzal.ch\/boutique\/tbros-chocolat-noir-70-tien-giang-vietnam\/"},"modified":"2026-04-29T21:00:55","modified_gmt":"2026-04-29T19:00:55","slug":"tbros-dunkle-schokolade-70-tien-giang","status":"publish","type":"product","link":"https:\/\/criolloquetzal.ch\/de\/produit\/tbros-dunkle-schokolade-70-tien-giang\/","title":{"rendered":"TBros - Dunkle Schokolade 70% Tien Giang - VIETNAM"},"content":{"rendered":"<p>Diese dunkle 70%ige Schokolade wird aus Kakaobohnen hergestellt, die in Tien Giang, Vietnam, gewonnen werden. Ihr Geschmacksprofil beginnt mit einer erfrischenden und milden S\u00e4ure, die in eine reiche Schokoladenpaste \u00fcbergeht. Die Tbros-Schokolade hat ein unverwechselbar cremiges Mundgef\u00fchl, das sie unglaublich luxuri\u00f6s und genussvoll erscheinen l\u00e4sst.<\/p>\n<p>Das einzigartige Verpackungspapier wird von Hand aus Nipapalmen hergestellt und ist erstaunlicherweise genauso lange haltbar wie die Schokolade darin!<\/p>\n","protected":false},"excerpt":{"rendered":"<p>Diese dunkle 70%ige Schokolade wird aus Kakaobohnen hergestellt, die in Tien Giang, Vietnam, gewonnen werden. Ihr Geschmacksprofil beginnt mit einer erfrischenden und milden S\u00e4ure, die in eine reiche Schokoladenpaste \u00fcbergeht. Die Tbros-Schokolade hat ein unverwechselbar cremiges Mundgef\u00fchl, das sie unglaublich luxuri\u00f6s und genussvoll erscheinen l\u00e4sst. Das einzigartige Verpackungspapier wird von Hand aus Nipapalmen hergestellt und ist erstaunlicherweise genauso lange haltbar wie die Schokolade darin!<\/p>\n","protected":false},"featured_media":2704,"template":"","meta":{"_acf_changed":false,"inline_featured_image":false},"product_brand":[],"product_cat":[169,131],"product_tag":[],"class_list":{"0":"post-2853","1":"product","2":"type-product","3":"status-publish","4":"has-post-thumbnail","6":"product_cat-vietnam-de","7":"product_cat-asien-pazifik","9":"first","10":"outofstock","11":"taxable","12":"shipping-taxable","13":"purchasable","14":"product-type-simple"},"bundled_by":[],"bundle_stock_status":"outofstock","bundle_stock_quantity":0,"bundle_virtual":false,"bundle_layout":"","bundle_add_to_cart_form_location":"","bundle_editable_in_cart":false,"bundle_sold_individually_context":"","bundle_item_grouping":"","bundle_min_size":"","bundle_max_size":"","bundle_price":[],"bundled_items":[],"bundle_sell_ids":[],"acf":{"ingredients":"\u200b\u200bKakaomasse (70% Vietnam), Rohrzucker, Kakaobutter","energie":610,"graisse":45,"graisse_saturee":27,"glucides":44,"sucre":30,"fibre":"8","proteines":8,"sel":0},"_links":{"self":[{"href":"https:\/\/criolloquetzal.ch\/de\/wp-json\/wp\/v2\/product\/2853","targetHints":{"allow":["GET"]}}],"collection":[{"href":"https:\/\/criolloquetzal.ch\/de\/wp-json\/wp\/v2\/product"}],"about":[{"href":"https:\/\/criolloquetzal.ch\/de\/wp-json\/wp\/v2\/types\/product"}],"wp:featuredmedia":[{"embeddable":true,"href":"https:\/\/criolloquetzal.ch\/de\/wp-json\/wp\/v2\/media\/2704"}],"wp:attachment":[{"href":"https:\/\/criolloquetzal.ch\/de\/wp-json\/wp\/v2\/media?parent=2853"}],"wp:term":[{"taxonomy":"product_brand","embeddable":true,"href":"https:\/\/criolloquetzal.ch\/de\/wp-json\/wp\/v2\/product_brand?post=2853"},{"taxonomy":"product_cat","embeddable":true,"href":"https:\/\/criolloquetzal.ch\/de\/wp-json\/wp\/v2\/product_cat?post=2853"},{"taxonomy":"product_tag","embeddable":true,"href":"https:\/\/criolloquetzal.ch\/de\/wp-json\/wp\/v2\/product_tag?post=2853"}],"curies":[{"name":"wp","href":"https:\/\/api.w.org\/{rel}","templated":true}]}}