{"id":2859,"date":"2022-07-10T12:09:31","date_gmt":"2022-07-10T10:09:31","guid":{"rendered":"https:\/\/criolloquetzal.ch\/boutique\/menakao-chocolat-noir-72-madagascar\/"},"modified":"2026-03-30T08:30:03","modified_gmt":"2026-03-30T06:30:03","slug":"menakao-dunkle-schokolade-72","status":"publish","type":"product","link":"https:\/\/criolloquetzal.ch\/de\/produit\/menakao-dunkle-schokolade-72\/","title":{"rendered":"Menakao - Dunkle Schokolade 72% - MADAGASKAR"},"content":{"rendered":"<p>Menakao dunkle Schokolade 72%, ist gerade s\u00fcss genug ist, um das tiefe Kakaoaroma und die Noten roter Fr\u00fcchte voll zu enth\u00fcllen. Eine intensive und elegante Schokolade mit einem sch\u00f6nen s\u00e4uerlichen Finish.<\/p>\n<p>Die Verpackung zeigt das Abbild einer Mahafaly-Frau. Die Mahafaly, \"diejenigen, die Tabus machen\" oder \"diejenigen, die Menschen gl\u00fccklich machen\", leben im S\u00fcdwesten Madagaskars und sind f\u00fcr ihre Gr\u00e4ber bekannt, die sie zu Ehren ihrer H\u00e4uptlinge und K\u00f6nige errichten.<\/p>\n","protected":false},"excerpt":{"rendered":"<p>Eine dunkle Schokolade, die gerade s\u00fcss genug ist, um das tiefe Kakaoaroma und die Noten roter Fr\u00fcchte zu enth\u00fcllen. Eine intensive und elegante Schokolade mit einem sch\u00f6nen s\u00e4uerlichen Finish.<\/p>\n","protected":false},"featured_media":2716,"template":"","meta":{"_acf_changed":false,"inline_featured_image":false},"product_brand":[],"product_cat":[520,85],"product_tag":[],"class_list":{"0":"post-2859","1":"product","2":"type-product","3":"status-publish","4":"has-post-thumbnail","6":"product_cat-madagaskar","7":"product_cat-afrika","9":"first","10":"instock","11":"taxable","12":"shipping-taxable","13":"purchasable","14":"product-type-simple"},"bundled_by":[],"bundle_stock_status":"instock","bundle_stock_quantity":26,"bundle_virtual":false,"bundle_layout":"","bundle_add_to_cart_form_location":"","bundle_editable_in_cart":false,"bundle_sold_individually_context":"","bundle_item_grouping":"","bundle_min_size":"","bundle_max_size":"","bundle_price":[],"bundled_items":[],"bundle_sell_ids":[],"acf":{"ingredients":"<span class=\"redactor-invisible-space\" data-verified=\"redactor\" data-redactor-tag=\"span\" data-redactor-class=\"redactor-invisible-space\">\u200b\u200bKakaomasse (65% Madagsacar), Rohrzucker, Kakaobutter, Sonnenblumenlecithin\u200b<\/span>","energie":594,"graisse":41,"graisse_saturee":10,"glucides":43,"sucre":37,"fibre":"--","proteines":13,"sel":0},"_links":{"self":[{"href":"https:\/\/criolloquetzal.ch\/de\/wp-json\/wp\/v2\/product\/2859","targetHints":{"allow":["GET"]}}],"collection":[{"href":"https:\/\/criolloquetzal.ch\/de\/wp-json\/wp\/v2\/product"}],"about":[{"href":"https:\/\/criolloquetzal.ch\/de\/wp-json\/wp\/v2\/types\/product"}],"wp:featuredmedia":[{"embeddable":true,"href":"https:\/\/criolloquetzal.ch\/de\/wp-json\/wp\/v2\/media\/2716"}],"wp:attachment":[{"href":"https:\/\/criolloquetzal.ch\/de\/wp-json\/wp\/v2\/media?parent=2859"}],"wp:term":[{"taxonomy":"product_brand","embeddable":true,"href":"https:\/\/criolloquetzal.ch\/de\/wp-json\/wp\/v2\/product_brand?post=2859"},{"taxonomy":"product_cat","embeddable":true,"href":"https:\/\/criolloquetzal.ch\/de\/wp-json\/wp\/v2\/product_cat?post=2859"},{"taxonomy":"product_tag","embeddable":true,"href":"https:\/\/criolloquetzal.ch\/de\/wp-json\/wp\/v2\/product_tag?post=2859"}],"curies":[{"name":"wp","href":"https:\/\/api.w.org\/{rel}","templated":true}]}}