{"id":2862,"date":"2022-07-10T12:07:27","date_gmt":"2022-07-10T10:07:27","guid":{"rendered":"https:\/\/criolloquetzal.ch\/boutique\/menakao-chocolat-noir-100-au-grue-de-cacao-madagascar\/"},"modified":"2026-04-23T02:49:18","modified_gmt":"2026-04-23T00:49:18","slug":"menakao-dunkle-schokolade-100-mit-kakaonibs","status":"publish","type":"product","link":"https:\/\/criolloquetzal.ch\/de\/produit\/menakao-dunkle-schokolade-100-mit-kakaonibs\/","title":{"rendered":"Menakao - Dunkle Schokolade 100% mit Kakaonibs - MADAGASKAR"},"content":{"rendered":"<p>Die Menakao - Dunkle Schokolade 100% mit Kakaonibs hat besonders tiefe und kr\u00e4ftige Kakaonoten. Das Knacken der kleinen Schokoladenteilchen sorgt f\u00fcr einen rustikalen und robusten Touch, der sich angenehm mit den roten Fruchtnoten der Schokolade verbindet.<\/p>\n<p>Die Illustration auf der Verpackung zeigt das Portr\u00e4t eines Bezanozano-Mannes. Die Bezanozano lebten haupts\u00e4chlich an der \u00f6stlichen Zentralk\u00fcste Madagaskars und waren in kleinen Clans organisiert, die ihre befestigten D\u00f6rfer auf den Bergk\u00e4mmen errichteten. Diese ethnische Gruppe war auf den Transport von Waren zwischen der Hauptstadt und der Ostk\u00fcste Madagaskars spezialisiert.<\/p>\n","protected":false},"excerpt":{"rendered":"<p>Die Menakao - Dunkle Schokolade 100% mit Kakaonibs hat besonders tiefe und kr\u00e4ftige Kakaonoten. Das Knacken der kleinen Schokoladenteilchen sorgt f\u00fcr einen rustikalen und robusten Touch, der sich angenehm mit den roten Fruchtnoten der Schokolade verbindet<\/p>\n","protected":false},"featured_media":2724,"template":"","meta":{"_acf_changed":false,"inline_featured_image":false},"product_brand":[],"product_cat":[520,85],"product_tag":[],"class_list":{"0":"post-2862","1":"product","2":"type-product","3":"status-publish","4":"has-post-thumbnail","6":"product_cat-madagaskar","7":"product_cat-afrika","9":"first","10":"outofstock","11":"taxable","12":"shipping-taxable","13":"purchasable","14":"product-type-simple"},"bundled_by":["7036"],"bundle_stock_status":"outofstock","bundle_stock_quantity":0,"bundle_virtual":false,"bundle_layout":"","bundle_add_to_cart_form_location":"","bundle_editable_in_cart":false,"bundle_sold_individually_context":"","bundle_item_grouping":"","bundle_min_size":"","bundle_max_size":"","bundle_price":[],"bundled_items":[],"bundle_sell_ids":[],"acf":{"ingredients":"\u200bKakaobohnen (100% Madagaskar)","energie":636,"graisse":51,"graisse_saturee":12,"glucides":31,"sucre":0,"fibre":"--","proteines":14,"sel":0},"_links":{"self":[{"href":"https:\/\/criolloquetzal.ch\/de\/wp-json\/wp\/v2\/product\/2862","targetHints":{"allow":["GET"]}}],"collection":[{"href":"https:\/\/criolloquetzal.ch\/de\/wp-json\/wp\/v2\/product"}],"about":[{"href":"https:\/\/criolloquetzal.ch\/de\/wp-json\/wp\/v2\/types\/product"}],"wp:featuredmedia":[{"embeddable":true,"href":"https:\/\/criolloquetzal.ch\/de\/wp-json\/wp\/v2\/media\/2724"}],"wp:attachment":[{"href":"https:\/\/criolloquetzal.ch\/de\/wp-json\/wp\/v2\/media?parent=2862"}],"wp:term":[{"taxonomy":"product_brand","embeddable":true,"href":"https:\/\/criolloquetzal.ch\/de\/wp-json\/wp\/v2\/product_brand?post=2862"},{"taxonomy":"product_cat","embeddable":true,"href":"https:\/\/criolloquetzal.ch\/de\/wp-json\/wp\/v2\/product_cat?post=2862"},{"taxonomy":"product_tag","embeddable":true,"href":"https:\/\/criolloquetzal.ch\/de\/wp-json\/wp\/v2\/product_tag?post=2862"}],"curies":[{"name":"wp","href":"https:\/\/api.w.org\/{rel}","templated":true}]}}