{"id":2868,"date":"2022-07-10T12:11:46","date_gmt":"2022-07-10T10:11:46","guid":{"rendered":"https:\/\/criolloquetzal.ch\/boutique\/menakao-chocolat-noir-63-a-lecorce-de-combava-et-baies-roses-madagascar\/"},"modified":"2026-04-16T20:14:02","modified_gmt":"2026-04-16T18:14:02","slug":"menakao-dunkle-schokolade-63-mit-combavaschale-und-rosa-pfefferbeeren","status":"publish","type":"product","link":"https:\/\/criolloquetzal.ch\/de\/produit\/menakao-dunkle-schokolade-63-mit-combavaschale-und-rosa-pfefferbeeren\/","title":{"rendered":"Menakao - Dunkle Schokolade 63% mit Combavaschale und rosa Pfefferbeeren - MADAGASKAR"},"content":{"rendered":"<p>In der Menakao - Dunkle Schokolade 63% mit Combavaschale und rosa Pfefferbeeren verbinden sich die Intensit\u00e4t der rosa Beeren und das zitronige Aroma der Kaffir-Limette, einer erstaunlichen Zitrusfrucht, mit den roten Fruchtnoten des Kakaos zu einem erfrischenden Effekt.<\/p>\n<p>Die Verpackung zeigt das Portr\u00e4t einer Betsimisaraka-Frau. Die Betsimisaraka, die \"vielen Unzertrennlichen\", sind die gr\u00f6sste ethnische Gruppe an der Ostk\u00fcste Madagaskars, einer Region mit starken tropischen Regenf\u00e4llen, \u00fcppiger Vegetation und Lagunen, die durch den Canal des Pangalanes verbunden sind.<\/p>\n","protected":false},"excerpt":{"rendered":"<p>In der Menakao - Dunkle Schokolade 63% mit Combavaschale und rosa Pfefferbeeren verbinden sich die Intensit\u00e4t der rosa Beeren und das zitronige Aroma der Kaffir-Limette, einer erstaunlichen Zitrusfrucht, mit den roten Fruchtnoten des Kakaos zu einem erfrischenden Effekt.<\/p>\n","protected":false},"featured_media":2744,"template":"","meta":{"_acf_changed":false,"inline_featured_image":false},"product_brand":[],"product_cat":[520,85],"product_tag":[],"class_list":{"0":"post-2868","1":"product","2":"type-product","3":"status-publish","4":"has-post-thumbnail","6":"product_cat-madagaskar","7":"product_cat-afrika","9":"first","10":"instock","11":"taxable","12":"shipping-taxable","13":"purchasable","14":"product-type-simple"},"bundled_by":[],"bundle_stock_status":"instock","bundle_stock_quantity":9,"bundle_virtual":false,"bundle_layout":"","bundle_add_to_cart_form_location":"","bundle_editable_in_cart":false,"bundle_sold_individually_context":"","bundle_item_grouping":"","bundle_min_size":"","bundle_max_size":"","bundle_price":[],"bundled_items":[],"bundle_sell_ids":[],"acf":{"ingredients":"<span class=\"redactor-invisible-space\" data-verified=\"redactor\" data-redactor-tag=\"span\" data-redactor-class=\"redactor-invisible-space\">\u200b\u200bKakaomasse (50% Madagaskar), Rohrzucker, Kakaobutter,\u200b Combavaschale, Sonnenblumenlecithin,\u200b\u00a0rosa Pfeffer\u200b<\/span>","energie":598,"graisse":47,"graisse_saturee":11,"glucides":44,"sucre":40,"fibre":"--","proteines":11,"sel":0},"_links":{"self":[{"href":"https:\/\/criolloquetzal.ch\/de\/wp-json\/wp\/v2\/product\/2868","targetHints":{"allow":["GET"]}}],"collection":[{"href":"https:\/\/criolloquetzal.ch\/de\/wp-json\/wp\/v2\/product"}],"about":[{"href":"https:\/\/criolloquetzal.ch\/de\/wp-json\/wp\/v2\/types\/product"}],"wp:featuredmedia":[{"embeddable":true,"href":"https:\/\/criolloquetzal.ch\/de\/wp-json\/wp\/v2\/media\/2744"}],"wp:attachment":[{"href":"https:\/\/criolloquetzal.ch\/de\/wp-json\/wp\/v2\/media?parent=2868"}],"wp:term":[{"taxonomy":"product_brand","embeddable":true,"href":"https:\/\/criolloquetzal.ch\/de\/wp-json\/wp\/v2\/product_brand?post=2868"},{"taxonomy":"product_cat","embeddable":true,"href":"https:\/\/criolloquetzal.ch\/de\/wp-json\/wp\/v2\/product_cat?post=2868"},{"taxonomy":"product_tag","embeddable":true,"href":"https:\/\/criolloquetzal.ch\/de\/wp-json\/wp\/v2\/product_tag?post=2868"}],"curies":[{"name":"wp","href":"https:\/\/api.w.org\/{rel}","templated":true}]}}