{"id":2879,"date":"2022-06-06T16:27:40","date_gmt":"2022-06-06T14:27:40","guid":{"rendered":"https:\/\/criolloquetzal.ch\/boutique\/junglegold-chocolat-noir-64-au-grue-de-cacao-et-sel-de-mer\/"},"modified":"2026-04-05T08:53:44","modified_gmt":"2026-04-05T06:53:44","slug":"junglegold-dunkle-schokolade-64-mit-kakaonibs-und-meersalz","status":"publish","type":"product","link":"https:\/\/criolloquetzal.ch\/de\/produit\/junglegold-dunkle-schokolade-64-mit-kakaonibs-und-meersalz\/","title":{"rendered":"Junglegold - Dunkle Schokolade 64% mit Kakaonibs und Meersalz - INDONESIEN"},"content":{"rendered":"<p>Junglegold - Dunkle Schokolade 64% mit Kakaonibs und Meersalz ist die Schokolade der Wahl f\u00fcr alle, die S\u00fcsses mit einem Hauch von Salz lieben. 100 % biologisch mit heimischem Kokosbl\u00fctenzucker hergestellt.<\/p>\n","protected":false},"excerpt":{"rendered":"<p>Junglegold - Dunkle Schokolade 64% mit Kakaonibs und Meersalz ist die Schokolade der Wahl f\u00fcr alle, die S\u00fcsses mit einem Hauch von Salz lieben. 100 % biologisch mit heimischem Kokosbl\u00fctenzucker hergestellt.<\/p>\n","protected":false},"featured_media":2128,"template":"","meta":{"_acf_changed":false,"inline_featured_image":false},"product_brand":[],"product_cat":[133,131],"product_tag":[],"class_list":{"0":"post-2879","1":"product","2":"type-product","3":"status-publish","4":"has-post-thumbnail","6":"product_cat-indonesien","7":"product_cat-asien-pazifik","9":"first","10":"instock","11":"taxable","12":"shipping-taxable","13":"purchasable","14":"product-type-simple"},"bundled_by":["8278"],"bundle_stock_status":"instock","bundle_stock_quantity":12,"bundle_virtual":false,"bundle_layout":"","bundle_add_to_cart_form_location":"","bundle_editable_in_cart":false,"bundle_sold_individually_context":"","bundle_item_grouping":"","bundle_min_size":"","bundle_max_size":"","bundle_price":[],"bundled_items":[],"bundle_sell_ids":[],"acf":{"ingredients":"\u200b\u200bKakaomasse (64% Indonesien),\u00a0<strong data-redactor-tag=\"strong\">\u200bKokosnusszucker,<\/strong>\u00a0<strong data-redactor-tag=\"strong\">\u200bSojalecithin<\/strong><span class=\"redactor-invisible-space\" data-verified=\"redactor\" data-redactor-tag=\"span\" data-redactor-class=\"redactor-invisible-space\">\u200b, Kakaonibs, Meersalz<\/span>","energie":600,"graisse":40,"graisse_saturee":25,"glucides":45,"sucre":25,"fibre":"--","proteines":10,"sel":1},"_links":{"self":[{"href":"https:\/\/criolloquetzal.ch\/de\/wp-json\/wp\/v2\/product\/2879","targetHints":{"allow":["GET"]}}],"collection":[{"href":"https:\/\/criolloquetzal.ch\/de\/wp-json\/wp\/v2\/product"}],"about":[{"href":"https:\/\/criolloquetzal.ch\/de\/wp-json\/wp\/v2\/types\/product"}],"wp:featuredmedia":[{"embeddable":true,"href":"https:\/\/criolloquetzal.ch\/de\/wp-json\/wp\/v2\/media\/2128"}],"wp:attachment":[{"href":"https:\/\/criolloquetzal.ch\/de\/wp-json\/wp\/v2\/media?parent=2879"}],"wp:term":[{"taxonomy":"product_brand","embeddable":true,"href":"https:\/\/criolloquetzal.ch\/de\/wp-json\/wp\/v2\/product_brand?post=2879"},{"taxonomy":"product_cat","embeddable":true,"href":"https:\/\/criolloquetzal.ch\/de\/wp-json\/wp\/v2\/product_cat?post=2879"},{"taxonomy":"product_tag","embeddable":true,"href":"https:\/\/criolloquetzal.ch\/de\/wp-json\/wp\/v2\/product_tag?post=2879"}],"curies":[{"name":"wp","href":"https:\/\/api.w.org\/{rel}","templated":true}]}}