{"id":2891,"date":"2022-06-06T21:21:52","date_gmt":"2022-06-06T19:21:52","guid":{"rendered":"https:\/\/criolloquetzal.ch\/boutique\/kad-kokoa-chocolat-noir-58-au-graines-de-shiso\/"},"modified":"2026-04-16T19:10:03","modified_gmt":"2026-04-16T17:10:03","slug":"kad-kokoa-dunkle-schokolade-58-mit-shiso-samen","status":"publish","type":"product","link":"https:\/\/criolloquetzal.ch\/de\/produit\/kad-kokoa-dunkle-schokolade-58-mit-shiso-samen\/","title":{"rendered":"kad kokoa - Dunkle Schokolade 58% mit Shiso-Samen - THAILAND"},"content":{"rendered":"<p>Shiso ist der japanische Name f\u00fcr Perilla, ein Kraut, das aufgrund seiner unglaublichen gesundheitlichen Vorteile in der asiatischen K\u00fcche und der traditionellen chinesischen Medizin weit verbreitet ist. Die Samen in der kad kokoa - Dunkle Schokolade 58% mit Shiso-Samen stammen aus der n\u00f6rdlichen Provinz Mae Hong Son, die daf\u00fcr bekannt ist, das beste Shiso in ganz Thailand zu produzieren. Das milde R\u00f6sten der Samen verleiht ihnen nicht nur einen angenehmen Biss, sondern tr\u00e4gt auch dazu bei, einen langanhaltenden, pfeffrigen Nachgeschmack zu entwickeln, der an ger\u00f6stete N\u00fcsse erinnert.<\/p>\n","protected":false},"excerpt":{"rendered":"<p>Shiso ist der japanische Name f\u00fcr Perilla, ein Kraut, das aufgrund seiner unglaublichen gesundheitlichen Vorteile in der asiatischen K\u00fcche und der traditionellen chinesischen Medizin weit verbreitet ist. Die Samen in der kad kokoa - Dunkle Schokolade 58% mit Shiso-Samen stammen aus der n\u00f6rdlichen Provinz Mae Hong Son, die daf\u00fcr bekannt ist, das beste Shiso in ganz Thailand zu produzieren. Das milde R\u00f6sten der Samen verleiht ihnen nicht nur einen angenehmen Biss, sondern tr\u00e4gt auch dazu bei, einen langanhaltenden, pfeffrigen Nachgeschmack zu entwickeln, der an ger\u00f6stete N\u00fcsse erinnert.<\/p>\n","protected":false},"featured_media":2808,"template":"","meta":{"_acf_changed":false,"inline_featured_image":false},"product_brand":[],"product_cat":[395,131],"product_tag":[],"class_list":{"0":"post-2891","1":"product","2":"type-product","3":"status-publish","4":"has-post-thumbnail","6":"product_cat-thailand-de","7":"product_cat-asien-pazifik","9":"first","10":"outofstock","11":"taxable","12":"shipping-taxable","13":"purchasable","14":"product-type-simple"},"bundled_by":[],"bundle_stock_status":"outofstock","bundle_stock_quantity":0,"bundle_virtual":false,"bundle_layout":"","bundle_add_to_cart_form_location":"","bundle_editable_in_cart":false,"bundle_sold_individually_context":"","bundle_item_grouping":"","bundle_min_size":"","bundle_max_size":"","bundle_price":[],"bundled_items":[],"bundle_sell_ids":[],"acf":{"ingredients":"<span class=\"redactor-invisible-space\" data-verified=\"redactor\" data-redactor-tag=\"span\" data-redactor-class=\"redactor-invisible-space\">\u200bKakaomasse (58% Thailand), Zucker, Shiso-Samen\u200b<\/span>","energie":576,"graisse":37,"graisse_saturee":22,"glucides":52,"sucre":45,"fibre":"10","proteines":7,"sel":0},"_links":{"self":[{"href":"https:\/\/criolloquetzal.ch\/de\/wp-json\/wp\/v2\/product\/2891","targetHints":{"allow":["GET"]}}],"collection":[{"href":"https:\/\/criolloquetzal.ch\/de\/wp-json\/wp\/v2\/product"}],"about":[{"href":"https:\/\/criolloquetzal.ch\/de\/wp-json\/wp\/v2\/types\/product"}],"wp:featuredmedia":[{"embeddable":true,"href":"https:\/\/criolloquetzal.ch\/de\/wp-json\/wp\/v2\/media\/2808"}],"wp:attachment":[{"href":"https:\/\/criolloquetzal.ch\/de\/wp-json\/wp\/v2\/media?parent=2891"}],"wp:term":[{"taxonomy":"product_brand","embeddable":true,"href":"https:\/\/criolloquetzal.ch\/de\/wp-json\/wp\/v2\/product_brand?post=2891"},{"taxonomy":"product_cat","embeddable":true,"href":"https:\/\/criolloquetzal.ch\/de\/wp-json\/wp\/v2\/product_cat?post=2891"},{"taxonomy":"product_tag","embeddable":true,"href":"https:\/\/criolloquetzal.ch\/de\/wp-json\/wp\/v2\/product_tag?post=2891"}],"curies":[{"name":"wp","href":"https:\/\/api.w.org\/{rel}","templated":true}]}}