{"id":2894,"date":"2022-06-06T21:29:57","date_gmt":"2022-06-06T19:29:57","guid":{"rendered":"https:\/\/criolloquetzal.ch\/boutique\/kad-kokoa-chocolat-noir-70-au-tamarin-confit-et-sale\/"},"modified":"2026-04-21T04:55:06","modified_gmt":"2026-04-21T02:55:06","slug":"kad-kokoa-dunkle-schokolade-70-mit-kandierter-und-gesalzener-tamarinde","status":"publish","type":"product","link":"https:\/\/criolloquetzal.ch\/de\/produit\/kad-kokoa-dunkle-schokolade-70-mit-kandierter-und-gesalzener-tamarinde\/","title":{"rendered":"kad kokoa - Dunkle Schokolade 70% mit kandierter und gesalzener Tamarinde - THAILAND"},"content":{"rendered":"<p>Die Tamarinde ist eine tropische Frucht mit einem lebhaften Geschmack, der von s\u00fcss bis herb und pikant reicht. Das mit Chili und Salz gew\u00fcrzte cremige Tamarindeneis ist in Thailand eine beliebte S\u00fcssigkeit. Der Chefchocolatier von Kad Kokoa hat in der kad kokoa - Dunkle Schokolade 70% mit kandierter und gesalzener Tamarinde die typische thail\u00e4ndische Balance zwischen salzig, s\u00fcss und w\u00fcrzig nachgebildet und sie perfekt mit der zarten, bitteren Note der hochwertigen Schokolade kombiniert.<\/p>\n<p><strong>Achtung<\/strong>: Diese Schokolade ist sehr scharf!<\/p>\n","protected":false},"excerpt":{"rendered":"<p>Die Tamarinde ist eine tropische Frucht mit einem lebhaften Geschmack, der von s\u00fcss bis herb und pikant reicht. Das mit Chili und Salz gew\u00fcrzte cremige Tamarindeneis ist in Thailand eine beliebte S\u00fcssigkeit. Der Chefchocolatier von Kad Kokoa hat in der kad kokoa - Dunkle Schokolade 70% mit kandierter und gesalzener Tamarinde die typische thail\u00e4ndische Balance zwischen salzig, s\u00fcss und w\u00fcrzig nachgebildet und sie perfekt mit der zarten, bitteren Note der hochwertigen Schokolade kombiniert. Achtung: Diese Schokolade ist sehr scharf!<\/p>\n","protected":false},"featured_media":2800,"template":"","meta":{"_acf_changed":false,"inline_featured_image":false},"product_brand":[],"product_cat":[395,131],"product_tag":[],"class_list":{"0":"post-2894","1":"product","2":"type-product","3":"status-publish","4":"has-post-thumbnail","6":"product_cat-thailand-de","7":"product_cat-asien-pazifik","9":"first","10":"outofstock","11":"taxable","12":"shipping-taxable","13":"purchasable","14":"product-type-simple"},"bundled_by":["8273"],"bundle_stock_status":"outofstock","bundle_stock_quantity":0,"bundle_virtual":false,"bundle_layout":"","bundle_add_to_cart_form_location":"","bundle_editable_in_cart":false,"bundle_sold_individually_context":"","bundle_item_grouping":"","bundle_min_size":"","bundle_max_size":"","bundle_price":[],"bundled_items":[],"bundle_sell_ids":[],"acf":{"ingredients":"<span class=\"redactor-invisible-space\" data-verified=\"redactor\" data-redactor-tag=\"span\" data-redactor-class=\"redactor-invisible-space\">\u200bKakaomasse (70% Thailand), Zucker, Salz, Kakaobutter, getrocknete Tamarinde, getrocknete Chiliflocken\u200b<\/span>","energie":618,"graisse":45,"graisse_saturee":21,"glucides":34,"sucre":16,"fibre":"10","proteines":16,"sel":1},"_links":{"self":[{"href":"https:\/\/criolloquetzal.ch\/de\/wp-json\/wp\/v2\/product\/2894","targetHints":{"allow":["GET"]}}],"collection":[{"href":"https:\/\/criolloquetzal.ch\/de\/wp-json\/wp\/v2\/product"}],"about":[{"href":"https:\/\/criolloquetzal.ch\/de\/wp-json\/wp\/v2\/types\/product"}],"wp:featuredmedia":[{"embeddable":true,"href":"https:\/\/criolloquetzal.ch\/de\/wp-json\/wp\/v2\/media\/2800"}],"wp:attachment":[{"href":"https:\/\/criolloquetzal.ch\/de\/wp-json\/wp\/v2\/media?parent=2894"}],"wp:term":[{"taxonomy":"product_brand","embeddable":true,"href":"https:\/\/criolloquetzal.ch\/de\/wp-json\/wp\/v2\/product_brand?post=2894"},{"taxonomy":"product_cat","embeddable":true,"href":"https:\/\/criolloquetzal.ch\/de\/wp-json\/wp\/v2\/product_cat?post=2894"},{"taxonomy":"product_tag","embeddable":true,"href":"https:\/\/criolloquetzal.ch\/de\/wp-json\/wp\/v2\/product_tag?post=2894"}],"curies":[{"name":"wp","href":"https:\/\/api.w.org\/{rel}","templated":true}]}}