{"id":2900,"date":"2022-06-06T16:29:59","date_gmt":"2022-06-06T14:29:59","guid":{"rendered":"https:\/\/criolloquetzal.ch\/boutique\/junglegold-chocolat-noir-64-a-lhuile-de-menthe-poivree\/"},"modified":"2026-04-14T11:21:28","modified_gmt":"2026-04-14T09:21:28","slug":"junglegold-dunkle-schokolade-64-mit-pfefferminzoel","status":"publish","type":"product","link":"https:\/\/criolloquetzal.ch\/de\/produit\/junglegold-dunkle-schokolade-64-mit-pfefferminzoel\/","title":{"rendered":"Junglegold - Dunkle Schokolade 64% mit Pfefferminz\u00f6l - INDONESIEN"},"content":{"rendered":"<p>Eine dunkle Schokolade mit Minzgeschmack, deren Frischekick der perfekte Muntermacher ist. Die preisgekr\u00f6nte Junglegold - Dunkle Schokolade 64% mit Pfefferminz\u00f6l wird mit nat\u00fcrlichem \u00e4therischem Minz\u00f6l, zu 100 % biologisch und mit lokalem Kokosbl\u00fctenzucker hergestellt.<\/p>\n","protected":false},"excerpt":{"rendered":"<p>Eine dunkle Schokolade mit Minzgeschmack, deren Frischekick der perfekte Muntermacher ist. Die preisgekr\u00f6nte Junglegold - Dunkle Schokolade 64% mit Pfefferminz\u00f6l wird mit nat\u00fcrlichem \u00e4therischem Minz\u00f6l, zu 100 % biologisch und mit lokalem Kokosbl\u00fctenzucker hergestellt.<\/p>\n","protected":false},"featured_media":2152,"template":"","meta":{"_acf_changed":false,"inline_featured_image":false},"product_brand":[],"product_cat":[133,131],"product_tag":[],"class_list":{"0":"post-2900","1":"product","2":"type-product","3":"status-publish","4":"has-post-thumbnail","6":"product_cat-indonesien","7":"product_cat-asien-pazifik","9":"first","10":"instock","11":"taxable","12":"shipping-taxable","13":"purchasable","14":"product-type-simple"},"bundled_by":[],"bundle_stock_status":"instock","bundle_stock_quantity":33,"bundle_virtual":false,"bundle_layout":"","bundle_add_to_cart_form_location":"","bundle_editable_in_cart":false,"bundle_sold_individually_context":"","bundle_item_grouping":"","bundle_min_size":"","bundle_max_size":"","bundle_price":[],"bundled_items":[],"bundle_sell_ids":[],"acf":{"ingredients":"\u200b\u200bKakaomasse (64% Indonesien),\u00a0<strong data-redactor-tag=\"strong\">\u200bKokosnusszucker,<\/strong>\u00a0<strong data-redactor-tag=\"strong\">\u200bSojalecithin<\/strong><span class=\"redactor-invisible-space\" data-verified=\"redactor\" data-redactor-tag=\"span\" data-redactor-class=\"redactor-invisible-space\">\u200b, Pfefferminz\u00f6l<\/span>","energie":600,"graisse":40,"graisse_saturee":25,"glucides":50,"sucre":30,"fibre":"--","proteines":5,"sel":0},"_links":{"self":[{"href":"https:\/\/criolloquetzal.ch\/de\/wp-json\/wp\/v2\/product\/2900","targetHints":{"allow":["GET"]}}],"collection":[{"href":"https:\/\/criolloquetzal.ch\/de\/wp-json\/wp\/v2\/product"}],"about":[{"href":"https:\/\/criolloquetzal.ch\/de\/wp-json\/wp\/v2\/types\/product"}],"wp:featuredmedia":[{"embeddable":true,"href":"https:\/\/criolloquetzal.ch\/de\/wp-json\/wp\/v2\/media\/2152"}],"wp:attachment":[{"href":"https:\/\/criolloquetzal.ch\/de\/wp-json\/wp\/v2\/media?parent=2900"}],"wp:term":[{"taxonomy":"product_brand","embeddable":true,"href":"https:\/\/criolloquetzal.ch\/de\/wp-json\/wp\/v2\/product_brand?post=2900"},{"taxonomy":"product_cat","embeddable":true,"href":"https:\/\/criolloquetzal.ch\/de\/wp-json\/wp\/v2\/product_cat?post=2900"},{"taxonomy":"product_tag","embeddable":true,"href":"https:\/\/criolloquetzal.ch\/de\/wp-json\/wp\/v2\/product_tag?post=2900"}],"curies":[{"name":"wp","href":"https:\/\/api.w.org\/{rel}","templated":true}]}}