{"id":2918,"date":"2022-06-02T08:54:14","date_gmt":"2022-06-02T06:54:14","guid":{"rendered":"https:\/\/criolloquetzal.ch\/boutique\/auro-chocolat-noir-70-saloy\/"},"modified":"2026-04-13T01:14:17","modified_gmt":"2026-04-12T23:14:17","slug":"auro-dunkle-schokolade-70-saloy","status":"publish","type":"product","link":"https:\/\/criolloquetzal.ch\/de\/produit\/auro-dunkle-schokolade-70-saloy\/","title":{"rendered":"Auro - Dunkle Schokolade 70% Saloy - PHILIPPINEN"},"content":{"rendered":"<p>Die Reserve Collection von Auro wird mit Leidenschaft aus den feinsten Bohnen einer einzigen Ernte hergestellt, um die seltenen, unverwechselbaren Eigenschaften jeder Gemeinde und ihres Landes hervorzuheben. Inmitten tropischer Bergw\u00e4lder gelegen fliesst frisches Quellwasser durch die \u00fcppigen Farmen von Saloy und verleiht der Auro - Dunkle Schokolade 70% Saloy dynamische Noten von Kr\u00e4utern, Bergamotte und Kirschen.<\/p>\n","protected":false},"excerpt":{"rendered":"<p>Die Reserve Collection von Auro wird mit Leidenschaft aus den feinsten Bohnen einer einzigen Ernte hergestellt, um die seltenen, unverwechselbaren Eigenschaften jeder Gemeinde und ihres Landes hervorzuheben. Inmitten tropischer Bergw\u00e4lder gelegen fliesst frisches Quellwasser durch die \u00fcppigen Farmen von Saloy und verleiht der Auro - Dunkle Schokolade 70% Saloy dynamische Noten von Kr\u00e4utern, Bergamotte und Kirschen.<\/p>\n","protected":false},"featured_media":1730,"template":"","meta":{"_acf_changed":false,"inline_featured_image":false},"product_brand":[],"product_cat":[167,131],"product_tag":[],"class_list":{"0":"post-2918","1":"product","2":"type-product","3":"status-publish","4":"has-post-thumbnail","6":"product_cat-philippinen","7":"product_cat-asien-pazifik","9":"first","10":"instock","11":"taxable","12":"shipping-taxable","13":"purchasable","14":"product-type-simple"},"bundled_by":[],"bundle_stock_status":"instock","bundle_stock_quantity":15,"bundle_virtual":false,"bundle_layout":"","bundle_add_to_cart_form_location":"","bundle_editable_in_cart":false,"bundle_sold_individually_context":"","bundle_item_grouping":"","bundle_min_size":"","bundle_max_size":"","bundle_price":[],"bundled_items":[],"bundle_sell_ids":[],"acf":{"ingredients":"\u200b\u200bKakaomasse (64% Philippinen<span class=\"redactor-invisible-space\" data-verified=\"redactor\" data-redactor-tag=\"span\" data-redactor-class=\"redactor-invisible-space\">\u200b), Muscovado Zucker, Kakaobutter<\/span>","energie":559,"graisse":39,"graisse_saturee":23,"glucides":45,"sucre":30,"fibre":"9","proteines":8,"sel":-1},"_links":{"self":[{"href":"https:\/\/criolloquetzal.ch\/de\/wp-json\/wp\/v2\/product\/2918","targetHints":{"allow":["GET"]}}],"collection":[{"href":"https:\/\/criolloquetzal.ch\/de\/wp-json\/wp\/v2\/product"}],"about":[{"href":"https:\/\/criolloquetzal.ch\/de\/wp-json\/wp\/v2\/types\/product"}],"wp:featuredmedia":[{"embeddable":true,"href":"https:\/\/criolloquetzal.ch\/de\/wp-json\/wp\/v2\/media\/1730"}],"wp:attachment":[{"href":"https:\/\/criolloquetzal.ch\/de\/wp-json\/wp\/v2\/media?parent=2918"}],"wp:term":[{"taxonomy":"product_brand","embeddable":true,"href":"https:\/\/criolloquetzal.ch\/de\/wp-json\/wp\/v2\/product_brand?post=2918"},{"taxonomy":"product_cat","embeddable":true,"href":"https:\/\/criolloquetzal.ch\/de\/wp-json\/wp\/v2\/product_cat?post=2918"},{"taxonomy":"product_tag","embeddable":true,"href":"https:\/\/criolloquetzal.ch\/de\/wp-json\/wp\/v2\/product_tag?post=2918"}],"curies":[{"name":"wp","href":"https:\/\/api.w.org\/{rel}","templated":true}]}}