{"id":2921,"date":"2022-06-02T08:52:54","date_gmt":"2022-06-02T06:52:54","guid":{"rendered":"https:\/\/criolloquetzal.ch\/boutique\/auro-chocolat-noir-85-mana\/"},"modified":"2026-04-20T15:19:09","modified_gmt":"2026-04-20T13:19:09","slug":"auro-dunkle-schokolade-85-mana","status":"publish","type":"product","link":"https:\/\/criolloquetzal.ch\/de\/produit\/auro-dunkle-schokolade-85-mana\/","title":{"rendered":"Auro - Dunkle Schokolade 85% Mana - PHILIPPINEN"},"content":{"rendered":"<p>Die Reserve Collection von Auro wird mit Leidenschaft aus den feinsten Bohnen einer einzigen Ernte hergestellt, um die seltenen, unverwechselbaren Eigenschaften jeder Gemeinschaft und ihres Landes hervorzuheben. Mana liegt in den \u00fcppigen tropischen W\u00e4ldern von Davao und sein Kakao ergibt in Auro - Dunkle Schokolade 85% Mana Noten von karamellisiertem Apfel, Rum, s\u00fcsser Banane und Cashew-Apfel.<\/p>\n","protected":false},"excerpt":{"rendered":"<p>Die Reserve Collection von Auro wird mit Leidenschaft aus den feinsten Bohnen einer einzigen Ernte hergestellt, um die seltenen, unverwechselbaren Eigenschaften jeder Gemeinschaft und ihres Landes hervorzuheben. Mana liegt in den \u00fcppigen tropischen W\u00e4ldern von Davao und sein Kakao ergibt in Auro - Dunkle Schokolade 85% Mana Noten von karamellisiertem Apfel, Rum, s\u00fcsser Banane und Cashew-Apfel.<\/p>\n","protected":false},"featured_media":1706,"template":"","meta":{"_acf_changed":false,"inline_featured_image":false},"product_brand":[],"product_cat":[167,131],"product_tag":[],"class_list":{"0":"post-2921","1":"product","2":"type-product","3":"status-publish","4":"has-post-thumbnail","6":"product_cat-philippinen","7":"product_cat-asien-pazifik","9":"first","10":"instock","11":"taxable","12":"shipping-taxable","13":"purchasable","14":"product-type-simple"},"bundled_by":[],"bundle_stock_status":"instock","bundle_stock_quantity":14,"bundle_virtual":false,"bundle_layout":"","bundle_add_to_cart_form_location":"","bundle_editable_in_cart":false,"bundle_sold_individually_context":"","bundle_item_grouping":"","bundle_min_size":"","bundle_max_size":"","bundle_price":[],"bundled_items":[],"bundle_sell_ids":[],"acf":{"ingredients":"\u200b\u200bKakaomasse (85% Philippinen<span class=\"redactor-invisible-space\" data-verified=\"redactor\" data-redactor-tag=\"span\" data-redactor-class=\"redactor-invisible-space\">\u200b), Muscovado Zucker<\/span>","energie":573,"graisse":43,"graisse_saturee":26,"glucides":35,"sucre":15,"fibre":"12","proteines":10,"sel":0},"_links":{"self":[{"href":"https:\/\/criolloquetzal.ch\/de\/wp-json\/wp\/v2\/product\/2921","targetHints":{"allow":["GET"]}}],"collection":[{"href":"https:\/\/criolloquetzal.ch\/de\/wp-json\/wp\/v2\/product"}],"about":[{"href":"https:\/\/criolloquetzal.ch\/de\/wp-json\/wp\/v2\/types\/product"}],"wp:featuredmedia":[{"embeddable":true,"href":"https:\/\/criolloquetzal.ch\/de\/wp-json\/wp\/v2\/media\/1706"}],"wp:attachment":[{"href":"https:\/\/criolloquetzal.ch\/de\/wp-json\/wp\/v2\/media?parent=2921"}],"wp:term":[{"taxonomy":"product_brand","embeddable":true,"href":"https:\/\/criolloquetzal.ch\/de\/wp-json\/wp\/v2\/product_brand?post=2921"},{"taxonomy":"product_cat","embeddable":true,"href":"https:\/\/criolloquetzal.ch\/de\/wp-json\/wp\/v2\/product_cat?post=2921"},{"taxonomy":"product_tag","embeddable":true,"href":"https:\/\/criolloquetzal.ch\/de\/wp-json\/wp\/v2\/product_tag?post=2921"}],"curies":[{"name":"wp","href":"https:\/\/api.w.org\/{rel}","templated":true}]}}