{"id":2925,"date":"2022-06-05T16:57:00","date_gmt":"2022-06-05T14:57:00","guid":{"rendered":"https:\/\/criolloquetzal.ch\/boutique\/fu-wan-chocolat-noir-ping-tung-62-au-the-oolong-torrefie\/"},"modified":"2026-04-16T19:10:03","modified_gmt":"2026-04-16T17:10:03","slug":"fu-wan-dunkle-schokolade-ping-tung-62-mit-geroestetem-oolong-tee","status":"publish","type":"product","link":"https:\/\/criolloquetzal.ch\/de\/produit\/fu-wan-dunkle-schokolade-ping-tung-62-mit-geroestetem-oolong-tee\/","title":{"rendered":"Fu Wan - Dunkle Schokolade Ping Tung 62% mit ger\u00f6stetem Oolong-Tee - TAIWAN"},"content":{"rendered":"<p>Fu Wan - Dunkle Schokolade Ping Tung 62% mit ger\u00f6stetem Oolong-Tee, gemahlen mit taiwanesischem Kohle-Oolong-Tee, der Noten von N\u00fcssen, Sesam, Fenchel, Lakritze und Minze mit sich bringt. Eine herzerw\u00e4rmende und beruhigende Schokolade.<\/p>\n<p>Die mehrfach preisgekr\u00f6nten Fu Wan-Schokoladen der Kollektion 'Ping Tung' gelten als die besten der Welt. Sie werden eine aussergew\u00f6hnlich seidige Textur im Mund bemerken.<\/p>\n","protected":false},"excerpt":{"rendered":"<p>Fu Wan - Dunkle Schokolade Ping Tung 62% mit ger\u00f6stetem Oolong-Tee, gemahlen mit taiwanesischem Kohle-Oolong-Tee, der Noten von N\u00fcssen, Sesam, Fenchel, Lakritze und Minze mit sich bringt. Eine herzerw\u00e4rmende und beruhigende Schokolade. Die mehrfach preisgekr\u00f6nten Fu Wan-Schokoladen der Kollektion 'Ping Tung' gelten als die besten der Welt. Sie werden eine aussergew\u00f6hnlich seidige Textur im Mund bemerken.<\/p>\n","protected":false},"featured_media":1754,"template":"","meta":{"_acf_changed":false,"inline_featured_image":false},"product_brand":[],"product_cat":[168,131],"product_tag":[],"class_list":{"0":"post-2925","1":"product","2":"type-product","3":"status-publish","4":"has-post-thumbnail","6":"product_cat-taiwan-de","7":"product_cat-asien-pazifik","9":"first","10":"outofstock","11":"taxable","12":"shipping-taxable","13":"purchasable","14":"product-type-simple"},"bundled_by":[],"bundle_stock_status":"outofstock","bundle_stock_quantity":0,"bundle_virtual":false,"bundle_layout":"","bundle_add_to_cart_form_location":"","bundle_editable_in_cart":false,"bundle_sold_individually_context":"","bundle_item_grouping":"","bundle_min_size":"","bundle_max_size":"","bundle_price":[],"bundled_items":[],"bundle_sell_ids":[],"acf":{"ingredients":"\u200b\u200bKakaomasse (62% Taiwan), Zucker, ger\u00f6steter Oolong-Tee","energie":629,"graisse":48,"graisse_saturee":31,"glucides":45,"sucre":31,"fibre":"7","proteines":6,"sel":0},"_links":{"self":[{"href":"https:\/\/criolloquetzal.ch\/de\/wp-json\/wp\/v2\/product\/2925","targetHints":{"allow":["GET"]}}],"collection":[{"href":"https:\/\/criolloquetzal.ch\/de\/wp-json\/wp\/v2\/product"}],"about":[{"href":"https:\/\/criolloquetzal.ch\/de\/wp-json\/wp\/v2\/types\/product"}],"wp:featuredmedia":[{"embeddable":true,"href":"https:\/\/criolloquetzal.ch\/de\/wp-json\/wp\/v2\/media\/1754"}],"wp:attachment":[{"href":"https:\/\/criolloquetzal.ch\/de\/wp-json\/wp\/v2\/media?parent=2925"}],"wp:term":[{"taxonomy":"product_brand","embeddable":true,"href":"https:\/\/criolloquetzal.ch\/de\/wp-json\/wp\/v2\/product_brand?post=2925"},{"taxonomy":"product_cat","embeddable":true,"href":"https:\/\/criolloquetzal.ch\/de\/wp-json\/wp\/v2\/product_cat?post=2925"},{"taxonomy":"product_tag","embeddable":true,"href":"https:\/\/criolloquetzal.ch\/de\/wp-json\/wp\/v2\/product_tag?post=2925"}],"curies":[{"name":"wp","href":"https:\/\/api.w.org\/{rel}","templated":true}]}}