{"id":3214,"date":"2022-07-15T16:53:46","date_gmt":"2022-07-15T14:53:46","guid":{"rendered":"https:\/\/criolloquetzal.ch\/boutique\/soklet-chocolat-noir-70-inde\/"},"modified":"2026-04-06T03:32:26","modified_gmt":"2026-04-06T01:32:26","slug":"soklet-dunkle-schokolade-70","status":"publish","type":"product","link":"https:\/\/criolloquetzal.ch\/de\/produit\/soklet-dunkle-schokolade-70\/","title":{"rendered":"Soklet - Dunkle Schokolade 70% - INDIEN"},"content":{"rendered":"<p>Die klassische Tafel aus dunkler Schokolade. In der Soklet - Dunkle Schokolade 70% erwacht der Kakao in einem perfekten Gleichgewicht zwischen s\u00fcss und bitter zum Leben. Fruchtige Noten verbinden sich mit einer k\u00f6stlichen S\u00e4ure und bilden das charakteristische Geschmacksprofil dieser Tafel, die ohne jegliche Aromazus\u00e4tze auskommt.<\/p>\n<p>Soklet stellt Schokolade aus Kakao her, der auf den eigenen Plantagen in den Ausl\u00e4ufern des Anamalai Gebirges angebaut wird. Dort werden die besten Kakaosorten ausgew\u00e4hlt und fermentiert, bevor sie zu purem Genuss verarbeitet werden.<\/p>\n","protected":false},"excerpt":{"rendered":"<p>Die klassische Tafel aus dunkler Schokolade. In der Soklet - Dunkle Schokolade 70% erwacht der Kakao in einem perfekten Gleichgewicht zwischen s\u00fcss und bitter zum Leben. Fruchtige Noten verbinden sich mit einer k\u00f6stlichen S\u00e4ure und bilden das charakteristische Geschmacksprofil dieser Tafel, die ohne jegliche Aromazus\u00e4tze auskommt.<\/p>\n","protected":false},"featured_media":2960,"template":"","meta":{"_acf_changed":false,"inline_featured_image":false},"product_brand":[],"product_cat":[506,131],"product_tag":[],"class_list":{"0":"post-3214","1":"product","2":"type-product","3":"status-publish","4":"has-post-thumbnail","6":"product_cat-indien","7":"product_cat-asien-pazifik","9":"first","10":"instock","11":"taxable","12":"shipping-taxable","13":"purchasable","14":"product-type-simple"},"bundled_by":[],"bundle_stock_status":"instock","bundle_stock_quantity":44,"bundle_virtual":false,"bundle_layout":"","bundle_add_to_cart_form_location":"","bundle_editable_in_cart":false,"bundle_sold_individually_context":"","bundle_item_grouping":"","bundle_min_size":"","bundle_max_size":"","bundle_price":[],"bundled_items":[],"bundle_sell_ids":[],"acf":{"ingredients":"\u200bKakaomasse (70% Indien), Rohrzucker","energie":532,"graisse":28,"graisse_saturee":9,"glucides":56,"sucre":28,"fibre":"--","proteines":13,"sel":0},"_links":{"self":[{"href":"https:\/\/criolloquetzal.ch\/de\/wp-json\/wp\/v2\/product\/3214","targetHints":{"allow":["GET"]}}],"collection":[{"href":"https:\/\/criolloquetzal.ch\/de\/wp-json\/wp\/v2\/product"}],"about":[{"href":"https:\/\/criolloquetzal.ch\/de\/wp-json\/wp\/v2\/types\/product"}],"wp:featuredmedia":[{"embeddable":true,"href":"https:\/\/criolloquetzal.ch\/de\/wp-json\/wp\/v2\/media\/2960"}],"wp:attachment":[{"href":"https:\/\/criolloquetzal.ch\/de\/wp-json\/wp\/v2\/media?parent=3214"}],"wp:term":[{"taxonomy":"product_brand","embeddable":true,"href":"https:\/\/criolloquetzal.ch\/de\/wp-json\/wp\/v2\/product_brand?post=3214"},{"taxonomy":"product_cat","embeddable":true,"href":"https:\/\/criolloquetzal.ch\/de\/wp-json\/wp\/v2\/product_cat?post=3214"},{"taxonomy":"product_tag","embeddable":true,"href":"https:\/\/criolloquetzal.ch\/de\/wp-json\/wp\/v2\/product_tag?post=3214"}],"curies":[{"name":"wp","href":"https:\/\/api.w.org\/{rel}","templated":true}]}}