{"id":3220,"date":"2022-07-15T16:51:36","date_gmt":"2022-07-15T14:51:36","guid":{"rendered":"https:\/\/criolloquetzal.ch\/boutique\/soklet-chocolat-noir-70-aux-fleurs-dhibiscus-graines-de-courge-et-epices-inde\/"},"modified":"2026-04-16T23:09:13","modified_gmt":"2026-04-16T21:09:13","slug":"soklet-dunkle-schokolade-70-mit-hibiskusblueten-kuerbiskernen-und-gewuerzen","status":"publish","type":"product","link":"https:\/\/criolloquetzal.ch\/de\/produit\/soklet-dunkle-schokolade-70-mit-hibiskusblueten-kuerbiskernen-und-gewuerzen\/","title":{"rendered":"Soklet - Dunkle Schokolade 70% mit Hibiskusbl\u00fcten, K\u00fcrbiskernen und Gew\u00fcrzen - INDIEN"},"content":{"rendered":"<p>Hibiskus wird in Kombination mit Gew\u00fcrzen, die der Schokolade eine gewisse Sch\u00e4rfe verleihen, mit K\u00fcrbiskernen garniert. Diese typisch indischen und oft vernachl\u00e4ssigten Zutaten verleihen dieser Soklet - Dunkle Schokolade 70% mit Hibiskusbl\u00fcten ein einzigartiges Aroma.<\/p>\n<p>Soklet stellt Schokolade aus Kakao her, der auf eigenen Plantagen am Fusse des Anamalai Gebirges angebaut wird. Dort wird das Beste aus jeder Charge ausgew\u00e4hlt und fermentiert, bevor es in reines Gl\u00fcck verwandelt wird.<\/p>\n","protected":false},"excerpt":{"rendered":"<p>Hibiskus wird in Kombination mit Gew\u00fcrzen, die der Schokolade eine gewisse Sch\u00e4rfe verleihen, mit K\u00fcrbiskernen garniert. Diese typisch indischen und oft vernachl\u00e4ssigten Zutaten verleihen dieser Soklet - Dunkle Schokolade 70% mit Hibiskusbl\u00fcten ein einzigartiges Aroma. Soklet stellt Schokolade aus Kakao her, der auf eigenen Plantagen am Fusse des Anamalai Gebirges angebaut wird. Dort wird das Beste aus jeder Charge ausgew\u00e4hlt und fermentiert, bevor es in reines Gl\u00fcck verwandelt wird.<\/p>\n","protected":false},"featured_media":2988,"template":"","meta":{"_acf_changed":false,"inline_featured_image":false},"product_brand":[],"product_cat":[506,131],"product_tag":[],"class_list":{"0":"post-3220","1":"product","2":"type-product","3":"status-publish","4":"has-post-thumbnail","6":"product_cat-indien","7":"product_cat-asien-pazifik","9":"first","10":"instock","11":"taxable","12":"shipping-taxable","13":"purchasable","14":"product-type-simple"},"bundled_by":[],"bundle_stock_status":"instock","bundle_stock_quantity":38,"bundle_virtual":false,"bundle_layout":"","bundle_add_to_cart_form_location":"","bundle_editable_in_cart":false,"bundle_sold_individually_context":"","bundle_item_grouping":"","bundle_min_size":"","bundle_max_size":"","bundle_price":[],"bundled_items":[],"bundle_sell_ids":[],"acf":{"ingredients":"\u200bKakaomasse (70% Indien), Kakaobutter, Rohrzucker, getrocknete Hibiskusbl\u00fcten, ger\u00f6stete K\u00fcrbiskerne und Gew\u00fcrze","energie":509,"graisse":24,"graisse_saturee":7,"glucides":58,"sucre":27,"fibre":"--","proteines":14,"sel":0},"_links":{"self":[{"href":"https:\/\/criolloquetzal.ch\/de\/wp-json\/wp\/v2\/product\/3220","targetHints":{"allow":["GET"]}}],"collection":[{"href":"https:\/\/criolloquetzal.ch\/de\/wp-json\/wp\/v2\/product"}],"about":[{"href":"https:\/\/criolloquetzal.ch\/de\/wp-json\/wp\/v2\/types\/product"}],"wp:featuredmedia":[{"embeddable":true,"href":"https:\/\/criolloquetzal.ch\/de\/wp-json\/wp\/v2\/media\/2988"}],"wp:attachment":[{"href":"https:\/\/criolloquetzal.ch\/de\/wp-json\/wp\/v2\/media?parent=3220"}],"wp:term":[{"taxonomy":"product_brand","embeddable":true,"href":"https:\/\/criolloquetzal.ch\/de\/wp-json\/wp\/v2\/product_brand?post=3220"},{"taxonomy":"product_cat","embeddable":true,"href":"https:\/\/criolloquetzal.ch\/de\/wp-json\/wp\/v2\/product_cat?post=3220"},{"taxonomy":"product_tag","embeddable":true,"href":"https:\/\/criolloquetzal.ch\/de\/wp-json\/wp\/v2\/product_tag?post=3220"}],"curies":[{"name":"wp","href":"https:\/\/api.w.org\/{rel}","templated":true}]}}