{"id":3223,"date":"2022-07-15T16:54:59","date_gmt":"2022-07-15T14:54:59","guid":{"rendered":"https:\/\/criolloquetzal.ch\/boutique\/soklet-chocolat-noir-100-inde\/"},"modified":"2026-04-09T08:39:57","modified_gmt":"2026-04-09T06:39:57","slug":"soklet-dunkle-schokolade-100","status":"publish","type":"product","link":"https:\/\/criolloquetzal.ch\/de\/produit\/soklet-dunkle-schokolade-100\/","title":{"rendered":"Soklet - Dunkle Schokolade 100% - INDIEN"},"content":{"rendered":"<p>Die geschmacksintensive Soklet - Dunkle Schokolade 100% wird ausschliesslich aus Kakao hergestellt und enth\u00e4lt keine weiteren Zutaten. Diese Schokolade ist reich an Antioxidantien und Theobromin und er\u00f6ffnet Noten von Erde, Honig und roten Fr\u00fcchten. Geniessen Sie sie als Superfood oder f\u00fcr einen Energieschub.<\/p>\n<p>Soklet stellt Schokolade aus Kakao her, der auf ihren eigenen Plantagen in den Ausl\u00e4ufern des Anamalai Gebirges angebaut wird, wo sie das Beste aus jeder Charge ausw\u00e4hlen und fermentieren, bevor sie es in reine Freude verwandeln.<\/p>\n","protected":false},"excerpt":{"rendered":"<p>Die geschmacksintensive Soklet - Dunkle Schokolade 100% wird ausschliesslich aus Kakao hergestellt und enth\u00e4lt keine weiteren Zutaten. Diese Schokolade ist reich an Antioxidantien und Theobromin und er\u00f6ffnet Noten von Erde, Honig und roten Fr\u00fcchten. Geniessen Sie sie als Superfood oder f\u00fcr einen Energieschub.<\/p>\n","protected":false},"featured_media":2968,"template":"","meta":{"_acf_changed":false,"inline_featured_image":false},"product_brand":[],"product_cat":[506,131],"product_tag":[],"class_list":{"0":"post-3223","1":"product","2":"type-product","3":"status-publish","4":"has-post-thumbnail","6":"product_cat-indien","7":"product_cat-asien-pazifik","9":"first","10":"outofstock","11":"taxable","12":"shipping-taxable","13":"purchasable","14":"product-type-simple"},"bundled_by":["7036"],"bundle_stock_status":"outofstock","bundle_stock_quantity":0,"bundle_virtual":false,"bundle_layout":"","bundle_add_to_cart_form_location":"","bundle_editable_in_cart":false,"bundle_sold_individually_context":"","bundle_item_grouping":"","bundle_min_size":"","bundle_max_size":"","bundle_price":[],"bundled_items":[],"bundle_sell_ids":[],"acf":{"ingredients":"\u200bKakaomasse\u00a0<span class=\"redactor-invisible-space\" data-verified=\"redactor\" data-redactor-tag=\"span\" data-redactor-class=\"redactor-invisible-space\">\u200b(100% Indien)<\/span>","energie":545,"graisse":33,"graisse_saturee":10,"glucides":44,"sucre":3,"fibre":"--","proteines":19,"sel":0},"_links":{"self":[{"href":"https:\/\/criolloquetzal.ch\/de\/wp-json\/wp\/v2\/product\/3223","targetHints":{"allow":["GET"]}}],"collection":[{"href":"https:\/\/criolloquetzal.ch\/de\/wp-json\/wp\/v2\/product"}],"about":[{"href":"https:\/\/criolloquetzal.ch\/de\/wp-json\/wp\/v2\/types\/product"}],"wp:featuredmedia":[{"embeddable":true,"href":"https:\/\/criolloquetzal.ch\/de\/wp-json\/wp\/v2\/media\/2968"}],"wp:attachment":[{"href":"https:\/\/criolloquetzal.ch\/de\/wp-json\/wp\/v2\/media?parent=3223"}],"wp:term":[{"taxonomy":"product_brand","embeddable":true,"href":"https:\/\/criolloquetzal.ch\/de\/wp-json\/wp\/v2\/product_brand?post=3223"},{"taxonomy":"product_cat","embeddable":true,"href":"https:\/\/criolloquetzal.ch\/de\/wp-json\/wp\/v2\/product_cat?post=3223"},{"taxonomy":"product_tag","embeddable":true,"href":"https:\/\/criolloquetzal.ch\/de\/wp-json\/wp\/v2\/product_tag?post=3223"}],"curies":[{"name":"wp","href":"https:\/\/api.w.org\/{rel}","templated":true}]}}