{"id":3666,"date":"2022-08-21T13:50:24","date_gmt":"2022-08-21T11:50:24","guid":{"rendered":"https:\/\/criolloquetzal.ch\/?post_type=product&#038;p=3666"},"modified":"2026-04-17T02:22:32","modified_gmt":"2026-04-17T00:22:32","slug":"baiani-dunkle-schokolade-70-mit-orangenschale","status":"publish","type":"product","link":"https:\/\/criolloquetzal.ch\/de\/produit\/baiani-dunkle-schokolade-70-mit-orangenschale\/","title":{"rendered":"Baian\u00ed - Dunkle Schokolade 70% mit Orangenschale - BRASILIEN"},"content":{"rendered":"<p>Diese preisgekr\u00f6nte Tafel ist der Verkaufsschlager von Baian\u00ed. Dieses Rezept enth\u00e4lt kein Infus, keine Essenzen oder k\u00fcnstliche Aromen, sondern nur die frische Schale sorgf\u00e4ltig ausgew\u00e4hlter Orangen, die 70%iger dunkler Schokolade zugesetzt wird.<\/p>\n<p>Die Kakaobutter kapselt die Frische der Schale ein und bewahrt ihren intensiven Geschmack f\u00fcr ein einzigartiges sensorisches Erlebnis, das sich deutlich von jeder anderen Schokolade mit Orangengeschmack unterscheidet.<\/p>\n","protected":false},"excerpt":{"rendered":"<p>Diese preisgekr\u00f6nte Tafel ist der Verkaufsschlager von Baian\u00ed. Dieses Rezept enth\u00e4lt kein Infus, keine Essenzen oder k\u00fcnstliche Aromen, sondern nur die frische Schale sorgf\u00e4ltig ausgew\u00e4hlter Orangen, die 70%iger dunkler Schokolade zugesetzt wird. Die Kakaobutter kapselt die Frische der Schale ein und bewahrt ihren intensiven Geschmack f\u00fcr ein einzigartiges sensorisches Erlebnis, das sich deutlich von jeder anderen Schokolade mit Orangengeschmack unterscheidet.<\/p>\n","protected":false},"featured_media":3133,"template":"","meta":{"_acf_changed":false,"inline_featured_image":false},"product_brand":[],"product_cat":[126,125],"product_tag":[],"class_list":{"0":"post-3666","1":"product","2":"type-product","3":"status-publish","4":"has-post-thumbnail","6":"product_cat-brasilien","7":"product_cat-suedamerika","9":"first","10":"instock","11":"taxable","12":"shipping-taxable","13":"purchasable","14":"product-type-simple"},"bundled_by":["9318"],"bundle_stock_status":"instock","bundle_stock_quantity":43,"bundle_virtual":false,"bundle_layout":"","bundle_add_to_cart_form_location":"","bundle_editable_in_cart":false,"bundle_sold_individually_context":"","bundle_item_grouping":"","bundle_min_size":"","bundle_max_size":"","bundle_price":[],"bundled_items":[],"bundle_sell_ids":[],"acf":{"ingredients":"\u200bKakaomasse (70% Brasilien), Zucker, Orangenschale","energie":569,"graisse":45,"graisse_saturee":24,"glucides":27,"sucre":27,"fibre":"17","proteines":10,"sel":0},"_links":{"self":[{"href":"https:\/\/criolloquetzal.ch\/de\/wp-json\/wp\/v2\/product\/3666","targetHints":{"allow":["GET"]}}],"collection":[{"href":"https:\/\/criolloquetzal.ch\/de\/wp-json\/wp\/v2\/product"}],"about":[{"href":"https:\/\/criolloquetzal.ch\/de\/wp-json\/wp\/v2\/types\/product"}],"wp:featuredmedia":[{"embeddable":true,"href":"https:\/\/criolloquetzal.ch\/de\/wp-json\/wp\/v2\/media\/3133"}],"wp:attachment":[{"href":"https:\/\/criolloquetzal.ch\/de\/wp-json\/wp\/v2\/media?parent=3666"}],"wp:term":[{"taxonomy":"product_brand","embeddable":true,"href":"https:\/\/criolloquetzal.ch\/de\/wp-json\/wp\/v2\/product_brand?post=3666"},{"taxonomy":"product_cat","embeddable":true,"href":"https:\/\/criolloquetzal.ch\/de\/wp-json\/wp\/v2\/product_cat?post=3666"},{"taxonomy":"product_tag","embeddable":true,"href":"https:\/\/criolloquetzal.ch\/de\/wp-json\/wp\/v2\/product_tag?post=3666"}],"curies":[{"name":"wp","href":"https:\/\/api.w.org\/{rel}","templated":true}]}}