{"id":3669,"date":"2022-08-21T13:50:22","date_gmt":"2022-08-21T11:50:22","guid":{"rendered":"https:\/\/criolloquetzal.ch\/?post_type=product&#038;p=3669"},"modified":"2026-04-10T06:57:23","modified_gmt":"2026-04-10T04:57:23","slug":"baiani-dunkle-schokolade-70-mit-kakaonibs-limetten-und-chilisaft","status":"publish","type":"product","link":"https:\/\/criolloquetzal.ch\/de\/produit\/baiani-dunkle-schokolade-70-mit-kakaonibs-limetten-und-chilisaft\/","title":{"rendered":"Baian\u00ed - Dunkle Schokolade 70% mit Kakaonibs, Limetten- und Chilisaft - BRASILIEN"},"content":{"rendered":"<p>Scharfe Gerichte sind das Herzst\u00fcck der bahianischen K\u00fcche. Chili und Schokolade sind eine bew\u00e4hrte Kombination, aber die Baian\u00ed haben sich selbst herausgefordert, die Messlatte f\u00fcr dieses Rezept h\u00f6her zu legen.<\/p>\n<p>Auf der Suche nach dem perfekten Gleichgewicht zwischen der Intensit\u00e4t der 70%igen dunklen Schokolade und der Sch\u00e4rfe von Chili wollten die Sch\u00f6pfer von Baian\u00ed einen angenehmen Geschmack schaffen, auch f\u00fcr diejenigen, die nicht unbedingt Chili-Fans sind. Der Chili \"Pimenta Bode\" wird in Limettensaft getr\u00e4nkt, um genau die richtige Menge an S\u00e4ure zu erhalten. Mit dieser Tafel haben sie ein echtes Sinneserlebnis aus Bahia geschaffen!<\/p>\n","protected":false},"excerpt":{"rendered":"<p>Scharfe Gerichte sind das Herzst\u00fcck der bahianischen K\u00fcche. Chili und Schokolade sind eine bew\u00e4hrte Kombination, aber die Baian\u00ed haben sich selbst herausgefordert, die Messlatte f\u00fcr dieses Rezept h\u00f6her zu legen. Auf der Suche nach dem perfekten Gleichgewicht zwischen der Intensit\u00e4t der 70%igen dunklen Schokolade und der Sch\u00e4rfe von Chili wollten die Sch\u00f6pfer von Baian\u00ed einen angenehmen Geschmack schaffen, auch f\u00fcr diejenigen, die nicht unbedingt Chili-Fans sind. Der Chili \"Pimenta Bode\" wird in Limettensaft getr\u00e4nkt, um genau die richtige Menge an S\u00e4ure zu erhalten. Mit dieser Tafel haben sie ein echtes Sinneserlebnis aus Bahia geschaffen!<\/p>\n","protected":false},"featured_media":3125,"template":"","meta":{"_acf_changed":false,"inline_featured_image":false},"product_brand":[],"product_cat":[126,125],"product_tag":[],"class_list":{"0":"post-3669","1":"product","2":"type-product","3":"status-publish","4":"has-post-thumbnail","6":"product_cat-brasilien","7":"product_cat-suedamerika","9":"first","10":"instock","11":"taxable","12":"shipping-taxable","13":"purchasable","14":"product-type-simple"},"bundled_by":[],"bundle_stock_status":"instock","bundle_stock_quantity":32,"bundle_virtual":false,"bundle_layout":"","bundle_add_to_cart_form_location":"","bundle_editable_in_cart":false,"bundle_sold_individually_context":"","bundle_item_grouping":"","bundle_min_size":"","bundle_max_size":"","bundle_price":[],"bundled_items":[],"bundle_sell_ids":[],"acf":{"ingredients":"\u200bKakaomasse (70% Brasilien), Zucker, Kakaonibs, Limettensaft, Chilisaft","energie":552,"graisse":45,"graisse_saturee":24,"glucides":28,"sucre":24,"fibre":"17","proteines":10,"sel":0},"_links":{"self":[{"href":"https:\/\/criolloquetzal.ch\/de\/wp-json\/wp\/v2\/product\/3669","targetHints":{"allow":["GET"]}}],"collection":[{"href":"https:\/\/criolloquetzal.ch\/de\/wp-json\/wp\/v2\/product"}],"about":[{"href":"https:\/\/criolloquetzal.ch\/de\/wp-json\/wp\/v2\/types\/product"}],"wp:featuredmedia":[{"embeddable":true,"href":"https:\/\/criolloquetzal.ch\/de\/wp-json\/wp\/v2\/media\/3125"}],"wp:attachment":[{"href":"https:\/\/criolloquetzal.ch\/de\/wp-json\/wp\/v2\/media?parent=3669"}],"wp:term":[{"taxonomy":"product_brand","embeddable":true,"href":"https:\/\/criolloquetzal.ch\/de\/wp-json\/wp\/v2\/product_brand?post=3669"},{"taxonomy":"product_cat","embeddable":true,"href":"https:\/\/criolloquetzal.ch\/de\/wp-json\/wp\/v2\/product_cat?post=3669"},{"taxonomy":"product_tag","embeddable":true,"href":"https:\/\/criolloquetzal.ch\/de\/wp-json\/wp\/v2\/product_tag?post=3669"}],"curies":[{"name":"wp","href":"https:\/\/api.w.org\/{rel}","templated":true}]}}