{"id":3913,"date":"2022-08-28T18:54:58","date_gmt":"2022-08-28T16:54:58","guid":{"rendered":"https:\/\/criolloquetzal.ch\/boutique\/mestico-chocolat-noir-catongo-67\/"},"modified":"2026-04-15T08:35:02","modified_gmt":"2026-04-15T06:35:02","slug":"mestico-dunkle-catongo-schokolade-67","status":"publish","type":"product","link":"https:\/\/criolloquetzal.ch\/de\/produit\/mestico-dunkle-catongo-schokolade-67\/","title":{"rendered":"Mesti\u00e7o - Dunkle Catongo-Schokolade 67% - BRAZILIEN"},"content":{"rendered":"<p>Catongo ist eine helle Albino-Bohne der Sorte Forastero, eine seltene K\u00f6stlichkeit, die auf den Plantagen von Mesti\u00e7o im Atlantischen Regenwald w\u00e4chst. Diese 67%ige dunkle Schokolade bietet ausgewogene Noten von Karamell und Mandeln und eine besondere Farbe von Dulce de Leche. Und das alles unter ausschliesslicher Verwendung von Kakao und Zucker!<\/p>\n","protected":false},"excerpt":{"rendered":"<p>Catongo ist eine helle Albino-Bohne der Sorte Forastero, eine seltene K\u00f6stlichkeit, die auf den Plantagen von Mesti\u00e7o im Atlantischen Regenwald w\u00e4chst. Diese 67%ige dunkle Schokolade bietet ausgewogene Noten von Karamell und Mandeln und eine besondere Farbe von Dulce de Leche. Und das alles unter ausschliesslicher Verwendung von Kakao und Zucker!<\/p>\n","protected":false},"featured_media":3786,"template":"","meta":{"_acf_changed":false,"inline_featured_image":false},"product_brand":[],"product_cat":[126,125],"product_tag":[],"class_list":{"0":"post-3913","1":"product","2":"type-product","3":"status-publish","4":"has-post-thumbnail","6":"product_cat-brasilien","7":"product_cat-suedamerika","9":"first","10":"instock","11":"taxable","12":"shipping-taxable","13":"purchasable","14":"product-type-simple"},"bundled_by":[],"bundle_stock_status":"instock","bundle_stock_quantity":9,"bundle_virtual":false,"bundle_layout":"","bundle_add_to_cart_form_location":"","bundle_editable_in_cart":false,"bundle_sold_individually_context":"","bundle_item_grouping":"","bundle_min_size":"","bundle_max_size":"","bundle_price":[],"bundled_items":[],"bundle_sell_ids":[],"acf":{"ingredients":"\u200bKakaomasse (65% Brasilien), Zucker, Kakaobutter","energie":539,"graisse":37,"graisse_saturee":22,"glucides":51,"sucre":33,"fibre":"12","proteines":9,"sel":0},"_links":{"self":[{"href":"https:\/\/criolloquetzal.ch\/de\/wp-json\/wp\/v2\/product\/3913","targetHints":{"allow":["GET"]}}],"collection":[{"href":"https:\/\/criolloquetzal.ch\/de\/wp-json\/wp\/v2\/product"}],"about":[{"href":"https:\/\/criolloquetzal.ch\/de\/wp-json\/wp\/v2\/types\/product"}],"wp:featuredmedia":[{"embeddable":true,"href":"https:\/\/criolloquetzal.ch\/de\/wp-json\/wp\/v2\/media\/3786"}],"wp:attachment":[{"href":"https:\/\/criolloquetzal.ch\/de\/wp-json\/wp\/v2\/media?parent=3913"}],"wp:term":[{"taxonomy":"product_brand","embeddable":true,"href":"https:\/\/criolloquetzal.ch\/de\/wp-json\/wp\/v2\/product_brand?post=3913"},{"taxonomy":"product_cat","embeddable":true,"href":"https:\/\/criolloquetzal.ch\/de\/wp-json\/wp\/v2\/product_cat?post=3913"},{"taxonomy":"product_tag","embeddable":true,"href":"https:\/\/criolloquetzal.ch\/de\/wp-json\/wp\/v2\/product_tag?post=3913"}],"curies":[{"name":"wp","href":"https:\/\/api.w.org\/{rel}","templated":true}]}}