{"id":3915,"date":"2022-08-28T18:54:44","date_gmt":"2022-08-28T16:54:44","guid":{"rendered":"https:\/\/criolloquetzal.ch\/boutique\/mestico-chocolat-noir-65-au-grue-de-cacao-caramelise-et-au-puxuri\/"},"modified":"2026-04-06T02:40:08","modified_gmt":"2026-04-06T00:40:08","slug":"mestico-dunkle-schokolade-65-mit-karamellisierten-kakaonibs-und-puxuri","status":"publish","type":"product","link":"https:\/\/criolloquetzal.ch\/de\/produit\/mestico-dunkle-schokolade-65-mit-karamellisierten-kakaonibs-und-puxuri\/","title":{"rendered":"Mesti\u00e7o - Dunkle Schokolade 65% mit karamellisierten Kakaonibs und Puxuri - BRASILIEN"},"content":{"rendered":"<p>Kleine knusprige St\u00fcckchen sorgen f\u00fcr zus\u00e4tzliche Textur in dieser cremigen Mesti\u00e7o Schokolade! Und f\u00fcr noch mehr Geschmack werden diese St\u00fcckchen mit Puxuri gew\u00fcrzt, einem exotischen Gew\u00fcrz aus dem brasilianischen Amazonas-Regenwald, das an Muskatnuss, Zimt und schwarzen Pfeffer erinnert.<\/p>\n","protected":false},"excerpt":{"rendered":"<p>Kleine knusprige St\u00fcckchen sorgen f\u00fcr zus\u00e4tzliche Textur in dieser cremigen Mesti\u00e7o Schokolade! Und f\u00fcr noch mehr Geschmack werden diese St\u00fcckchen mit Puxuri gew\u00fcrzt, einem exotischen Gew\u00fcrz aus dem brasilianischen Amazonas-Regenwald, das an Muskatnuss, Zimt und schwarzen Pfeffer erinnert.<\/p>\n","protected":false},"featured_media":3810,"template":"","meta":{"_acf_changed":false,"inline_featured_image":false},"product_brand":[],"product_cat":[126,125],"product_tag":[],"class_list":{"0":"post-3915","1":"product","2":"type-product","3":"status-publish","4":"has-post-thumbnail","6":"product_cat-brasilien","7":"product_cat-suedamerika","9":"first","10":"outofstock","11":"taxable","12":"shipping-taxable","13":"purchasable","14":"product-type-simple"},"bundled_by":[],"bundle_stock_status":"outofstock","bundle_stock_quantity":0,"bundle_virtual":false,"bundle_layout":"","bundle_add_to_cart_form_location":"","bundle_editable_in_cart":false,"bundle_sold_individually_context":"","bundle_item_grouping":"","bundle_min_size":"","bundle_max_size":"","bundle_price":[],"bundled_items":[],"bundle_sell_ids":[],"acf":{"ingredients":"Kakaomasse (62% Brasilien), Zucker, Kakaobutter, Puxuri","energie":537,"graisse":36,"graisse_saturee":22,"glucides":52,"sucre":35,"fibre":"11","proteines":9,"sel":0},"_links":{"self":[{"href":"https:\/\/criolloquetzal.ch\/de\/wp-json\/wp\/v2\/product\/3915","targetHints":{"allow":["GET"]}}],"collection":[{"href":"https:\/\/criolloquetzal.ch\/de\/wp-json\/wp\/v2\/product"}],"about":[{"href":"https:\/\/criolloquetzal.ch\/de\/wp-json\/wp\/v2\/types\/product"}],"wp:featuredmedia":[{"embeddable":true,"href":"https:\/\/criolloquetzal.ch\/de\/wp-json\/wp\/v2\/media\/3810"}],"wp:attachment":[{"href":"https:\/\/criolloquetzal.ch\/de\/wp-json\/wp\/v2\/media?parent=3915"}],"wp:term":[{"taxonomy":"product_brand","embeddable":true,"href":"https:\/\/criolloquetzal.ch\/de\/wp-json\/wp\/v2\/product_brand?post=3915"},{"taxonomy":"product_cat","embeddable":true,"href":"https:\/\/criolloquetzal.ch\/de\/wp-json\/wp\/v2\/product_cat?post=3915"},{"taxonomy":"product_tag","embeddable":true,"href":"https:\/\/criolloquetzal.ch\/de\/wp-json\/wp\/v2\/product_tag?post=3915"}],"curies":[{"name":"wp","href":"https:\/\/api.w.org\/{rel}","templated":true}]}}