{"id":3917,"date":"2022-08-28T18:54:53","date_gmt":"2022-08-28T16:54:53","guid":{"rendered":"https:\/\/criolloquetzal.ch\/boutique\/mestico-chocolat-noir-bonanca-75\/"},"modified":"2026-04-14T05:16:26","modified_gmt":"2026-04-14T03:16:26","slug":"mestico-dunkle-bonanca-schokolade-75","status":"publish","type":"product","link":"https:\/\/criolloquetzal.ch\/de\/produit\/mestico-dunkle-bonanca-schokolade-75\/","title":{"rendered":"Mesti\u00e7o - Dunkle Bonan\u00e7a-Schokolade 75% - BRASILIEN"},"content":{"rendered":"<p>Die Sorte Bonan\u00e7a stammt aus den Obstg\u00e4rten von Mesti\u00e7o, ein Geschenk der Natur, das ihre Nachhaltigkeit sicherstellt. Diese Schokolade mit ihrem intensiven und fruchtigen Geschmack ist eine W\u00fcrdigung ihres Erbes.<\/p>\n","protected":false},"excerpt":{"rendered":"<p>Die Sorte Bonan\u00e7a stammt aus den Obstg\u00e4rten von Mesti\u00e7o, ein Geschenk der Natur, das ihre Nachhaltigkeit sicherstellt. Diese Schokolade mit ihrem intensiven und fruchtigen Geschmack ist eine W\u00fcrdigung ihres Erbes.<\/p>\n","protected":false},"featured_media":3762,"template":"","meta":{"_acf_changed":false,"inline_featured_image":false},"product_brand":[],"product_cat":[126,125],"product_tag":[],"class_list":{"0":"post-3917","1":"product","2":"type-product","3":"status-publish","4":"has-post-thumbnail","6":"product_cat-brasilien","7":"product_cat-suedamerika","9":"first","10":"instock","11":"taxable","12":"shipping-taxable","13":"purchasable","14":"product-type-simple"},"bundled_by":[],"bundle_stock_status":"instock","bundle_stock_quantity":4,"bundle_virtual":false,"bundle_layout":"","bundle_add_to_cart_form_location":"","bundle_editable_in_cart":false,"bundle_sold_individually_context":"","bundle_item_grouping":"","bundle_min_size":"","bundle_max_size":"","bundle_price":[],"bundled_items":[],"bundle_sell_ids":[],"acf":{"ingredients":"\u200b\u200bKakaomasse (74% Brasilien), Zucker, Kakaobutter","energie":555,"graisse":41,"graisse_saturee":24,"glucides":46,"sucre":25,"fibre":"13","proteines":9,"sel":0},"_links":{"self":[{"href":"https:\/\/criolloquetzal.ch\/de\/wp-json\/wp\/v2\/product\/3917","targetHints":{"allow":["GET"]}}],"collection":[{"href":"https:\/\/criolloquetzal.ch\/de\/wp-json\/wp\/v2\/product"}],"about":[{"href":"https:\/\/criolloquetzal.ch\/de\/wp-json\/wp\/v2\/types\/product"}],"wp:featuredmedia":[{"embeddable":true,"href":"https:\/\/criolloquetzal.ch\/de\/wp-json\/wp\/v2\/media\/3762"}],"wp:attachment":[{"href":"https:\/\/criolloquetzal.ch\/de\/wp-json\/wp\/v2\/media?parent=3917"}],"wp:term":[{"taxonomy":"product_brand","embeddable":true,"href":"https:\/\/criolloquetzal.ch\/de\/wp-json\/wp\/v2\/product_brand?post=3917"},{"taxonomy":"product_cat","embeddable":true,"href":"https:\/\/criolloquetzal.ch\/de\/wp-json\/wp\/v2\/product_cat?post=3917"},{"taxonomy":"product_tag","embeddable":true,"href":"https:\/\/criolloquetzal.ch\/de\/wp-json\/wp\/v2\/product_tag?post=3917"}],"curies":[{"name":"wp","href":"https:\/\/api.w.org\/{rel}","templated":true}]}}