{"id":3921,"date":"2022-08-28T18:54:59","date_gmt":"2022-08-28T16:54:59","guid":{"rendered":"https:\/\/criolloquetzal.ch\/boutique\/mestico-chocolat-noir-trinitario-75\/"},"modified":"2026-04-04T20:30:01","modified_gmt":"2026-04-04T18:30:01","slug":"mestico-dunkle-trinitario-schokolade-75","status":"publish","type":"product","link":"https:\/\/criolloquetzal.ch\/de\/produit\/mestico-dunkle-trinitario-schokolade-75\/","title":{"rendered":"Mesti\u00e7o - Dunkle Trinitario-Schokolade 75% - BRASILIEN"},"content":{"rendered":"<p>Der preisgekr\u00f6nte Trinitario-Kakao von Mesti\u00e7o demonstriert die Widerstandsf\u00e4higkeit der Kakaokultur Bahias. Es handelt sich um eine blumige Schokolade mit einem Hauch von Lakritze, geringer S\u00e4ure und kontrollierten Tanninen.<\/p>\n","protected":false},"excerpt":{"rendered":"<p>Der preisgekr\u00f6nte Trinitario-Kakao von Mesti\u00e7o demonstriert die Widerstandsf\u00e4higkeit der Kakaokultur Bahias. Es handelt sich um eine blumige Schokolade mit einem Hauch von Lakritze, geringer S\u00e4ure und kontrollierten Tanninen.<\/p>\n","protected":false},"featured_media":3822,"template":"","meta":{"_acf_changed":false,"inline_featured_image":false},"product_brand":[],"product_cat":[126,125],"product_tag":[],"class_list":{"0":"post-3921","1":"product","2":"type-product","3":"status-publish","4":"has-post-thumbnail","6":"product_cat-brasilien","7":"product_cat-suedamerika","9":"first","10":"instock","11":"taxable","12":"shipping-taxable","13":"purchasable","14":"product-type-simple"},"bundled_by":[],"bundle_stock_status":"instock","bundle_stock_quantity":9,"bundle_virtual":false,"bundle_layout":"","bundle_add_to_cart_form_location":"","bundle_editable_in_cart":false,"bundle_sold_individually_context":"","bundle_item_grouping":"","bundle_min_size":"","bundle_max_size":"","bundle_price":[],"bundled_items":[],"bundle_sell_ids":[],"acf":{"ingredients":"\u200bKakaomasse (74% Brasilien), Zucker, Kakaobutter","energie":555,"graisse":41,"graisse_saturee":24,"glucides":46,"sucre":25,"fibre":"13","proteines":10,"sel":0},"_links":{"self":[{"href":"https:\/\/criolloquetzal.ch\/de\/wp-json\/wp\/v2\/product\/3921","targetHints":{"allow":["GET"]}}],"collection":[{"href":"https:\/\/criolloquetzal.ch\/de\/wp-json\/wp\/v2\/product"}],"about":[{"href":"https:\/\/criolloquetzal.ch\/de\/wp-json\/wp\/v2\/types\/product"}],"wp:featuredmedia":[{"embeddable":true,"href":"https:\/\/criolloquetzal.ch\/de\/wp-json\/wp\/v2\/media\/3822"}],"wp:attachment":[{"href":"https:\/\/criolloquetzal.ch\/de\/wp-json\/wp\/v2\/media?parent=3921"}],"wp:term":[{"taxonomy":"product_brand","embeddable":true,"href":"https:\/\/criolloquetzal.ch\/de\/wp-json\/wp\/v2\/product_brand?post=3921"},{"taxonomy":"product_cat","embeddable":true,"href":"https:\/\/criolloquetzal.ch\/de\/wp-json\/wp\/v2\/product_cat?post=3921"},{"taxonomy":"product_tag","embeddable":true,"href":"https:\/\/criolloquetzal.ch\/de\/wp-json\/wp\/v2\/product_tag?post=3921"}],"curies":[{"name":"wp","href":"https:\/\/api.w.org\/{rel}","templated":true}]}}