{"id":3923,"date":"2022-08-28T18:54:51","date_gmt":"2022-08-28T16:54:51","guid":{"rendered":"https:\/\/criolloquetzal.ch\/boutique\/mestico-chocolat-noir-62-au-cafe\/"},"modified":"2026-04-21T01:36:46","modified_gmt":"2026-04-20T23:36:46","slug":"mestico-dunkle-schokolade-62-kaffee-brasilien","status":"publish","type":"product","link":"https:\/\/criolloquetzal.ch\/de\/produit\/mestico-dunkle-schokolade-62-kaffee-brasilien\/","title":{"rendered":"Mesti\u00e7o - Dunkle Schokolade 62% mit Kaffee - BRASILIEN"},"content":{"rendered":"<p>Kakao aus dem Mesti\u00e7o-Regenwald in Itacar\u00e9 kombiniert mit 100% Arabica-Spezialit\u00e4tenkaffee in einer klassischen und typisch brasilianischen Mischung! Ausgezeichnet vom NW Chocolate Festival in Seattle und der Academy of Chocolate in Gro\u00dfbritannien.<\/p>\n","protected":false},"excerpt":{"rendered":"<p>Kakao aus dem Mesti\u00e7o-Regenwald in Itacar\u00e9 kombiniert mit 100% Arabica-Spezialit\u00e4tenkaffee in einer klassischen und typisch brasilianischen Mischung! Ausgezeichnet vom NW Chocolate Festival in Seattle und der Academy of Chocolate in Gro\u00dfbritannien.<\/p>\n","protected":false},"featured_media":3774,"template":"","meta":{"_acf_changed":false,"inline_featured_image":false},"product_brand":[],"product_cat":[126,125],"product_tag":[],"class_list":{"0":"post-3923","1":"product","2":"type-product","3":"status-publish","4":"has-post-thumbnail","6":"product_cat-brasilien","7":"product_cat-suedamerika","9":"first","10":"instock","11":"taxable","12":"shipping-taxable","13":"purchasable","14":"product-type-simple"},"bundled_by":["7039"],"bundle_stock_status":"instock","bundle_stock_quantity":6,"bundle_virtual":false,"bundle_layout":"","bundle_add_to_cart_form_location":"","bundle_editable_in_cart":false,"bundle_sold_individually_context":"","bundle_item_grouping":"","bundle_min_size":"","bundle_max_size":"","bundle_price":[],"bundled_items":[],"bundle_sell_ids":[],"acf":{"ingredients":"\u200bKakaomasse (59% Brasilien), Zucker, Kakaobutter, Kaffeebohnen","energie":527,"graisse":34,"graisse_saturee":20,"glucides":54,"sucre":37,"fibre":"11","proteines":8,"sel":0},"_links":{"self":[{"href":"https:\/\/criolloquetzal.ch\/de\/wp-json\/wp\/v2\/product\/3923","targetHints":{"allow":["GET"]}}],"collection":[{"href":"https:\/\/criolloquetzal.ch\/de\/wp-json\/wp\/v2\/product"}],"about":[{"href":"https:\/\/criolloquetzal.ch\/de\/wp-json\/wp\/v2\/types\/product"}],"wp:featuredmedia":[{"embeddable":true,"href":"https:\/\/criolloquetzal.ch\/de\/wp-json\/wp\/v2\/media\/3774"}],"wp:attachment":[{"href":"https:\/\/criolloquetzal.ch\/de\/wp-json\/wp\/v2\/media?parent=3923"}],"wp:term":[{"taxonomy":"product_brand","embeddable":true,"href":"https:\/\/criolloquetzal.ch\/de\/wp-json\/wp\/v2\/product_brand?post=3923"},{"taxonomy":"product_cat","embeddable":true,"href":"https:\/\/criolloquetzal.ch\/de\/wp-json\/wp\/v2\/product_cat?post=3923"},{"taxonomy":"product_tag","embeddable":true,"href":"https:\/\/criolloquetzal.ch\/de\/wp-json\/wp\/v2\/product_tag?post=3923"}],"curies":[{"name":"wp","href":"https:\/\/api.w.org\/{rel}","templated":true}]}}