{"id":4554,"date":"2022-12-22T18:55:09","date_gmt":"2022-12-22T17:55:09","guid":{"rendered":"https:\/\/criolloquetzal.ch\/boutique\/luisa-abram-chocolat-noir-sauvage-70-rio-purus-bresil\/"},"modified":"2026-04-15T05:17:08","modified_gmt":"2026-04-15T03:17:08","slug":"luisa-abram-dunkle-wildschokolade-70-rio-purus-brasilien","status":"publish","type":"product","link":"https:\/\/criolloquetzal.ch\/de\/produit\/luisa-abram-dunkle-wildschokolade-70-rio-purus-brasilien\/","title":{"rendered":"Luisa Abram - Dunkle Wildschokolade 70% Rio Purus - BRASILIEN"},"content":{"rendered":"<p>Diese Schokolade wird von Luisa Abram aus sehr seltenem Kakao hergestellt, der wild im Amazonas-Regenwald w\u00e4chst. Er wird von Gemeinschaften am Fluss geerntet, welche die einheimischen B\u00e4ume der Frucht sch\u00fctzen. Jeder Fluss repr\u00e4sentiert eine Region mit einer anderen Geschmacksorte.<\/p>\n<p>Aromatische Noten: Gew\u00fcrze (Lakritze, Kardamom), Zucker (Melasse), Fr\u00fcchte (getrocknete Banane), Kastanien, gr\u00fcne Oliven &amp; eine unnachahmlich wilde Note.<\/p>\n","protected":false},"excerpt":{"rendered":"<p>Diese Schokolade wird von Luisa Abram aus sehr seltenem Kakao hergestellt, der wild im Amazonas-Regenwald w\u00e4chst. Er wird von Gemeinschaften am Fluss geerntet, welche die einheimischen B\u00e4ume der Frucht sch\u00fctzen. Jeder Fluss repr\u00e4sentiert eine Region mit einer anderen Geschmacksorte.<\/p>\n<p>Aromatische Noten: Gew\u00fcrze (Lakritze, Kardamom), Zucker (Melasse), Fr\u00fcchte (getrocknete Banane), Kastanien, gr\u00fcne Oliven &amp; eine unnachahmlich wilde Note.<\/p>\n","protected":false},"featured_media":4489,"template":"","meta":{"_acf_changed":false,"inline_featured_image":false},"product_brand":[],"product_cat":[126,125],"product_tag":[],"class_list":{"0":"post-4554","1":"product","2":"type-product","3":"status-publish","4":"has-post-thumbnail","6":"product_cat-brasilien","7":"product_cat-suedamerika","9":"first","10":"instock","11":"taxable","12":"shipping-taxable","13":"purchasable","14":"product-type-simple"},"bundled_by":[],"bundle_stock_status":"instock","bundle_stock_quantity":40,"bundle_virtual":false,"bundle_layout":"","bundle_add_to_cart_form_location":"","bundle_editable_in_cart":false,"bundle_sold_individually_context":"","bundle_item_grouping":"","bundle_min_size":"","bundle_max_size":"","bundle_price":[],"bundled_items":[],"bundle_sell_ids":[],"acf":{"ingredients":"\u200bKakaomasse (70% Brasilien), Kakaobutter, Rohrzucker","energie":552,"graisse":40,"graisse_saturee":27,"glucides":37,"sucre":30,"fibre":"12","proteines":10,"sel":0},"_links":{"self":[{"href":"https:\/\/criolloquetzal.ch\/de\/wp-json\/wp\/v2\/product\/4554","targetHints":{"allow":["GET"]}}],"collection":[{"href":"https:\/\/criolloquetzal.ch\/de\/wp-json\/wp\/v2\/product"}],"about":[{"href":"https:\/\/criolloquetzal.ch\/de\/wp-json\/wp\/v2\/types\/product"}],"wp:featuredmedia":[{"embeddable":true,"href":"https:\/\/criolloquetzal.ch\/de\/wp-json\/wp\/v2\/media\/4489"}],"wp:attachment":[{"href":"https:\/\/criolloquetzal.ch\/de\/wp-json\/wp\/v2\/media?parent=4554"}],"wp:term":[{"taxonomy":"product_brand","embeddable":true,"href":"https:\/\/criolloquetzal.ch\/de\/wp-json\/wp\/v2\/product_brand?post=4554"},{"taxonomy":"product_cat","embeddable":true,"href":"https:\/\/criolloquetzal.ch\/de\/wp-json\/wp\/v2\/product_cat?post=4554"},{"taxonomy":"product_tag","embeddable":true,"href":"https:\/\/criolloquetzal.ch\/de\/wp-json\/wp\/v2\/product_tag?post=4554"}],"curies":[{"name":"wp","href":"https:\/\/api.w.org\/{rel}","templated":true}]}}