{"id":4560,"date":"2022-12-22T19:07:32","date_gmt":"2022-12-22T18:07:32","guid":{"rendered":"https:\/\/criolloquetzal.ch\/boutique\/luisa-abram-chocolat-noir-sauvage-70-rio-jurua-bresil\/"},"modified":"2026-04-17T12:21:19","modified_gmt":"2026-04-17T10:21:19","slug":"luisa-abram-dunkle-wildschokolade-70-rio-jurua-brasilien","status":"publish","type":"product","link":"https:\/\/criolloquetzal.ch\/de\/produit\/luisa-abram-dunkle-wildschokolade-70-rio-jurua-brasilien\/","title":{"rendered":"Luisa Abram - Dunkle Wildschokolade 70% Rio Juru\u00e1 - BRASILIEN"},"content":{"rendered":"<p>Diese Schokolade wird von Luisa Abram aus ausgesprochen seltenem Kakao hergestellt, der wild im Regenwald des Amazonas w\u00e4chst. Er wird von Gemeinschaften am Fluss geerntet, welche die einheimischen B\u00e4ume der Frucht sch\u00fctzen. Jeder Fluss repr\u00e4sentiert eine Region mit einem anderen Geschmacksprofil.<\/p>\n<p>Geschmacksnoten: blumige Noten von Litschi und Pitanga (Cayenne-Kirschen), die sich zu einem Duft von kandierten Fr\u00fcchten und Karamell entwickeln.<\/p>\n","protected":false},"excerpt":{"rendered":"<p>Diese Schokolade wird von Luisa Abram aus ausgesprochen seltenem Kakao hergestellt, der wild im Regenwald des Amazonas w\u00e4chst. Er wird von Gemeinschaften am Fluss geerntet, welche die einheimischen B\u00e4ume der Frucht sch\u00fctzen. Jeder Fluss repr\u00e4sentiert eine Region mit einem anderen Geschmacksprofil.<\/p>\n<p>Geschmacksnoten: blumige Noten von Litschi und Pitanga (Cayenne-Kirschen), die sich zu einem Duft von kandierten Fr\u00fcchten und Karamell entwickeln.<\/p>\n","protected":false},"featured_media":4481,"template":"","meta":{"_acf_changed":false,"inline_featured_image":false},"product_brand":[],"product_cat":[126,125],"product_tag":[],"class_list":{"0":"post-4560","1":"product","2":"type-product","3":"status-publish","4":"has-post-thumbnail","6":"product_cat-brasilien","7":"product_cat-suedamerika","9":"first","10":"instock","11":"taxable","12":"shipping-taxable","13":"purchasable","14":"product-type-simple"},"bundled_by":[],"bundle_stock_status":"instock","bundle_stock_quantity":24,"bundle_virtual":false,"bundle_layout":"","bundle_add_to_cart_form_location":"","bundle_editable_in_cart":false,"bundle_sold_individually_context":"","bundle_item_grouping":"","bundle_min_size":"","bundle_max_size":"","bundle_price":[],"bundled_items":[],"bundle_sell_ids":[],"acf":{"ingredients":"\u200bKakaomasse (70% Brasilien), Kakaobutter, Rohrzucker","energie":532,"graisse":40,"graisse_saturee":22,"glucides":47,"sucre":30,"fibre":"10","proteines":10,"sel":0},"_links":{"self":[{"href":"https:\/\/criolloquetzal.ch\/de\/wp-json\/wp\/v2\/product\/4560","targetHints":{"allow":["GET"]}}],"collection":[{"href":"https:\/\/criolloquetzal.ch\/de\/wp-json\/wp\/v2\/product"}],"about":[{"href":"https:\/\/criolloquetzal.ch\/de\/wp-json\/wp\/v2\/types\/product"}],"wp:featuredmedia":[{"embeddable":true,"href":"https:\/\/criolloquetzal.ch\/de\/wp-json\/wp\/v2\/media\/4481"}],"wp:attachment":[{"href":"https:\/\/criolloquetzal.ch\/de\/wp-json\/wp\/v2\/media?parent=4560"}],"wp:term":[{"taxonomy":"product_brand","embeddable":true,"href":"https:\/\/criolloquetzal.ch\/de\/wp-json\/wp\/v2\/product_brand?post=4560"},{"taxonomy":"product_cat","embeddable":true,"href":"https:\/\/criolloquetzal.ch\/de\/wp-json\/wp\/v2\/product_cat?post=4560"},{"taxonomy":"product_tag","embeddable":true,"href":"https:\/\/criolloquetzal.ch\/de\/wp-json\/wp\/v2\/product_tag?post=4560"}],"curies":[{"name":"wp","href":"https:\/\/api.w.org\/{rel}","templated":true}]}}