{"id":4566,"date":"2022-12-22T18:43:41","date_gmt":"2022-12-22T17:43:41","guid":{"rendered":"https:\/\/criolloquetzal.ch\/boutique\/luisa-abram-chocolat-noir-sauvage-70-au-cupuacu-bresil\/"},"modified":"2026-04-12T14:39:20","modified_gmt":"2026-04-12T12:39:20","slug":"luisa-abram-dunkle-schokolade-70-mit-cupuacu-brasilien","status":"publish","type":"product","link":"https:\/\/criolloquetzal.ch\/de\/produit\/luisa-abram-dunkle-schokolade-70-mit-cupuacu-brasilien\/","title":{"rendered":"Luisa Abram - Dunkle Schokolade 70% mit Cupua\u00e7u - BRASILIEN"},"content":{"rendered":"<p>Diese Schokolade wird von Luisa Abram aus extrem seltenem Kakao hergestellt, der wild im Amazonas-Regenwald w\u00e4chst. Er wird von Gemeinschaften am Fluss geerntet, welche die einheimischen B\u00e4ume der Frucht sch\u00fctzen. Jeder Fluss steht f\u00fcr eine Region mit einer anderen Geschmacksrichtung.<\/p>\n<p>Subtile Zitrusnoten in dieser 70%igen dunklen Schokolade verbinden sich anmutig mit der Schale von kristallisiertem Cupua\u00e7u - einer seltenen tropischen Frucht, die mit dem Kakao verwandt ist. Sie erg\u00e4nzen sich auf nat\u00fcrliche Weise - als w\u00e4ren sie f\u00fcreinander gemacht.<\/p>\n","protected":false},"excerpt":{"rendered":"<p>Diese Schokolade wird von Luisa Abram aus extrem seltenem Kakao hergestellt, der wild im Amazonas-Regenwald w\u00e4chst. Er wird von Gemeinschaften am Fluss geerntet, welche die einheimischen B\u00e4ume der Frucht sch\u00fctzen. Jeder Fluss steht f\u00fcr eine Region mit einer anderen Geschmacksrichtung.<\/p>\n<p>Subtile Zitrusnoten in dieser 70%igen dunklen Schokolade verbinden sich anmutig mit der Schale von kristallisiertem Cupua\u00e7u - einer seltenen tropischen Frucht, die mit dem Kakao verwandt ist. Sie erg\u00e4nzen sich auf nat\u00fcrliche Weise - als w\u00e4ren sie f\u00fcreinander gemacht.<\/p>\n","protected":false},"featured_media":4465,"template":"","meta":{"_acf_changed":false,"inline_featured_image":false},"product_brand":[],"product_cat":[126,125],"product_tag":[],"class_list":{"0":"post-4566","1":"product","2":"type-product","3":"status-publish","4":"has-post-thumbnail","6":"product_cat-brasilien","7":"product_cat-suedamerika","9":"first","10":"instock","11":"taxable","12":"shipping-taxable","13":"purchasable","14":"product-type-simple"},"bundled_by":["8269"],"bundle_stock_status":"instock","bundle_stock_quantity":12,"bundle_virtual":false,"bundle_layout":"","bundle_add_to_cart_form_location":"","bundle_editable_in_cart":false,"bundle_sold_individually_context":"","bundle_item_grouping":"","bundle_min_size":"","bundle_max_size":"","bundle_price":[],"bundled_items":[],"bundle_sell_ids":[],"acf":{"ingredients":"\u200bKakaomasse (70% Brasilien), Kakaobutter, Rohrzucker, kandierter Cupua\u00e7u","energie":550,"graisse":35,"graisse_saturee":25,"glucides":50,"sucre":30,"fibre":"2","proteines":7,"sel":0},"_links":{"self":[{"href":"https:\/\/criolloquetzal.ch\/de\/wp-json\/wp\/v2\/product\/4566","targetHints":{"allow":["GET"]}}],"collection":[{"href":"https:\/\/criolloquetzal.ch\/de\/wp-json\/wp\/v2\/product"}],"about":[{"href":"https:\/\/criolloquetzal.ch\/de\/wp-json\/wp\/v2\/types\/product"}],"wp:featuredmedia":[{"embeddable":true,"href":"https:\/\/criolloquetzal.ch\/de\/wp-json\/wp\/v2\/media\/4465"}],"wp:attachment":[{"href":"https:\/\/criolloquetzal.ch\/de\/wp-json\/wp\/v2\/media?parent=4566"}],"wp:term":[{"taxonomy":"product_brand","embeddable":true,"href":"https:\/\/criolloquetzal.ch\/de\/wp-json\/wp\/v2\/product_brand?post=4566"},{"taxonomy":"product_cat","embeddable":true,"href":"https:\/\/criolloquetzal.ch\/de\/wp-json\/wp\/v2\/product_cat?post=4566"},{"taxonomy":"product_tag","embeddable":true,"href":"https:\/\/criolloquetzal.ch\/de\/wp-json\/wp\/v2\/product_tag?post=4566"}],"curies":[{"name":"wp","href":"https:\/\/api.w.org\/{rel}","templated":true}]}}