{"id":4939,"date":"2023-04-01T18:19:13","date_gmt":"2023-04-01T16:19:13","guid":{"rendered":"https:\/\/criolloquetzal.ch\/?post_type=product&#038;p=4939"},"modified":"2026-04-19T05:54:54","modified_gmt":"2026-04-19T03:54:54","slug":"latitude-jinja-dunkle-schokolade-64-uganda","status":"publish","type":"product","link":"https:\/\/criolloquetzal.ch\/de\/produit\/latitude-jinja-dunkle-schokolade-64-uganda\/","title":{"rendered":"Latitude - Jinja dunkle Schokolade 64% - UGANDA"},"content":{"rendered":"<p>Einf\u00fchrung in dunkle Schokolade.<\/p>\n<p>Eine cremige Tafel dunkler Latitude-Schokolade f\u00fcr alle Schokoladens\u00fcchtigen und Naschkatzen.<\/p>\n","protected":false},"excerpt":{"rendered":"<p>Einf\u00fchrung in dunkle Schokolade. Eine cremige Tafel dunkler Latitude-Schokolade f\u00fcr alle Schokoladens\u00fcchtigen und Naschkatzen.<\/p>\n","protected":false},"featured_media":4854,"template":"","meta":{"_acf_changed":false,"inline_featured_image":false},"product_brand":[],"product_cat":[725,85],"product_tag":[],"class_list":{"0":"post-4939","1":"product","2":"type-product","3":"status-publish","4":"has-post-thumbnail","6":"product_cat-uganda-de","7":"product_cat-afrika","9":"first","10":"instock","11":"taxable","12":"shipping-taxable","13":"purchasable","14":"product-type-simple"},"bundled_by":[],"bundle_stock_status":"instock","bundle_stock_quantity":41,"bundle_virtual":false,"bundle_layout":"","bundle_add_to_cart_form_location":"","bundle_editable_in_cart":false,"bundle_sold_individually_context":"","bundle_item_grouping":"","bundle_min_size":"","bundle_max_size":"","bundle_price":[],"bundled_items":[],"bundle_sell_ids":[],"acf":{"ingredients":"Kakaobohnen (52% Uganda), Rohrzucker, Kakaobutter","energie":572,"graisse":40,"graisse_saturee":23,"glucides":49,"sucre":37,"fibre":"9","proteines":5,"sel":0},"_links":{"self":[{"href":"https:\/\/criolloquetzal.ch\/de\/wp-json\/wp\/v2\/product\/4939","targetHints":{"allow":["GET"]}}],"collection":[{"href":"https:\/\/criolloquetzal.ch\/de\/wp-json\/wp\/v2\/product"}],"about":[{"href":"https:\/\/criolloquetzal.ch\/de\/wp-json\/wp\/v2\/types\/product"}],"wp:featuredmedia":[{"embeddable":true,"href":"https:\/\/criolloquetzal.ch\/de\/wp-json\/wp\/v2\/media\/4854"}],"wp:attachment":[{"href":"https:\/\/criolloquetzal.ch\/de\/wp-json\/wp\/v2\/media?parent=4939"}],"wp:term":[{"taxonomy":"product_brand","embeddable":true,"href":"https:\/\/criolloquetzal.ch\/de\/wp-json\/wp\/v2\/product_brand?post=4939"},{"taxonomy":"product_cat","embeddable":true,"href":"https:\/\/criolloquetzal.ch\/de\/wp-json\/wp\/v2\/product_cat?post=4939"},{"taxonomy":"product_tag","embeddable":true,"href":"https:\/\/criolloquetzal.ch\/de\/wp-json\/wp\/v2\/product_tag?post=4939"}],"curies":[{"name":"wp","href":"https:\/\/api.w.org\/{rel}","templated":true}]}}