{"id":4945,"date":"2023-04-01T18:00:55","date_gmt":"2023-04-01T16:00:55","guid":{"rendered":"https:\/\/criolloquetzal.ch\/?post_type=product&#038;p=4945"},"modified":"2026-04-24T17:09:47","modified_gmt":"2026-04-24T15:09:47","slug":"latitude-dunkle-schokolade-70-bukonzo-kaffee-uganda","status":"publish","type":"product","link":"https:\/\/criolloquetzal.ch\/de\/produit\/latitude-dunkle-schokolade-70-bukonzo-kaffee-uganda\/","title":{"rendered":"Latitude - Dunkle Schokolade 70% mit Bukonzo-Kaffee - UGANDA"},"content":{"rendered":"<p>Ersetzt das Fr\u00fchst\u00fcck!<\/p>\n<p>Der ugandische Single-Origin-Arabica-Kaffee aus den Rwenzori-Bergen verleiht dieser angenehm bitteren und leicht s\u00e4uerlichen Latitude-Tafel mit nussigen Noten den richtigen Pfiff.<\/p>\n","protected":false},"excerpt":{"rendered":"<p>Ersetzt das Fr\u00fchst\u00fcck! Der ugandische Single-Origin-Arabica-Kaffee aus den Rwenzori-Bergen verleiht dieser angenehm bitteren und leicht s\u00e4uerlichen Latitude-Tafel mit nussigen Noten den richtigen Pfiff.<\/p>\n","protected":false},"featured_media":4846,"template":"","meta":{"_acf_changed":false,"inline_featured_image":false},"product_brand":[],"product_cat":[725,85],"product_tag":[],"class_list":{"0":"post-4945","1":"product","2":"type-product","3":"status-publish","4":"has-post-thumbnail","6":"product_cat-uganda-de","7":"product_cat-afrika","9":"first","10":"instock","11":"taxable","12":"shipping-taxable","13":"purchasable","14":"product-type-simple"},"bundled_by":["7039"],"bundle_stock_status":"instock","bundle_stock_quantity":51,"bundle_virtual":false,"bundle_layout":"","bundle_add_to_cart_form_location":"","bundle_editable_in_cart":false,"bundle_sold_individually_context":"","bundle_item_grouping":"","bundle_min_size":"","bundle_max_size":"","bundle_price":[],"bundled_items":[],"bundle_sell_ids":[],"acf":{"ingredients":"\u200bKakaobohnen (65% Uganda), Rohrzucker, Kakaobutter, Arabica-Kaffee","energie":657,"graisse":47,"graisse_saturee":21,"glucides":44,"sucre":29,"fibre":"2","proteines":9,"sel":0},"_links":{"self":[{"href":"https:\/\/criolloquetzal.ch\/de\/wp-json\/wp\/v2\/product\/4945","targetHints":{"allow":["GET"]}}],"collection":[{"href":"https:\/\/criolloquetzal.ch\/de\/wp-json\/wp\/v2\/product"}],"about":[{"href":"https:\/\/criolloquetzal.ch\/de\/wp-json\/wp\/v2\/types\/product"}],"wp:featuredmedia":[{"embeddable":true,"href":"https:\/\/criolloquetzal.ch\/de\/wp-json\/wp\/v2\/media\/4846"}],"wp:attachment":[{"href":"https:\/\/criolloquetzal.ch\/de\/wp-json\/wp\/v2\/media?parent=4945"}],"wp:term":[{"taxonomy":"product_brand","embeddable":true,"href":"https:\/\/criolloquetzal.ch\/de\/wp-json\/wp\/v2\/product_brand?post=4945"},{"taxonomy":"product_cat","embeddable":true,"href":"https:\/\/criolloquetzal.ch\/de\/wp-json\/wp\/v2\/product_cat?post=4945"},{"taxonomy":"product_tag","embeddable":true,"href":"https:\/\/criolloquetzal.ch\/de\/wp-json\/wp\/v2\/product_tag?post=4945"}],"curies":[{"name":"wp","href":"https:\/\/api.w.org\/{rel}","templated":true}]}}