{"id":4955,"date":"2023-04-01T18:51:59","date_gmt":"2023-04-01T16:51:59","guid":{"rendered":"https:\/\/criolloquetzal.ch\/?post_type=product&#038;p=4955"},"modified":"2026-04-26T19:19:25","modified_gmt":"2026-04-26T17:19:25","slug":"likklemore-dunkle-schokolade-70-frischem-ingwer-jamaika","status":"publish","type":"product","link":"https:\/\/criolloquetzal.ch\/de\/produit\/likklemore-dunkle-schokolade-70-frischem-ingwer-jamaika\/","title":{"rendered":"Likkle More - Dunkle Schokolade 70% mit frischem Ingwer - JAMAIKA"},"content":{"rendered":"<p>Diese ebenso aromatische wie schmackhafte dunkle Schokolade von Likkle More, mit ihrem einzigartigen Duft, verstr\u00f6mt frische, geschmacksintensive Ingwernoten und bietet einen herrlich w\u00fcrzigen und blumigen Kick.<\/p>\n<p>Dieser Criollo\/Amelonado Imperial College Selection (ICS) #95 Kakao aus Trinidad ist eine Mischung aus den besten Kakaosorten S\u00fcd- und Mittelamerikas.<\/p>\n","protected":false},"excerpt":{"rendered":"<p>Diese dunkle Schokolade, die in Kingston, Jamaika, aus einem der besten Kakaosorten der Karibik und dem K\u00f6nnen der renommierten Chocolati\u00e8re Nadine Burie entstanden ist, verstr\u00f6mt frische und w\u00fcrzige Ingwernoten und bietet einen herrlichen w\u00fcrzig-blumigen Kick.<\/p>\n<p>Entdecken Sie diese aromatische und k\u00f6stliche Schokolade in ihrer grafisch ansprechenden Schachtel und machen Sie sich auf eine optische \u00dcberraschung gefasst, wenn Sie sie auspacken.<\/p>\n","protected":false},"featured_media":4810,"template":"","meta":{"_acf_changed":false,"inline_featured_image":false},"product_brand":[],"product_cat":[728,170],"product_tag":[],"class_list":{"0":"post-4955","1":"product","2":"type-product","3":"status-publish","4":"has-post-thumbnail","6":"product_cat-jamaika","7":"product_cat-karibik","9":"first","10":"instock","11":"taxable","12":"shipping-taxable","13":"purchasable","14":"product-type-simple"},"bundled_by":[],"bundle_stock_status":"instock","bundle_stock_quantity":36,"bundle_virtual":false,"bundle_layout":"","bundle_add_to_cart_form_location":"","bundle_editable_in_cart":false,"bundle_sold_individually_context":"","bundle_item_grouping":"","bundle_min_size":"","bundle_max_size":"","bundle_price":[],"bundled_items":[],"bundle_sell_ids":[],"acf":{"ingredients":"\u200b\u200bKakaobohnen (70% Jamaika ), Rohrzucker, Kakaobutter, Ingwer<span class=\"redactor-invisible-space\" data-verified=\"redactor\" data-redactor-tag=\"span\" data-redactor-class=\"redactor-invisible-space\">\u200b,\u00a0<\/span>pflanzlich gef\u00e4rbte Bio-Kakaobutter","energie":514,"graisse":40,"graisse_saturee":26,"glucides":46,"sucre":29,"fibre":"7","proteines":6,"sel":0},"_links":{"self":[{"href":"https:\/\/criolloquetzal.ch\/de\/wp-json\/wp\/v2\/product\/4955","targetHints":{"allow":["GET"]}}],"collection":[{"href":"https:\/\/criolloquetzal.ch\/de\/wp-json\/wp\/v2\/product"}],"about":[{"href":"https:\/\/criolloquetzal.ch\/de\/wp-json\/wp\/v2\/types\/product"}],"wp:featuredmedia":[{"embeddable":true,"href":"https:\/\/criolloquetzal.ch\/de\/wp-json\/wp\/v2\/media\/4810"}],"wp:attachment":[{"href":"https:\/\/criolloquetzal.ch\/de\/wp-json\/wp\/v2\/media?parent=4955"}],"wp:term":[{"taxonomy":"product_brand","embeddable":true,"href":"https:\/\/criolloquetzal.ch\/de\/wp-json\/wp\/v2\/product_brand?post=4955"},{"taxonomy":"product_cat","embeddable":true,"href":"https:\/\/criolloquetzal.ch\/de\/wp-json\/wp\/v2\/product_cat?post=4955"},{"taxonomy":"product_tag","embeddable":true,"href":"https:\/\/criolloquetzal.ch\/de\/wp-json\/wp\/v2\/product_tag?post=4955"}],"curies":[{"name":"wp","href":"https:\/\/api.w.org\/{rel}","templated":true}]}}