{"id":4958,"date":"2023-04-01T19:01:14","date_gmt":"2023-04-01T17:01:14","guid":{"rendered":"https:\/\/criolloquetzal.ch\/?post_type=product&#038;p=4958"},"modified":"2026-04-15T00:54:53","modified_gmt":"2026-04-14T22:54:53","slug":"likklemore-dunkle-schokolade-70-orangenschalen-thymian-jamaika","status":"publish","type":"product","link":"https:\/\/criolloquetzal.ch\/de\/produit\/likklemore-dunkle-schokolade-70-orangenschalen-thymian-jamaika\/","title":{"rendered":"Likkle More - Dunkle Schokolade 70% mit Orangenschalen und frischem jamaikanischen Thymian\u200b - JAMAIKA"},"content":{"rendered":"<p>Eine Gourmetschokolade von Likkle More, die mit einem s\u00fcssen, kr\u00e4uterartigen Duft von Thymian durchzogen ist und mit Orangenschalenw\u00fcrfeln verfeinert wird.<\/p>\n<p>Dieser Criollo\/Amelonado Imperial College Selection (ICS) #95 Kakao aus Trinidad ist eine Mischung aus den besten Kakaosorten S\u00fcd- und Mittelamerikas.<\/p>\n","protected":false},"excerpt":{"rendered":"<p>Eine Gourmetschokolade von Likkle More, die mit einem s\u00fcssen, kr\u00e4uterartigen Duft von Thymian durchzogen ist und mit Orangenschalenw\u00fcrfeln verfeinert wird.<\/p>\n<p>Dieser Criollo\/Amelonado Imperial College Selection (ICS) #95 Kakao aus Trinidad ist eine Mischung aus den besten Kakaosorten S\u00fcd- und Mittelamerikas.<\/p>\n","protected":false},"featured_media":4834,"template":"","meta":{"_acf_changed":false,"inline_featured_image":false},"product_brand":[],"product_cat":[728,170],"product_tag":[],"class_list":{"0":"post-4958","1":"product","2":"type-product","3":"status-publish","4":"has-post-thumbnail","6":"product_cat-jamaika","7":"product_cat-karibik","9":"first","10":"instock","11":"taxable","12":"shipping-taxable","13":"purchasable","14":"product-type-simple"},"bundled_by":["9318"],"bundle_stock_status":"instock","bundle_stock_quantity":32,"bundle_virtual":false,"bundle_layout":"","bundle_add_to_cart_form_location":"","bundle_editable_in_cart":false,"bundle_sold_individually_context":"","bundle_item_grouping":"","bundle_min_size":"","bundle_max_size":"","bundle_price":[],"bundled_items":[],"bundle_sell_ids":[],"acf":{"ingredients":"\u200b\u200bKakaobohnen (70% Jamaika ), Rohrzucker, Kakaobutter, Orangenschalen, frischer jamaikanischer Thymian<span class=\"redactor-invisible-space\" data-verified=\"redactor\" data-redactor-tag=\"span\" data-redactor-class=\"redactor-invisible-space\">\u200b<\/span>, pflanzlich gef\u00e4rbte Bio-Kakaobutter","energie":543,"graisse":37,"graisse_saturee":20,"glucides":63,"sucre":40,"fibre":"20","proteines":9,"sel":0},"_links":{"self":[{"href":"https:\/\/criolloquetzal.ch\/de\/wp-json\/wp\/v2\/product\/4958","targetHints":{"allow":["GET"]}}],"collection":[{"href":"https:\/\/criolloquetzal.ch\/de\/wp-json\/wp\/v2\/product"}],"about":[{"href":"https:\/\/criolloquetzal.ch\/de\/wp-json\/wp\/v2\/types\/product"}],"wp:featuredmedia":[{"embeddable":true,"href":"https:\/\/criolloquetzal.ch\/de\/wp-json\/wp\/v2\/media\/4834"}],"wp:attachment":[{"href":"https:\/\/criolloquetzal.ch\/de\/wp-json\/wp\/v2\/media?parent=4958"}],"wp:term":[{"taxonomy":"product_brand","embeddable":true,"href":"https:\/\/criolloquetzal.ch\/de\/wp-json\/wp\/v2\/product_brand?post=4958"},{"taxonomy":"product_cat","embeddable":true,"href":"https:\/\/criolloquetzal.ch\/de\/wp-json\/wp\/v2\/product_cat?post=4958"},{"taxonomy":"product_tag","embeddable":true,"href":"https:\/\/criolloquetzal.ch\/de\/wp-json\/wp\/v2\/product_tag?post=4958"}],"curies":[{"name":"wp","href":"https:\/\/api.w.org\/{rel}","templated":true}]}}