{"id":5235,"date":"2023-05-21T16:00:31","date_gmt":"2023-05-21T14:00:31","guid":{"rendered":"https:\/\/criolloquetzal.ch\/?post_type=product&#038;p=5235"},"modified":"2026-04-07T22:09:02","modified_gmt":"2026-04-07T20:09:02","slug":"soklet-dunkle-schokolade-70-schwarzem-knoblauch-indien","status":"publish","type":"product","link":"https:\/\/criolloquetzal.ch\/de\/produit\/soklet-dunkle-schokolade-70-schwarzem-knoblauch-indien\/","title":{"rendered":"Soklet - Dunkle Schokolade 70% mit schwarzem Knoblauch - INDIEN"},"content":{"rendered":"<p>Schwarzer Knoblauch ist eine einzigartige Zutat, deren Intensit\u00e4t sich in etwas Besonderes verwandelt! Das Superfood wird in Kombination mit der dunklen Schokolade 70% von Soklet zu einem g\u00f6ttlichen Erlebnis f\u00fcr Ihren Gaumen. Eine Kombination von s\u00fcss, bitter und pikant wie keine andere.<\/p>\n<p>Soklet stellt Schokolade aus Kakao her, der auf den eigenen Plantagen in den Ausl\u00e4ufern des Anamalai Gebirges angebaut wird. Dort werden die besten Kakaosorten ausgew\u00e4hlt und fermentiert, bevor sie zu purem Genuss verarbeitet werden.<\/p>\n","protected":false},"excerpt":{"rendered":"<p>Schwarzer Knoblauch ist eine einzigartige Zutat, deren Intensit\u00e4t sich in etwas Besonderes verwandelt! Das Superfood wird in Kombination mit der dunklen Schokolade 70% von Soklet zu einem g\u00f6ttlichen Erlebnis f\u00fcr Ihren Gaumen. Eine Kombination von s\u00fcss, bitter und pikant wie keine andere. Soklet stellt Schokolade aus Kakao her, der auf den eigenen Plantagen in den Ausl\u00e4ufern des Anamalai Gebirges angebaut wird. Dort werden die besten Kakaosorten ausgew\u00e4hlt und fermentiert, bevor sie zu purem Genuss verarbeitet werden.<\/p>\n","protected":false},"featured_media":5224,"template":"","meta":{"_acf_changed":false,"inline_featured_image":false},"product_brand":[],"product_cat":[506,131],"product_tag":[],"class_list":{"0":"post-5235","1":"product","2":"type-product","3":"status-publish","4":"has-post-thumbnail","6":"product_cat-indien","7":"product_cat-asien-pazifik","9":"first","10":"instock","11":"taxable","12":"shipping-taxable","13":"purchasable","14":"product-type-simple"},"bundled_by":[],"bundle_stock_status":"instock","bundle_stock_quantity":36,"bundle_virtual":false,"bundle_layout":"","bundle_add_to_cart_form_location":"","bundle_editable_in_cart":false,"bundle_sold_individually_context":"","bundle_item_grouping":"","bundle_min_size":"","bundle_max_size":"","bundle_price":[],"bundled_items":[],"bundle_sell_ids":[],"acf":{"ingredients":"\u200bKakaobohnen (70% Indien), Rohrzucker, Kakaobutter, schwarzer knoblauch","energie":512,"graisse":26,"graisse_saturee":8,"glucides":58,"sucre":16,"fibre":"--","proteines":11,"sel":0},"_links":{"self":[{"href":"https:\/\/criolloquetzal.ch\/de\/wp-json\/wp\/v2\/product\/5235","targetHints":{"allow":["GET"]}}],"collection":[{"href":"https:\/\/criolloquetzal.ch\/de\/wp-json\/wp\/v2\/product"}],"about":[{"href":"https:\/\/criolloquetzal.ch\/de\/wp-json\/wp\/v2\/types\/product"}],"wp:featuredmedia":[{"embeddable":true,"href":"https:\/\/criolloquetzal.ch\/de\/wp-json\/wp\/v2\/media\/5224"}],"wp:attachment":[{"href":"https:\/\/criolloquetzal.ch\/de\/wp-json\/wp\/v2\/media?parent=5235"}],"wp:term":[{"taxonomy":"product_brand","embeddable":true,"href":"https:\/\/criolloquetzal.ch\/de\/wp-json\/wp\/v2\/product_brand?post=5235"},{"taxonomy":"product_cat","embeddable":true,"href":"https:\/\/criolloquetzal.ch\/de\/wp-json\/wp\/v2\/product_cat?post=5235"},{"taxonomy":"product_tag","embeddable":true,"href":"https:\/\/criolloquetzal.ch\/de\/wp-json\/wp\/v2\/product_tag?post=5235"}],"curies":[{"name":"wp","href":"https:\/\/api.w.org\/{rel}","templated":true}]}}