{"id":5966,"date":"2023-08-24T10:38:00","date_gmt":"2023-08-24T08:38:00","guid":{"rendered":"https:\/\/criolloquetzal.ch\/?post_type=product&#038;p=5966"},"modified":"2026-04-12T14:39:20","modified_gmt":"2026-04-12T12:39:20","slug":"baiani-dunkle-schokolade-65-passionsfrucht-brasilien","status":"publish","type":"product","link":"https:\/\/criolloquetzal.ch\/de\/produit\/baiani-dunkle-schokolade-65-passionsfrucht-brasilien\/","title":{"rendered":"Baian\u00ed - Dunkle Schokolade 65% mit Passionsfrucht - BRASILIEN"},"content":{"rendered":"<p>\u200bDie Passionsfrucht ist eine der beliebtesten Fr\u00fcchte Brasiliens, und so war es nur nat\u00fcrlich, dass Baian\u00ed beschloss, diese tropische Geschmacksrichtung mit ihrer Schokolade zu kombinieren.<\/p>\n<p>Die knusprige Textur aus karamellisiertem Demerara-Zucker, gemischt mit dehydriertem, frischem Fruchtfleisch, sorgt f\u00fcr einen sensorischen Rausch, der exquisit ist und Spass macht.<\/p>\n","protected":false},"excerpt":{"rendered":"<p>\u200bDie Passionsfrucht ist eine der beliebtesten Fr\u00fcchte Brasiliens, und so war es nur nat\u00fcrlich, dass Baian\u00ed beschloss, diese tropische Geschmacksrichtung mit ihrer Schokolade zu kombinieren. Die knusprige Textur aus karamellisiertem Demerara-Zucker, gemischt mit dehydriertem, frischem Fruchtfleisch, sorgt f\u00fcr einen sensorischen Rausch, der exquisit ist und Spass macht.<\/p>\n","protected":false},"featured_media":5489,"template":"","meta":{"_acf_changed":false,"inline_featured_image":false},"product_brand":[],"product_cat":[126,125],"product_tag":[],"class_list":{"0":"post-5966","1":"product","2":"type-product","3":"status-publish","4":"has-post-thumbnail","6":"product_cat-brasilien","7":"product_cat-suedamerika","9":"first","10":"instock","11":"taxable","12":"shipping-taxable","13":"purchasable","14":"product-type-simple"},"bundled_by":["8269"],"bundle_stock_status":"instock","bundle_stock_quantity":30,"bundle_virtual":false,"bundle_layout":"","bundle_add_to_cart_form_location":"","bundle_editable_in_cart":false,"bundle_sold_individually_context":"","bundle_item_grouping":"","bundle_min_size":"","bundle_max_size":"","bundle_price":[],"bundled_items":[],"bundle_sell_ids":[],"acf":{"ingredients":"\u200bKakaobohnen (65% Brasilien), Zucker, Passionsfruchtmark","energie":516,"graisse":33,"graisse_saturee":17,"glucides":37,"sucre":33,"fibre":"17","proteines":10,"sel":0},"_links":{"self":[{"href":"https:\/\/criolloquetzal.ch\/de\/wp-json\/wp\/v2\/product\/5966","targetHints":{"allow":["GET"]}}],"collection":[{"href":"https:\/\/criolloquetzal.ch\/de\/wp-json\/wp\/v2\/product"}],"about":[{"href":"https:\/\/criolloquetzal.ch\/de\/wp-json\/wp\/v2\/types\/product"}],"wp:featuredmedia":[{"embeddable":true,"href":"https:\/\/criolloquetzal.ch\/de\/wp-json\/wp\/v2\/media\/5489"}],"wp:attachment":[{"href":"https:\/\/criolloquetzal.ch\/de\/wp-json\/wp\/v2\/media?parent=5966"}],"wp:term":[{"taxonomy":"product_brand","embeddable":true,"href":"https:\/\/criolloquetzal.ch\/de\/wp-json\/wp\/v2\/product_brand?post=5966"},{"taxonomy":"product_cat","embeddable":true,"href":"https:\/\/criolloquetzal.ch\/de\/wp-json\/wp\/v2\/product_cat?post=5966"},{"taxonomy":"product_tag","embeddable":true,"href":"https:\/\/criolloquetzal.ch\/de\/wp-json\/wp\/v2\/product_tag?post=5966"}],"curies":[{"name":"wp","href":"https:\/\/api.w.org\/{rel}","templated":true}]}}