{"id":5969,"date":"2023-08-26T14:58:18","date_gmt":"2023-08-26T12:58:18","guid":{"rendered":"https:\/\/criolloquetzal.ch\/?post_type=product&#038;p=5969"},"modified":"2026-04-13T07:35:15","modified_gmt":"2026-04-13T05:35:15","slug":"definite-dunkle-schokolade-65-finca-elvesia-kaffee-meersalz-dominikanische-republik","status":"publish","type":"product","link":"https:\/\/criolloquetzal.ch\/de\/produit\/definite-dunkle-schokolade-65-finca-elvesia-kaffee-meersalz-dominikanische-republik\/","title":{"rendered":"Definite - Dunkle Schokolade 65% Finca Elvesia mit Kaffee und Meersalz - DOMINIKANISCHE REPUBLIK"},"content":{"rendered":"<p>\u200bDiese Definite Tafel wird mit Spezialit\u00e4tenkaffee von Casa Barista, einer Kaffeer\u00f6sterei in Santo Domingo, und Meersalz hergestellt.<\/p>\n<p>Die Geschmacksnoten dieser Schokolade sind Trockenfr\u00fcchte, Karamell und N\u00fcsse.<\/p>\n","protected":false},"excerpt":{"rendered":"<p>\u200bDiese Definite Tafel wird mit Spezialit\u00e4tenkaffee von Casa Barista, einer Kaffeer\u00f6sterei in Santo Domingo, und Meersalz hergestellt. Die Geschmacksnoten dieser Schokolade sind Trockenfr\u00fcchte, Karamell und N\u00fcsse.<\/p>\n","protected":false},"featured_media":5525,"template":"","meta":{"_acf_changed":false,"inline_featured_image":false},"product_brand":[],"product_cat":[774,170],"product_tag":[],"class_list":{"0":"post-5969","1":"product","2":"type-product","3":"status-publish","4":"has-post-thumbnail","6":"product_cat-dominikanische-republik","7":"product_cat-karibik","9":"first","10":"instock","11":"taxable","12":"shipping-taxable","13":"purchasable","14":"product-type-simple"},"bundled_by":["7039"],"bundle_stock_status":"instock","bundle_stock_quantity":36,"bundle_virtual":false,"bundle_layout":"","bundle_add_to_cart_form_location":"","bundle_editable_in_cart":false,"bundle_sold_individually_context":"","bundle_item_grouping":"","bundle_min_size":"","bundle_max_size":"","bundle_price":[],"bundled_items":[],"bundle_sell_ids":[],"acf":{"ingredients":"\u200bKakaobohnen (58% Dominikanische Republik), Rohrzucker, Kakaobutter, Kaffeebohnen, Meersalz","energie":558,"graisse":36,"graisse_saturee":22,"glucides":55,"sucre":33,"fibre":"10","proteines":8,"sel":0},"_links":{"self":[{"href":"https:\/\/criolloquetzal.ch\/de\/wp-json\/wp\/v2\/product\/5969","targetHints":{"allow":["GET"]}}],"collection":[{"href":"https:\/\/criolloquetzal.ch\/de\/wp-json\/wp\/v2\/product"}],"about":[{"href":"https:\/\/criolloquetzal.ch\/de\/wp-json\/wp\/v2\/types\/product"}],"wp:featuredmedia":[{"embeddable":true,"href":"https:\/\/criolloquetzal.ch\/de\/wp-json\/wp\/v2\/media\/5525"}],"wp:attachment":[{"href":"https:\/\/criolloquetzal.ch\/de\/wp-json\/wp\/v2\/media?parent=5969"}],"wp:term":[{"taxonomy":"product_brand","embeddable":true,"href":"https:\/\/criolloquetzal.ch\/de\/wp-json\/wp\/v2\/product_brand?post=5969"},{"taxonomy":"product_cat","embeddable":true,"href":"https:\/\/criolloquetzal.ch\/de\/wp-json\/wp\/v2\/product_cat?post=5969"},{"taxonomy":"product_tag","embeddable":true,"href":"https:\/\/criolloquetzal.ch\/de\/wp-json\/wp\/v2\/product_tag?post=5969"}],"curies":[{"name":"wp","href":"https:\/\/api.w.org\/{rel}","templated":true}]}}