{"id":5972,"date":"2023-08-26T14:58:50","date_gmt":"2023-08-26T12:58:50","guid":{"rendered":"https:\/\/criolloquetzal.ch\/?post_type=product&#038;p=5972"},"modified":"2026-04-23T02:02:09","modified_gmt":"2026-04-23T00:02:09","slug":"definite-dunkle-schokolade-70-oeko-caribe-maniok-dominikanische-republik","status":"publish","type":"product","link":"https:\/\/criolloquetzal.ch\/de\/produit\/definite-dunkle-schokolade-70-oeko-caribe-maniok-dominikanische-republik\/","title":{"rendered":"Definite - Dunkle Schokolade 70% \u00d6ko-Caribe mit Maniok - DOMINIKANISCHE REPUBLIK"},"content":{"rendered":"<p>\u200bDiese Definite Tafel wird aus einer besonderen dominikanischen Zutat hergestellt, n\u00e4mlich aus Maniok (Cassava). Sie war vor Jahrhunderten ein Grundnahrungsmittel der Taino-K\u00fcche und ist heute ein Grundnahrungsmittel der dominikanischen K\u00fcche.<\/p>\n<p>Der Maniok in dieser Schokolade stammt von Do\u00f1a Mechi, einem kleinen handwerklichen Hersteller.<\/p>\n<p>Diese Schokolade bietet eine Note von getrockneten Fr\u00fcchten.<\/p>\n","protected":false},"excerpt":{"rendered":"<p>\u200bDiese Definite Tafel wird aus einer besonderen dominikanischen Zutat hergestellt, n\u00e4mlich aus Maniok (Cassava). Sie war vor Jahrhunderten ein Grundnahrungsmittel der Taino-K\u00fcche und ist heute ein Grundnahrungsmittel der dominikanischen K\u00fcche. Der Maniok in dieser Schokolade stammt von Do\u00f1a Mechi, einem kleinen handwerklichen Hersteller. Diese Schokolade bietet eine Note von getrockneten Fr\u00fcchten.<\/p>\n","protected":false},"featured_media":5513,"template":"","meta":{"_acf_changed":false,"inline_featured_image":false},"product_brand":[],"product_cat":[774,170],"product_tag":[],"class_list":{"0":"post-5972","1":"product","2":"type-product","3":"status-publish","4":"has-post-thumbnail","6":"product_cat-dominikanische-republik","7":"product_cat-karibik","9":"first","10":"instock","11":"taxable","12":"shipping-taxable","13":"purchasable","14":"product-type-simple"},"bundled_by":["8278"],"bundle_stock_status":"instock","bundle_stock_quantity":65,"bundle_virtual":false,"bundle_layout":"","bundle_add_to_cart_form_location":"","bundle_editable_in_cart":false,"bundle_sold_individually_context":"","bundle_item_grouping":"","bundle_min_size":"","bundle_max_size":"","bundle_price":[],"bundled_items":[],"bundle_sell_ids":[],"acf":{"ingredients":"\u200bKakaobohnen (67% Dominikanische Republik), Rohrzucker, Maniok, Salz","energie":519,"graisse":34,"graisse_saturee":20,"glucides":61,"sucre":30,"fibre":"12","proteines":8,"sel":0.3},"_links":{"self":[{"href":"https:\/\/criolloquetzal.ch\/de\/wp-json\/wp\/v2\/product\/5972","targetHints":{"allow":["GET"]}}],"collection":[{"href":"https:\/\/criolloquetzal.ch\/de\/wp-json\/wp\/v2\/product"}],"about":[{"href":"https:\/\/criolloquetzal.ch\/de\/wp-json\/wp\/v2\/types\/product"}],"wp:featuredmedia":[{"embeddable":true,"href":"https:\/\/criolloquetzal.ch\/de\/wp-json\/wp\/v2\/media\/5513"}],"wp:attachment":[{"href":"https:\/\/criolloquetzal.ch\/de\/wp-json\/wp\/v2\/media?parent=5972"}],"wp:term":[{"taxonomy":"product_brand","embeddable":true,"href":"https:\/\/criolloquetzal.ch\/de\/wp-json\/wp\/v2\/product_brand?post=5972"},{"taxonomy":"product_cat","embeddable":true,"href":"https:\/\/criolloquetzal.ch\/de\/wp-json\/wp\/v2\/product_cat?post=5972"},{"taxonomy":"product_tag","embeddable":true,"href":"https:\/\/criolloquetzal.ch\/de\/wp-json\/wp\/v2\/product_tag?post=5972"}],"curies":[{"name":"wp","href":"https:\/\/api.w.org\/{rel}","templated":true}]}}