{"id":5986,"date":"2023-08-26T15:17:31","date_gmt":"2023-08-26T13:17:31","guid":{"rendered":"https:\/\/criolloquetzal.ch\/?post_type=product&#038;p=5986"},"modified":"2026-04-20T18:14:33","modified_gmt":"2026-04-20T16:14:33","slug":"luzz-cacau-dunkle-schokolade-62-kaffee-brasilien","status":"publish","type":"product","link":"https:\/\/criolloquetzal.ch\/de\/produit\/luzz-cacau-dunkle-schokolade-62-kaffee-brasilien\/","title":{"rendered":"Luzz Cacau - Dunkle Schokolade 62% mit Kaffee - BRASILIEN"},"content":{"rendered":"<p>\u200bDiese k\u00f6stliche Kombination wird mit Kaffee und Kakao aus famili\u00e4rem Anbau hergestellt, der in der charmanten Stadt Igua\u00ed im Bundesstaat Bahia gewonnen wird.<\/p>\n<p>Sie schmeckt nach Kaffee, Melasse und N\u00fcssen und ist ein einzigartiges Erlebnis f\u00fcr Ihren Gaumen.<\/p>\n","protected":false},"excerpt":{"rendered":"<p>\u200bDiese k\u00f6stliche Kombination wird mit Kaffee und Kakao aus famili\u00e4rem Anbau hergestellt, der in der charmanten Stadt Igua\u00ed im Bundesstaat Bahia gewonnen wird. Sie schmeckt nach Kaffee, Melasse und N\u00fcssen und ist ein einzigartiges Erlebnis f\u00fcr Ihren Gaumen.<\/p>\n","protected":false},"featured_media":5801,"template":"","meta":{"_acf_changed":false,"inline_featured_image":false},"product_brand":[],"product_cat":[126,125],"product_tag":[],"class_list":{"0":"post-5986","1":"product","2":"type-product","3":"status-publish","4":"has-post-thumbnail","6":"product_cat-brasilien","7":"product_cat-suedamerika","9":"first","10":"instock","11":"sale","12":"taxable","13":"shipping-taxable","14":"purchasable","15":"product-type-simple"},"bundled_by":["7039"],"bundle_stock_status":"instock","bundle_stock_quantity":2,"bundle_virtual":false,"bundle_layout":"","bundle_add_to_cart_form_location":"","bundle_editable_in_cart":false,"bundle_sold_individually_context":"","bundle_item_grouping":"","bundle_min_size":"","bundle_max_size":"","bundle_price":[],"bundled_items":[],"bundle_sell_ids":[],"acf":{"ingredients":"\u200b\u200bKakaobohnen (47% Brasilien), Zucker,\u00a0Kakaobutter<span class=\"redactor-invisible-space\" data-verified=\"redactor\" data-redactor-tag=\"span\" data-redactor-class=\"redactor-invisible-space\">\u200b,\u00a0<\/span>Kaffeebohnen","energie":584,"graisse":35,"graisse_saturee":21,"glucides":56,"sucre":36,"fibre":"15","proteines":7,"sel":0},"_links":{"self":[{"href":"https:\/\/criolloquetzal.ch\/de\/wp-json\/wp\/v2\/product\/5986","targetHints":{"allow":["GET"]}}],"collection":[{"href":"https:\/\/criolloquetzal.ch\/de\/wp-json\/wp\/v2\/product"}],"about":[{"href":"https:\/\/criolloquetzal.ch\/de\/wp-json\/wp\/v2\/types\/product"}],"wp:featuredmedia":[{"embeddable":true,"href":"https:\/\/criolloquetzal.ch\/de\/wp-json\/wp\/v2\/media\/5801"}],"wp:attachment":[{"href":"https:\/\/criolloquetzal.ch\/de\/wp-json\/wp\/v2\/media?parent=5986"}],"wp:term":[{"taxonomy":"product_brand","embeddable":true,"href":"https:\/\/criolloquetzal.ch\/de\/wp-json\/wp\/v2\/product_brand?post=5986"},{"taxonomy":"product_cat","embeddable":true,"href":"https:\/\/criolloquetzal.ch\/de\/wp-json\/wp\/v2\/product_cat?post=5986"},{"taxonomy":"product_tag","embeddable":true,"href":"https:\/\/criolloquetzal.ch\/de\/wp-json\/wp\/v2\/product_tag?post=5986"}],"curies":[{"name":"wp","href":"https:\/\/api.w.org\/{rel}","templated":true}]}}