{"id":5992,"date":"2023-08-26T15:18:02","date_gmt":"2023-08-26T13:18:02","guid":{"rendered":"https:\/\/criolloquetzal.ch\/?post_type=product&#038;p=5992"},"modified":"2026-04-08T08:08:06","modified_gmt":"2026-04-08T06:08:06","slug":"luzz-cacau-dunkle-schokolade-62-pitanga-brasilien","status":"publish","type":"product","link":"https:\/\/criolloquetzal.ch\/de\/produit\/luzz-cacau-dunkle-schokolade-62-pitanga-brasilien\/","title":{"rendered":"Luzz Cacau - Dunkle Schokolade 62% mit Pitanga - BRASILIEN"},"content":{"rendered":"<p>\u200bPitanga bietet ein erfrischendes und \u00fcberraschendes Erlebnis. Dabei gelangt ein zarter Hauch von Honig und Orange zum Gaumen, der f\u00fcr einen weichen und umh\u00fcllenden Geschmack sorgt.<\/p>\n<p>Diese Schokolade wird mit Kakao aus Familienbetrieben in Igua\u00ed, einer kleinen Stadt im Bundesstaat Bahia, hergestellt.<\/p>\n","protected":false},"excerpt":{"rendered":"<p>Die Pitanga-Frucht, gemischt mit dieser k\u00f6stlichen dunklen Schokolade 62 % von Luzz, bietet ein erfrischendes und \u00fcberraschendes Geschmackserlebnis. Als Kr\u00f6nung sp\u00fcren Sie einen zarten Hauch von Honig und Orange im Mund, der f\u00fcr einen milden und umh\u00fcllenden Geschmack sorgt. Diese Schokolade wird aus Kakao hergestellt, der aus dem Familienanbau in Igua\u00ed, einer kleinen Stadt im Bundesstaat Bahia, stammt. <strong>Profitieren Sie jetzt von 30 % Rabatt auf alle Luzz-Schokoladen!<\/strong><\/p>\n","protected":false},"featured_media":5813,"template":"","meta":{"_acf_changed":false,"inline_featured_image":false},"product_brand":[],"product_cat":[126,892,125],"product_tag":[],"class_list":{"0":"post-5992","1":"product","2":"type-product","3":"status-publish","4":"has-post-thumbnail","6":"product_cat-brasilien","7":"product_cat-selektion","8":"product_cat-suedamerika","10":"first","11":"instock","12":"taxable","13":"shipping-taxable","14":"purchasable","15":"product-type-simple"},"bundled_by":[],"bundle_stock_status":"instock","bundle_stock_quantity":13,"bundle_virtual":false,"bundle_layout":"","bundle_add_to_cart_form_location":"","bundle_editable_in_cart":false,"bundle_sold_individually_context":"","bundle_item_grouping":"","bundle_min_size":"","bundle_max_size":"","bundle_price":[],"bundled_items":[],"bundle_sell_ids":[],"acf":{"ingredients":"\u200b\u200b\u200bKakaobohnen (47% Brasilien), Zucker, Kakaobutter<span class=\"redactor-invisible-space\" data-verified=\"redactor\" data-redactor-tag=\"span\" data-redactor-class=\"redactor-invisible-space\">\u200b,\u00a0<\/span>Pitanga","energie":528,"graisse":33,"graisse_saturee":20,"glucides":52,"sucre":36,"fibre":"14","proteines":6,"sel":0},"_links":{"self":[{"href":"https:\/\/criolloquetzal.ch\/de\/wp-json\/wp\/v2\/product\/5992","targetHints":{"allow":["GET"]}}],"collection":[{"href":"https:\/\/criolloquetzal.ch\/de\/wp-json\/wp\/v2\/product"}],"about":[{"href":"https:\/\/criolloquetzal.ch\/de\/wp-json\/wp\/v2\/types\/product"}],"wp:featuredmedia":[{"embeddable":true,"href":"https:\/\/criolloquetzal.ch\/de\/wp-json\/wp\/v2\/media\/5813"}],"wp:attachment":[{"href":"https:\/\/criolloquetzal.ch\/de\/wp-json\/wp\/v2\/media?parent=5992"}],"wp:term":[{"taxonomy":"product_brand","embeddable":true,"href":"https:\/\/criolloquetzal.ch\/de\/wp-json\/wp\/v2\/product_brand?post=5992"},{"taxonomy":"product_cat","embeddable":true,"href":"https:\/\/criolloquetzal.ch\/de\/wp-json\/wp\/v2\/product_cat?post=5992"},{"taxonomy":"product_tag","embeddable":true,"href":"https:\/\/criolloquetzal.ch\/de\/wp-json\/wp\/v2\/product_tag?post=5992"}],"curies":[{"name":"wp","href":"https:\/\/api.w.org\/{rel}","templated":true}]}}