{"id":6004,"date":"2023-08-26T15:09:18","date_gmt":"2023-08-26T13:09:18","guid":{"rendered":"https:\/\/criolloquetzal.ch\/?post_type=product&#038;p=6004"},"modified":"2026-04-16T01:38:49","modified_gmt":"2026-04-15T23:38:49","slug":"krakakoa-dunkle-schokolade-70-sumatra-indonesien","status":"publish","type":"product","link":"https:\/\/criolloquetzal.ch\/de\/produit\/krakakoa-dunkle-schokolade-70-sumatra-indonesien\/","title":{"rendered":"Krakakoa - Dunkle Schokolade 70% Sumatra - INDONESIEN"},"content":{"rendered":"<p>\u200bDas Dorf Sedayu liegt am Rande des Nationalparks Bukit Barisan Selatan in S\u00fcdsumatra, wo gef\u00e4hrdete Waldelefanten noch umherstreifen und die Kakaobohnen w\u00fcrzige und fruchtige Noten aufweisen.<\/p>\n<p>Geniessen Sie den einzigartigen Geschmack dieser nachhaltig produzierten Krakakoa Schokolade, die ohne Umwege vom Landwirt bis hin zu einer fertigen Schokoladentafel verwandelt wird.<\/p>\n<p>Geschmacksnoten: Zimt, Beeren, Honig.<\/p>\n","protected":false},"excerpt":{"rendered":"<p>\u200bDas Dorf Sedayu liegt am Rande des Nationalparks Bukit Barisan Selatan in S\u00fcdsumatra, wo gef\u00e4hrdete Waldelefanten noch umherstreifen und die Kakaobohnen w\u00fcrzige und fruchtige Noten aufweisen. Geniessen Sie den einzigartigen Geschmack dieser nachhaltig produzierten Krakakoa Schokolade, die ohne Umwege vom Landwirt bis hin zu einer fertigen Schokoladentafel verwandelt wird. Geschmacksnoten: Zimt, Beeren, Honig.<\/p>\n","protected":false},"featured_media":5665,"template":"","meta":{"_acf_changed":false,"inline_featured_image":false},"product_brand":[],"product_cat":[133,131],"product_tag":[],"class_list":{"0":"post-6004","1":"product","2":"type-product","3":"status-publish","4":"has-post-thumbnail","6":"product_cat-indonesien","7":"product_cat-asien-pazifik","9":"first","10":"instock","11":"taxable","12":"shipping-taxable","13":"purchasable","14":"product-type-simple"},"bundled_by":[],"bundle_stock_status":"instock","bundle_stock_quantity":13,"bundle_virtual":false,"bundle_layout":"","bundle_add_to_cart_form_location":"","bundle_editable_in_cart":false,"bundle_sold_individually_context":"","bundle_item_grouping":"","bundle_min_size":"","bundle_max_size":"","bundle_price":[],"bundled_items":[],"bundle_sell_ids":[],"acf":{"ingredients":"\u200b\u200b\u200bKakaobohnen (70% Indonesien), Rohrzucker, Kakaobutter","energie":620,"graisse":50,"graisse_saturee":38,"glucides":34,"sucre":28,"fibre":"12","proteines":8,"sel":0},"_links":{"self":[{"href":"https:\/\/criolloquetzal.ch\/de\/wp-json\/wp\/v2\/product\/6004","targetHints":{"allow":["GET"]}}],"collection":[{"href":"https:\/\/criolloquetzal.ch\/de\/wp-json\/wp\/v2\/product"}],"about":[{"href":"https:\/\/criolloquetzal.ch\/de\/wp-json\/wp\/v2\/types\/product"}],"wp:featuredmedia":[{"embeddable":true,"href":"https:\/\/criolloquetzal.ch\/de\/wp-json\/wp\/v2\/media\/5665"}],"wp:attachment":[{"href":"https:\/\/criolloquetzal.ch\/de\/wp-json\/wp\/v2\/media?parent=6004"}],"wp:term":[{"taxonomy":"product_brand","embeddable":true,"href":"https:\/\/criolloquetzal.ch\/de\/wp-json\/wp\/v2\/product_brand?post=6004"},{"taxonomy":"product_cat","embeddable":true,"href":"https:\/\/criolloquetzal.ch\/de\/wp-json\/wp\/v2\/product_cat?post=6004"},{"taxonomy":"product_tag","embeddable":true,"href":"https:\/\/criolloquetzal.ch\/de\/wp-json\/wp\/v2\/product_tag?post=6004"}],"curies":[{"name":"wp","href":"https:\/\/api.w.org\/{rel}","templated":true}]}}