{"id":6015,"date":"2023-08-26T18:30:34","date_gmt":"2023-08-26T16:30:34","guid":{"rendered":"https:\/\/criolloquetzal.ch\/?post_type=product&#038;p=6015"},"modified":"2026-04-05T16:38:12","modified_gmt":"2026-04-05T14:38:12","slug":"nahua-dunkle-schokolade-70-pfefferminzoel-costa-rica","status":"publish","type":"product","link":"https:\/\/criolloquetzal.ch\/de\/produit\/nahua-dunkle-schokolade-70-pfefferminzoel-costa-rica\/","title":{"rendered":"Nahua - Dunkle Schokolade 70% mit Pfefferminz\u00f6l - COSTA RICA"},"content":{"rendered":"<p>Kenner werden Nahuas 70%ige dunkle Schokolade mit Minze lieben. Die Tafeln von Nahua, obwohl sie sehr einfach gehalten sind, bieten eine frische, reichhaltige und befriedigend cremige Textur und bewahren gleichzeitig das tiefe, intensive Bouquet der Aromen des Kakaos aus dem sie hergestellt sind.<\/p>\n<p>Die Nahua-Schokolade enth\u00e4lt feine Kakaost\u00fcckchen, die mit den vorhandenen Ger\u00e4ten nicht verarbeitet werden k\u00f6nnen. Anstatt Zeit und Ressourcen darauf zu verwenden, sie herauszufiltern, haben die Nahua-Schokoladenhersteller beschlossen, sie zu beizubehalten, was ihre handwerklich hergestellte Schokolade nur noch interessanter macht.<\/p>\n","protected":false},"excerpt":{"rendered":"<p>Kenner werden Nahuas 70%ige dunkle Schokolade mit Minze lieben. Die Tafeln von Nahua, obwohl sie sehr einfach gehalten sind, bieten eine frische, reichhaltige und befriedigend cremige Textur und bewahren gleichzeitig das tiefe, intensive Bouquet der Aromen des Kakaos aus dem sie hergestellt sind. Die Nahua-Schokolade enth\u00e4lt feine Kakaost\u00fcckchen, die mit den vorhandenen Ger\u00e4ten nicht verarbeitet werden k\u00f6nnen. Anstatt Zeit und Ressourcen darauf zu verwenden, sie herauszufiltern, haben die Nahua-Schokoladenhersteller beschlossen, sie zu beizubehalten, was ihre handwerklich hergestellte Schokolade nur noch interessanter macht.<\/p>\n","protected":false},"featured_media":5951,"template":"","meta":{"_acf_changed":false,"inline_featured_image":false},"product_brand":[],"product_cat":[780,97],"product_tag":[],"class_list":{"0":"post-6015","1":"product","2":"type-product","3":"status-publish","4":"has-post-thumbnail","6":"product_cat-costa-rica-de","7":"product_cat-zentralamerika","9":"first","10":"outofstock","11":"taxable","12":"shipping-taxable","13":"purchasable","14":"product-type-simple"},"bundled_by":[],"bundle_stock_status":"outofstock","bundle_stock_quantity":0,"bundle_virtual":false,"bundle_layout":"","bundle_add_to_cart_form_location":"","bundle_editable_in_cart":false,"bundle_sold_individually_context":"","bundle_item_grouping":"","bundle_min_size":"","bundle_max_size":"","bundle_price":[],"bundled_items":[],"bundle_sell_ids":[],"acf":{"ingredients":"Kakaomasse (70% Costa Rica), Zucker, Kakaobutter, Pfefferminz\u00f6l","energie":520,"graisse":44,"graisse_saturee":24,"glucides":40,"sucre":24,"fibre":"12","proteines":8,"sel":0},"_links":{"self":[{"href":"https:\/\/criolloquetzal.ch\/de\/wp-json\/wp\/v2\/product\/6015","targetHints":{"allow":["GET"]}}],"collection":[{"href":"https:\/\/criolloquetzal.ch\/de\/wp-json\/wp\/v2\/product"}],"about":[{"href":"https:\/\/criolloquetzal.ch\/de\/wp-json\/wp\/v2\/types\/product"}],"wp:featuredmedia":[{"embeddable":true,"href":"https:\/\/criolloquetzal.ch\/de\/wp-json\/wp\/v2\/media\/5951"}],"wp:attachment":[{"href":"https:\/\/criolloquetzal.ch\/de\/wp-json\/wp\/v2\/media?parent=6015"}],"wp:term":[{"taxonomy":"product_brand","embeddable":true,"href":"https:\/\/criolloquetzal.ch\/de\/wp-json\/wp\/v2\/product_brand?post=6015"},{"taxonomy":"product_cat","embeddable":true,"href":"https:\/\/criolloquetzal.ch\/de\/wp-json\/wp\/v2\/product_cat?post=6015"},{"taxonomy":"product_tag","embeddable":true,"href":"https:\/\/criolloquetzal.ch\/de\/wp-json\/wp\/v2\/product_tag?post=6015"}],"curies":[{"name":"wp","href":"https:\/\/api.w.org\/{rel}","templated":true}]}}