{"id":6404,"date":"2023-11-19T17:37:52","date_gmt":"2023-11-19T16:37:52","guid":{"rendered":"https:\/\/criolloquetzal.ch\/?post_type=product&#038;p=6404"},"modified":"2026-03-29T23:44:21","modified_gmt":"2026-03-29T21:44:21","slug":"metiche-dunkle-schokolade-75-kardamom-kaffee-mexiko","status":"publish","type":"product","link":"https:\/\/criolloquetzal.ch\/de\/produit\/metiche-dunkle-schokolade-75-kardamom-kaffee-mexiko\/","title":{"rendered":"Metiche - Dunkle Schokolade 75% mit Kardamom und Kaffee - MEXIKO"},"content":{"rendered":"<p>\u200bDiese dunkle Schokoladentafel von Metiche ist f\u00fcr alle bestimmt, die starke Aromen m\u00f6gen! Der Kardamom-Geschmack ist ausgepr\u00e4gt und die Kombination aus Schokolade und Kaffee macht s\u00fcchtig (aber auf eine gute Art).<\/p>\n<p>Der Kakao in dieser Schokolade hat eine dunklere R\u00f6stung, um die S\u00e4ure der Bohne auszugleichen und den Kardamom hervorzuheben. Sie ist ein Metiche-Bestseller und der pers\u00f6nliche Favorit derjenigen, die keine grossen Fans von zuckerhaltigen Dingen sind.<\/p>\n","protected":false},"excerpt":{"rendered":"<p>\u200bDiese dunkle Schokoladentafel von Metiche ist f\u00fcr alle bestimmt, die starke Aromen m\u00f6gen! Der Kardamom-Geschmack ist ausgepr\u00e4gt und die Kombination aus Schokolade und Kaffee macht s\u00fcchtig (aber auf eine gute Art).<\/p>\n<p>Der Kakao in dieser Schokolade hat eine dunklere R\u00f6stung, um die S\u00e4ure der Bohne auszugleichen und den Kardamom hervorzuheben. Sie ist ein Metiche-Bestseller und der pers\u00f6nliche Favorit derjenigen, die keine grossen Fans von zuckerhaltigen Dingen sind.<\/p>\n","protected":false},"featured_media":6298,"template":"","meta":{"_acf_changed":false,"inline_featured_image":false},"product_brand":[],"product_cat":[808,97],"product_tag":[],"class_list":{"0":"post-6404","1":"product","2":"type-product","3":"status-publish","4":"has-post-thumbnail","6":"product_cat-mexiko","7":"product_cat-zentralamerika","9":"first","10":"instock","11":"taxable","12":"shipping-taxable","13":"purchasable","14":"product-type-simple"},"bundled_by":[],"bundle_stock_status":"instock","bundle_stock_quantity":13,"bundle_virtual":false,"bundle_layout":"","bundle_add_to_cart_form_location":"","bundle_editable_in_cart":false,"bundle_sold_individually_context":"","bundle_item_grouping":"","bundle_min_size":"","bundle_max_size":"","bundle_price":[],"bundled_items":[],"bundle_sell_ids":[],"acf":{"ingredients":"Kakaobohnen (70% Mexiko), Rohrzucker, Kakaobutter, Kaffee, Kardamom","energie":571,"graisse":39,"graisse_saturee":24,"glucides":50,"sucre":27,"fibre":"6","proteines":9,"sel":0},"_links":{"self":[{"href":"https:\/\/criolloquetzal.ch\/de\/wp-json\/wp\/v2\/product\/6404","targetHints":{"allow":["GET"]}}],"collection":[{"href":"https:\/\/criolloquetzal.ch\/de\/wp-json\/wp\/v2\/product"}],"about":[{"href":"https:\/\/criolloquetzal.ch\/de\/wp-json\/wp\/v2\/types\/product"}],"wp:featuredmedia":[{"embeddable":true,"href":"https:\/\/criolloquetzal.ch\/de\/wp-json\/wp\/v2\/media\/6298"}],"wp:attachment":[{"href":"https:\/\/criolloquetzal.ch\/de\/wp-json\/wp\/v2\/media?parent=6404"}],"wp:term":[{"taxonomy":"product_brand","embeddable":true,"href":"https:\/\/criolloquetzal.ch\/de\/wp-json\/wp\/v2\/product_brand?post=6404"},{"taxonomy":"product_cat","embeddable":true,"href":"https:\/\/criolloquetzal.ch\/de\/wp-json\/wp\/v2\/product_cat?post=6404"},{"taxonomy":"product_tag","embeddable":true,"href":"https:\/\/criolloquetzal.ch\/de\/wp-json\/wp\/v2\/product_tag?post=6404"}],"curies":[{"name":"wp","href":"https:\/\/api.w.org\/{rel}","templated":true}]}}