{"id":6537,"date":"2023-11-26T19:12:16","date_gmt":"2023-11-26T18:12:16","guid":{"rendered":"https:\/\/criolloquetzal.ch\/?post_type=product&#038;p=6537"},"modified":"2026-04-17T12:21:22","modified_gmt":"2026-04-17T10:21:22","slug":"momotombo-dunkle-schokolade-70-zimt-nicaragua","status":"publish","type":"product","link":"https:\/\/criolloquetzal.ch\/de\/produit\/momotombo-dunkle-schokolade-70-zimt-nicaragua\/","title":{"rendered":"Momotombo - Dunkle Schokolade 70% mit Zimt - NICARAGUA"},"content":{"rendered":"<p>\u200bBrauchen Sie mehr Pep in Ihrem Leben? Die 70%ige dunkle Schokolade mit Zimt von Momotombo ist die L\u00f6sung!<\/p>\n<p>Die feine Zimtnote macht diese 70%ige dunkle Schokolade zu einem wahren R\u00fcckfall in die s\u00fcssen Gerichte unserer Kindheit.<\/p>\n","protected":false},"excerpt":{"rendered":"<p>\u200bBrauchen Sie mehr Pep in Ihrem Leben? Die 70%ige dunkle Schokolade mit Zimt von Momotombo ist die L\u00f6sung! Die feine Zimtnote macht diese 70%ige dunkle Schokolade zu einem wahren R\u00fcckfall in die s\u00fcssen Gerichte unserer Kindheit.<\/p>\n","protected":false},"featured_media":6496,"template":"","meta":{"_acf_changed":false,"inline_featured_image":false},"product_brand":[],"product_cat":[783,97],"product_tag":[],"class_list":{"0":"post-6537","1":"product","2":"type-product","3":"status-publish","4":"has-post-thumbnail","6":"product_cat-nicaragua-de","7":"product_cat-zentralamerika","9":"first","10":"outofstock","11":"taxable","12":"shipping-taxable","13":"purchasable","14":"product-type-simple"},"bundled_by":["9318"],"bundle_stock_status":"outofstock","bundle_stock_quantity":0,"bundle_virtual":false,"bundle_layout":"","bundle_add_to_cart_form_location":"","bundle_editable_in_cart":false,"bundle_sold_individually_context":"","bundle_item_grouping":"","bundle_min_size":"","bundle_max_size":"","bundle_price":[],"bundled_items":[],"bundle_sell_ids":[],"acf":{"ingredients":"\u200bKakaobohnen (70% Nicaragua), Rohrzucker,\u00a0<strong data-verified=\"redactor\" data-redactor-tag=\"strong\">\u200b<\/strong>Zimt","energie":550,"graisse":41,"graisse_saturee":38,"glucides":23,"sucre":30,"fibre":"0","proteines":11,"sel":0},"_links":{"self":[{"href":"https:\/\/criolloquetzal.ch\/de\/wp-json\/wp\/v2\/product\/6537","targetHints":{"allow":["GET"]}}],"collection":[{"href":"https:\/\/criolloquetzal.ch\/de\/wp-json\/wp\/v2\/product"}],"about":[{"href":"https:\/\/criolloquetzal.ch\/de\/wp-json\/wp\/v2\/types\/product"}],"wp:featuredmedia":[{"embeddable":true,"href":"https:\/\/criolloquetzal.ch\/de\/wp-json\/wp\/v2\/media\/6496"}],"wp:attachment":[{"href":"https:\/\/criolloquetzal.ch\/de\/wp-json\/wp\/v2\/media?parent=6537"}],"wp:term":[{"taxonomy":"product_brand","embeddable":true,"href":"https:\/\/criolloquetzal.ch\/de\/wp-json\/wp\/v2\/product_brand?post=6537"},{"taxonomy":"product_cat","embeddable":true,"href":"https:\/\/criolloquetzal.ch\/de\/wp-json\/wp\/v2\/product_cat?post=6537"},{"taxonomy":"product_tag","embeddable":true,"href":"https:\/\/criolloquetzal.ch\/de\/wp-json\/wp\/v2\/product_tag?post=6537"}],"curies":[{"name":"wp","href":"https:\/\/api.w.org\/{rel}","templated":true}]}}