{"id":6543,"date":"2023-11-26T19:12:18","date_gmt":"2023-11-26T18:12:18","guid":{"rendered":"https:\/\/criolloquetzal.ch\/?post_type=product&#038;p=6543"},"modified":"2026-04-13T19:39:09","modified_gmt":"2026-04-13T17:39:09","slug":"momotombo-dunkle-schokolade-70-chili-nicaragua","status":"publish","type":"product","link":"https:\/\/criolloquetzal.ch\/de\/produit\/momotombo-dunkle-schokolade-70-chili-nicaragua\/","title":{"rendered":"Momotombo - Dunkle Schokolade 70% mit Chili - NICARAGUA"},"content":{"rendered":"<p>\u200bF\u00fcr Chocolate Momotombos Interpretation eines klassischen Maya-Rezepts wird Kakao mit der zarten Sch\u00e4rfe von Chili in einem verf\u00fchrerischen Gleichgewicht kombiniert.<\/p>\n<p>Diese anregende Mischung l\u00e4sst sich auch hervorragend mit Spirituosen kombinieren.<\/p>\n","protected":false},"excerpt":{"rendered":"<p>\u200bF\u00fcr Chocolate Momotombos Interpretation eines klassischen Maya-Rezepts wird Kakao mit der zarten Sch\u00e4rfe von Chili in einem verf\u00fchrerischen Gleichgewicht kombiniert. Diese anregende Mischung l\u00e4sst sich auch hervorragend mit Spirituosen kombinieren.<\/p>\n","protected":false},"featured_media":6374,"template":"","meta":{"_acf_changed":false,"inline_featured_image":false},"product_brand":[],"product_cat":[783,97],"product_tag":[],"class_list":{"0":"post-6543","1":"product","2":"type-product","3":"status-publish","4":"has-post-thumbnail","6":"product_cat-nicaragua-de","7":"product_cat-zentralamerika","9":"first","10":"instock","11":"taxable","12":"shipping-taxable","13":"purchasable","14":"product-type-simple"},"bundled_by":["8273"],"bundle_stock_status":"instock","bundle_stock_quantity":15,"bundle_virtual":false,"bundle_layout":"","bundle_add_to_cart_form_location":"","bundle_editable_in_cart":false,"bundle_sold_individually_context":"","bundle_item_grouping":"","bundle_min_size":"","bundle_max_size":"","bundle_price":[],"bundled_items":[],"bundle_sell_ids":[],"acf":{"ingredients":"\u200bKakaobohnen (70% Nicaragua), Rohrzucker, Chili","energie":605,"graisse":43,"graisse_saturee":25,"glucides":45,"sucre":10,"fibre":"0","proteines":5,"sel":0},"_links":{"self":[{"href":"https:\/\/criolloquetzal.ch\/de\/wp-json\/wp\/v2\/product\/6543","targetHints":{"allow":["GET"]}}],"collection":[{"href":"https:\/\/criolloquetzal.ch\/de\/wp-json\/wp\/v2\/product"}],"about":[{"href":"https:\/\/criolloquetzal.ch\/de\/wp-json\/wp\/v2\/types\/product"}],"wp:featuredmedia":[{"embeddable":true,"href":"https:\/\/criolloquetzal.ch\/de\/wp-json\/wp\/v2\/media\/6374"}],"wp:attachment":[{"href":"https:\/\/criolloquetzal.ch\/de\/wp-json\/wp\/v2\/media?parent=6543"}],"wp:term":[{"taxonomy":"product_brand","embeddable":true,"href":"https:\/\/criolloquetzal.ch\/de\/wp-json\/wp\/v2\/product_brand?post=6543"},{"taxonomy":"product_cat","embeddable":true,"href":"https:\/\/criolloquetzal.ch\/de\/wp-json\/wp\/v2\/product_cat?post=6543"},{"taxonomy":"product_tag","embeddable":true,"href":"https:\/\/criolloquetzal.ch\/de\/wp-json\/wp\/v2\/product_tag?post=6543"}],"curies":[{"name":"wp","href":"https:\/\/api.w.org\/{rel}","templated":true}]}}