{"id":7039,"date":"2024-03-03T13:26:28","date_gmt":"2024-03-03T12:26:28","guid":{"rendered":"https:\/\/criolloquetzal.ch\/produit\/selection-chocolat-cafe\/"},"modified":"2024-04-01T21:24:59","modified_gmt":"2024-04-01T19:24:59","slug":"auswahl-dunkle-schokolade-kaffee","status":"publish","type":"product","link":"https:\/\/criolloquetzal.ch\/de\/produit\/auswahl-dunkle-schokolade-kaffee\/","title":{"rendered":"Auswahl dunkle Schokolade mit Kaffee"},"content":{"rendered":"<p>Lassen Sie sich von dieser Weltreise durch unsere f\u00fcnf besten Kaffeeschokoladentafeln begeistern: von den s\u00fcssen und leichten Aromen Brasiliens \u00fcber den kr\u00e4ftigen Nacional-Kakao und den ecuadorianischen Kaffee bis hin zu den s\u00e4uerlichen Noten der ugandischen Anbaugebiete. Unsere Experten haben auch eine echte Perleaus der Dominikanischen Republik f\u00fcr Sie: eine dunkle Schokolade mit Kaffee....und Meersalz: Achtung Suchtgefahr!<\/p>\n<p>Eine Auswahl an dunkler Schokolade, um (sich) Freude zu bereiten und die unglaublichen und kraftvollen Kombinationen von aussergew\u00f6hnlichen Kakao- und Kaffeesorten zu entdecken, die durch das Know-how der besten Chocolatiers veredelt werden.<\/p>\n<p>Diese exklusive Auswahl besteht aus den folgenden 5 Tafeln<\/p>\n<ul>\n<li><a href=\"https:\/\/criolloquetzal.ch\/de\/produit\/luzz-cacau-dunkle-schokolade-62-kaffee-brasilien\/\" target=\"_blank\" rel=\"noopener\">Luzz Cacau<\/a> - Dunkle Schokolade 62% mit Kaffee - BRASILIEN - 75g<\/li>\n<li><a href=\"https:\/\/criolloquetzal.ch\/de\/produit\/mestico-dunkle-schokolade-62-kaffee-brasilien\/\" target=\"_blank\" rel=\"noopener\">Mesti\u00e7o<\/a> - Dunkle Schokolade 62% mit Kaffee - BRASILIEN - 60g<\/li>\n<li><a href=\"https:\/\/criolloquetzal.ch\/de\/produit\/definite-dunkle-schokolade-65-finca-elvesia-kaffee-meersalz-dominikanische-republik\/\" target=\"_blank\" rel=\"noopener\">Definite<\/a> - Dunkle Schokolade 65% Finca Elvesia mit Kaffee und Meersalz - DOM. REP. - 60g<\/li>\n<li><a href=\"https:\/\/criolloquetzal.ch\/de\/produit\/latitude-dunkle-schokolade-70-bukonzo-kaffee-uganda\/\" target=\"_blank\" rel=\"noopener\">Latitude<\/a> - Dunkle Schokolade 70% mit Bukonzo-Kaffee - UGANDA - 70g<\/li>\n<li><a href=\"https:\/\/criolloquetzal.ch\/de\/produit\/cardenas-dunkle-schokolade-72-tierra-hermosa-mit-jipijapa-kaffee\/\" target=\"_blank\" rel=\"noopener\">C\u00e1rdenas<\/a> - Dunkle Schokolade 72% Tierra Hermosa mit Jipijapa Kaffee - ECUADOR - 50g<\/li>\n<\/ul>\n","protected":false},"excerpt":{"rendered":"<p>Lassen Sie sich von dieser Weltreise durch unsere f\u00fcnf besten Kaffeeschokoladentafeln begeistern: von den s\u00fcssen und leichten Aromen Brasiliens \u00fcber den kr\u00e4ftigen Nacional-Kakao und den ecuadorianischen Kaffee bis hin zu den s\u00e4uerlichen Noten der ugandischen Anbaugebiete. Unsere Experten haben auch eine echte Perleaus der Dominikanischen Republik f\u00fcr Sie: eine dunkle Schokolade mit Kaffee....und Meersalz: Achtung Suchtgefahr!<\/p>\n<p>Eine Auswahl an dunkler Schokolade, um (sich) Freude zu bereiten und die unglaublichen und kraftvollen Kombinationen von aussergew\u00f6hnlichen Kakao- und Kaffeesorten zu entdecken, die durch das Know-how der besten Chocolatiers veredelt werden.<\/p>\n<p>Diese exklusive Auswahl besteht aus den folgenden 5 Tafeln<\/p>\n<ul>\n<li><a href=\"https:\/\/criolloquetzal.ch\/de\/produit\/luzz-cacau-dunkle-schokolade-62-kaffee-brasilien\/\" target=\"_blank\" rel=\"noopener\">Luzz Cacau<\/a> - Dunkle Schokolade 62% mit Kaffee - BRASILIEN - 75g<\/li>\n<li><a href=\"https:\/\/criolloquetzal.ch\/de\/produit\/mestico-dunkle-schokolade-62-kaffee-brasilien\/\" target=\"_blank\" rel=\"noopener\">Mesti\u00e7o<\/a> - Dunkle Schokolade 62% mit Kaffee - BRASILIEN - 60g<\/li>\n<li><a href=\"https:\/\/criolloquetzal.ch\/de\/produit\/definite-dunkle-schokolade-65-finca-elvesia-kaffee-meersalz-dominikanische-republik\/\" target=\"_blank\" rel=\"noopener\">Definite<\/a> - Dunkle Schokolade 65% Finca Elvesia mit Kaffee und Meersalz - DOM. REP. - 60g<\/li>\n<li><a href=\"https:\/\/criolloquetzal.ch\/de\/produit\/latitude-dunkle-schokolade-70-bukonzo-kaffee-uganda\/\" target=\"_blank\" rel=\"noopener\">Latitude<\/a> - Dunkle Schokolade 70% mit Bukonzo-Kaffee - UGANDA - 70g<\/li>\n<li><a href=\"https:\/\/criolloquetzal.ch\/de\/produit\/cardenas-dunkle-schokolade-72-tierra-hermosa-mit-jipijapa-kaffee\/\" target=\"_blank\" rel=\"noopener\">C\u00e1rdenas<\/a> - Dunkle Schokolade 72% Tierra Hermosa mit Jipijapa Kaffee - ECUADOR - 50g<\/li>\n<\/ul>\n","protected":false},"featured_media":7230,"template":"","meta":{"_acf_changed":false,"inline_featured_image":false},"product_brand":[],"product_cat":[804],"product_tag":[],"class_list":{"0":"post-7039","1":"product","2":"type-product","3":"status-publish","4":"has-post-thumbnail","6":"product_cat-pack-de","8":"first","9":"instock","10":"virtual","11":"taxable","12":"purchasable","13":"product-type-bundle"},"bundled_by":[],"bundle_stock_status":"instock","bundle_stock_quantity":1,"bundle_virtual":false,"bundle_layout":"grid","bundle_add_to_cart_form_location":"default","bundle_editable_in_cart":false,"bundle_sold_individually_context":"product","bundle_item_grouping":"parent","bundle_min_size":"","bundle_max_size":"","bundle_price":{"price":{"min":{"incl_tax":"44","excl_tax":"42.88499"},"max":{"incl_tax":"44","excl_tax":"42.88499"}},"regular_price":{"min":{"incl_tax":"44","excl_tax":"42.88499"},"max":{"incl_tax":"44","excl_tax":"42.88499"}}},"bundled_items":[{"bundled_item_id":47,"product_id":4945,"menu_order":0,"quantity_min":1,"quantity_max":1,"quantity_default":1,"priced_individually":false,"shipped_individually":false,"override_title":false,"title":"Latitude - Dunkle Schokolade 70% mit Bukonzo-Kaffee - UGANDA","override_description":false,"description":"Latitude - Dunkle Schokolade 70% mit Bukonzo-Kaffee - UGANDA","optional":false,"hide_thumbnail":false,"discount":"","override_variations":false,"allowed_variations":[""],"override_default_variation_attributes":false,"default_variation_attributes":[],"single_product_visibility":"hidden","cart_visibility":"hidden","order_visibility":"hidden","single_product_price_visibility":"visible","cart_price_visibility":"visible","order_price_visibility":"visible","stock_status":"in_stock"},{"bundled_item_id":48,"product_id":5986,"menu_order":1,"quantity_min":1,"quantity_max":1,"quantity_default":1,"priced_individually":false,"shipped_individually":false,"override_title":false,"title":"Luzz Cacau - Dunkle Schokolade 62% mit Kaffee - BRASILIEN","override_description":false,"description":"Luzz Cacau - Dunkle Schokolade 62% mit Kaffee - BRASILIEN","optional":false,"hide_thumbnail":false,"discount":"","override_variations":false,"allowed_variations":[""],"override_default_variation_attributes":false,"default_variation_attributes":[],"single_product_visibility":"hidden","cart_visibility":"hidden","order_visibility":"hidden","single_product_price_visibility":"visible","cart_price_visibility":"visible","order_price_visibility":"visible","stock_status":"in_stock"},{"bundled_item_id":49,"product_id":2841,"menu_order":2,"quantity_min":1,"quantity_max":1,"quantity_default":1,"priced_individually":false,"shipped_individually":false,"override_title":false,"title":"C\u00e1rdenas - Dunkle Schokolade 72% Tierra Hermosa mit Jipijapa Kaffee - ECUADOR","override_description":false,"description":"C\u00e1rdenas - Dunkle Schokolade 72% Tierra Hermosa mit Jipijapa Kaffee - ECUADOR","optional":false,"hide_thumbnail":false,"discount":"","override_variations":false,"allowed_variations":[""],"override_default_variation_attributes":false,"default_variation_attributes":[],"single_product_visibility":"hidden","cart_visibility":"hidden","order_visibility":"hidden","single_product_price_visibility":"visible","cart_price_visibility":"visible","order_price_visibility":"visible","stock_status":"in_stock"},{"bundled_item_id":50,"product_id":3923,"menu_order":3,"quantity_min":1,"quantity_max":1,"quantity_default":1,"priced_individually":false,"shipped_individually":false,"override_title":false,"title":"Mesti\u00e7o - Dunkle Schokolade 62% mit Kaffee - BRASILIEN","override_description":false,"description":"Mesti\u00e7o - Dunkle Schokolade 62% mit Kaffee - BRASILIEN","optional":false,"hide_thumbnail":false,"discount":"","override_variations":false,"allowed_variations":[""],"override_default_variation_attributes":false,"default_variation_attributes":[],"single_product_visibility":"hidden","cart_visibility":"hidden","order_visibility":"hidden","single_product_price_visibility":"visible","cart_price_visibility":"visible","order_price_visibility":"visible","stock_status":"in_stock"},{"bundled_item_id":51,"product_id":5969,"menu_order":4,"quantity_min":1,"quantity_max":1,"quantity_default":1,"priced_individually":false,"shipped_individually":false,"override_title":false,"title":"Definite - Dunkle Schokolade 65% Finca Elvesia mit Kaffee und Meersalz - DOMINIKANISCHE REPUBLIK","override_description":false,"description":"Definite - Dunkle Schokolade 65% Finca Elvesia mit Kaffee und Meersalz - DOMINIKANISCHE REPUBLIK","optional":false,"hide_thumbnail":false,"discount":"","override_variations":false,"allowed_variations":[""],"override_default_variation_attributes":false,"default_variation_attributes":[],"single_product_visibility":"hidden","cart_visibility":"hidden","order_visibility":"hidden","single_product_price_visibility":"visible","cart_price_visibility":"visible","order_price_visibility":"visible","stock_status":"in_stock"}],"bundle_sell_ids":[],"acf":{"ingredients":"","energie":0,"graisse":0,"graisse_saturee":0,"glucides":0,"sucre":0,"fibre":"0","proteines":0,"sel":0},"_links":{"self":[{"href":"https:\/\/criolloquetzal.ch\/de\/wp-json\/wp\/v2\/product\/7039","targetHints":{"allow":["GET"]}}],"collection":[{"href":"https:\/\/criolloquetzal.ch\/de\/wp-json\/wp\/v2\/product"}],"about":[{"href":"https:\/\/criolloquetzal.ch\/de\/wp-json\/wp\/v2\/types\/product"}],"wp:featuredmedia":[{"embeddable":true,"href":"https:\/\/criolloquetzal.ch\/de\/wp-json\/wp\/v2\/media\/7230"}],"wp:attachment":[{"href":"https:\/\/criolloquetzal.ch\/de\/wp-json\/wp\/v2\/media?parent=7039"}],"wp:term":[{"taxonomy":"product_brand","embeddable":true,"href":"https:\/\/criolloquetzal.ch\/de\/wp-json\/wp\/v2\/product_brand?post=7039"},{"taxonomy":"product_cat","embeddable":true,"href":"https:\/\/criolloquetzal.ch\/de\/wp-json\/wp\/v2\/product_cat?post=7039"},{"taxonomy":"product_tag","embeddable":true,"href":"https:\/\/criolloquetzal.ch\/de\/wp-json\/wp\/v2\/product_tag?post=7039"}],"curies":[{"name":"wp","href":"https:\/\/api.w.org\/{rel}","templated":true}]}}