{"id":7042,"date":"2024-01-25T14:48:35","date_gmt":"2024-01-25T13:48:35","guid":{"rendered":"https:\/\/criolloquetzal.ch\/produit\/selection-chocolat-alcool\/"},"modified":"2024-04-01T21:25:08","modified_gmt":"2024-04-01T19:25:08","slug":"auswahl-dunkle-schokolade-mit-alkohol","status":"publish","type":"product","link":"https:\/\/criolloquetzal.ch\/de\/produit\/auswahl-dunkle-schokolade-mit-alkohol\/","title":{"rendered":"Auswahl dunkle Schokolade mit Alkohol"},"content":{"rendered":"<p>Lassen Sie sich von dieser Weltreise der f\u00fcnf besten Schokoladen mit Alkohol begeistern: vom fruchtigen Caipirinha aus Brasilien \u00fcber die dunklen Noten des philippinischen Rums, den intensiv rauchigen Geschmack des mexikanischen Mezcal bis hin zu den holzigen Aromen des Rums aus der Dominikanischen Republik.<\/p>\n<p>Eine Auswahl an dunkler Schokolade, um (sich) Freude zu bereiten und die unglaublichen und kraftvollen Verbindungen zwischen Kakao und aussergew\u00f6hnlichen Spirituosen zu entdecken, die durch das Know-how der besten Chocolatiers veredelt werden.<\/p>\n<p>Diese exklusive Auswahl besteht aus den folgenden 5 Tafeln:<\/p>\n<ul>\n<li><a href=\"https:\/\/criolloquetzal.ch\/de\/produit\/baiani-dunkle-schokolade-65-mit-caipirinha-und-limettenschalen\/\" target=\"_blank\" rel=\"noopener\">Baian\u00ed<\/a> - Dunkle Schokolade 65% mit Caipirinha und Limettenschalen - BRASILIEN - 58g<\/li>\n<li><a href=\"https:\/\/criolloquetzal.ch\/de\/produit\/metiche-dunkle-schokolade-70-mezcal-mexiko\/\" target=\"_blank\" rel=\"noopener\">Metiche<\/a> - Dunkle Schokolade 70% mit Mezcal - MEXIKO - 70g<\/li>\n<li><a href=\"https:\/\/criolloquetzal.ch\/de\/produit\/auro-dunkle-schokolade-70-mit-rum\/\" target=\"_blank\" rel=\"noopener\">Auro<\/a> - Dunkle Schokolade 70% mit Rum - PHILIPPINEN - 60g<\/li>\n<li><a href=\"https:\/\/criolloquetzal.ch\/de\/produit\/mestico-dunkle-schokolade-72-cachaca-brasilien\/\" target=\"_blank\" rel=\"noopener\">Mesti\u00e7o<\/a> - Dunkle Schokolade 72% mit Cacha\u00e7a - BRASILIEN - 60g<\/li>\n<li><a href=\"https:\/\/criolloquetzal.ch\/de\/produit\/definite-dunkle-schokolade-75-finca-elvesia-rum-dominikanische-republik\/\" target=\"_blank\" rel=\"noopener\">Definite<\/a> - Dunkle Schokolade 75% Finca Elvesia mit Rum - DOM. REP. - 60g<\/li>\n<\/ul>\n","protected":false},"excerpt":{"rendered":"<p>Lassen Sie sich von dieser Weltreise der f\u00fcnf besten Schokoladen mit Alkohol begeistern: vom fruchtigen Caipirinha aus Brasilien \u00fcber die dunklen Noten des philippinischen Rums, den intensiv rauchigen Geschmack des mexikanischen Mezcal bis hin zu den holzigen Aromen des Rums aus der Dominikanischen Republik.<\/p>\n<p>Eine Auswahl an dunkler Schokolade, um (sich) Freude zu bereiten und die unglaublichen und kraftvollen Verbindungen zwischen Kakao und aussergew\u00f6hnlichen Spirituosen zu entdecken, die durch das Know-how der besten Chocolatiers veredelt werden.<\/p>\n<p>Diese exklusive Auswahl besteht aus den folgenden 5 Tafeln:<\/p>\n<ul>\n<li><a href=\"https:\/\/criolloquetzal.ch\/de\/produit\/baiani-dunkle-schokolade-65-mit-caipirinha-und-limettenschalen\/\" target=\"_blank\" rel=\"noopener\">Baian\u00ed<\/a> - Dunkle Schokolade 65% mit Caipirinha und Limettenschalen - BRASILIEN - 58g<\/li>\n<li><a href=\"https:\/\/criolloquetzal.ch\/de\/produit\/metiche-dunkle-schokolade-70-mezcal-mexiko\/\" target=\"_blank\" rel=\"noopener\">Metiche<\/a> - Dunkle Schokolade 70% mit Mezcal - MEXIKO - 70g<\/li>\n<li><a href=\"https:\/\/criolloquetzal.ch\/de\/produit\/auro-dunkle-schokolade-70-mit-rum\/\" target=\"_blank\" rel=\"noopener\">Auro<\/a> - Dunkle Schokolade 70% mit Rum - PHILIPPINEN - 60g<\/li>\n<li><a href=\"https:\/\/criolloquetzal.ch\/de\/produit\/mestico-dunkle-schokolade-72-cachaca-brasilien\/\" target=\"_blank\" rel=\"noopener\">Mesti\u00e7o<\/a> - Dunkle Schokolade 72% mit Cacha\u00e7a - BRASILIEN - 60g<\/li>\n<li><a href=\"https:\/\/criolloquetzal.ch\/de\/produit\/definite-dunkle-schokolade-75-finca-elvesia-rum-dominikanische-republik\/\" target=\"_blank\" rel=\"noopener\">Definite<\/a> - Dunkle Schokolade 75% Finca Elvesia mit Rum - DOM. REP. - 60g<\/li>\n<\/ul>\n","protected":false},"featured_media":7226,"template":"","meta":{"_acf_changed":false,"inline_featured_image":false},"product_brand":[],"product_cat":[804],"product_tag":[],"class_list":{"0":"post-7042","1":"product","2":"type-product","3":"status-publish","4":"has-post-thumbnail","6":"product_cat-pack-de","8":"first","9":"instock","10":"virtual","11":"taxable","12":"purchasable","13":"product-type-bundle"},"bundled_by":[],"bundle_stock_status":"instock","bundle_stock_quantity":1,"bundle_virtual":false,"bundle_layout":"grid","bundle_add_to_cart_form_location":"default","bundle_editable_in_cart":false,"bundle_sold_individually_context":"product","bundle_item_grouping":"parent","bundle_min_size":"","bundle_max_size":"","bundle_price":{"price":{"min":{"incl_tax":"45","excl_tax":"43.859649"},"max":{"incl_tax":"45","excl_tax":"43.859649"}},"regular_price":{"min":{"incl_tax":"45","excl_tax":"43.859649"},"max":{"incl_tax":"45","excl_tax":"43.859649"}}},"bundled_items":[{"bundled_item_id":62,"product_id":2909,"menu_order":0,"quantity_min":1,"quantity_max":1,"quantity_default":1,"priced_individually":false,"shipped_individually":false,"override_title":false,"title":"Auro - Dunkle Schokolade 70% mit Rum - PHILIPPINEN","override_description":false,"description":"Auro - Dunkle Schokolade 70% mit Rum - PHILIPPINEN","optional":false,"hide_thumbnail":false,"discount":"","override_variations":false,"allowed_variations":[""],"override_default_variation_attributes":false,"default_variation_attributes":[],"single_product_visibility":"hidden","cart_visibility":"hidden","order_visibility":"hidden","single_product_price_visibility":"visible","cart_price_visibility":"visible","order_price_visibility":"visible","stock_status":"in_stock"},{"bundled_item_id":63,"product_id":5975,"menu_order":1,"quantity_min":1,"quantity_max":1,"quantity_default":1,"priced_individually":false,"shipped_individually":false,"override_title":false,"title":"Definite - Dunkle Schokolade 75% Finca Elvesia mit Rum - DOMINIKANISCHE REPUBLIK","override_description":false,"description":"Definite - Dunkle Schokolade 75% Finca Elvesia mit Rum - DOMINIKANISCHE REPUBLIK","optional":false,"hide_thumbnail":false,"discount":"","override_variations":false,"allowed_variations":[""],"override_default_variation_attributes":false,"default_variation_attributes":[],"single_product_visibility":"hidden","cart_visibility":"hidden","order_visibility":"hidden","single_product_price_visibility":"visible","cart_price_visibility":"visible","order_price_visibility":"visible","stock_status":"in_stock"},{"bundled_item_id":64,"product_id":6407,"menu_order":2,"quantity_min":1,"quantity_max":1,"quantity_default":1,"priced_individually":false,"shipped_individually":false,"override_title":false,"title":"Metiche - Dunkle Schokolade 70% mit Mezcal - MEXIKO","override_description":false,"description":"Metiche - Dunkle Schokolade 70% mit Mezcal - MEXIKO","optional":false,"hide_thumbnail":false,"discount":"","override_variations":false,"allowed_variations":[""],"override_default_variation_attributes":false,"default_variation_attributes":[],"single_product_visibility":"hidden","cart_visibility":"hidden","order_visibility":"hidden","single_product_price_visibility":"visible","cart_price_visibility":"visible","order_price_visibility":"visible","stock_status":"in_stock"},{"bundled_item_id":65,"product_id":3660,"menu_order":3,"quantity_min":1,"quantity_max":1,"quantity_default":1,"priced_individually":false,"shipped_individually":false,"override_title":false,"title":"Baian\u00ed - Dunkle Schokolade 65% mit Caipirinha und Limettenschalen - BRASILIEN","override_description":false,"description":"Baian\u00ed - Dunkle Schokolade 65% mit Caipirinha und Limettenschalen - BRASILIEN","optional":false,"hide_thumbnail":false,"discount":"","override_variations":false,"allowed_variations":[""],"override_default_variation_attributes":false,"default_variation_attributes":[],"single_product_visibility":"hidden","cart_visibility":"hidden","order_visibility":"hidden","single_product_price_visibility":"visible","cart_price_visibility":"visible","order_price_visibility":"visible","stock_status":"in_stock"},{"bundled_item_id":66,"product_id":6393,"menu_order":4,"quantity_min":1,"quantity_max":1,"quantity_default":1,"priced_individually":false,"shipped_individually":false,"override_title":false,"title":"Mesti\u00e7o - Dunkle Schokolade 72% mit Cacha\u00e7a - BRASILIEN","override_description":false,"description":"Mesti\u00e7o - Dunkle Schokolade 72% mit Cacha\u00e7a - BRASILIEN","optional":false,"hide_thumbnail":false,"discount":"","override_variations":false,"allowed_variations":[""],"override_default_variation_attributes":false,"default_variation_attributes":[],"single_product_visibility":"hidden","cart_visibility":"hidden","order_visibility":"hidden","single_product_price_visibility":"visible","cart_price_visibility":"visible","order_price_visibility":"visible","stock_status":"in_stock"}],"bundle_sell_ids":[],"acf":{"ingredients":"","energie":0,"graisse":0,"graisse_saturee":0,"glucides":0,"sucre":0,"fibre":"0","proteines":0,"sel":0},"_links":{"self":[{"href":"https:\/\/criolloquetzal.ch\/de\/wp-json\/wp\/v2\/product\/7042","targetHints":{"allow":["GET"]}}],"collection":[{"href":"https:\/\/criolloquetzal.ch\/de\/wp-json\/wp\/v2\/product"}],"about":[{"href":"https:\/\/criolloquetzal.ch\/de\/wp-json\/wp\/v2\/types\/product"}],"wp:featuredmedia":[{"embeddable":true,"href":"https:\/\/criolloquetzal.ch\/de\/wp-json\/wp\/v2\/media\/7226"}],"wp:attachment":[{"href":"https:\/\/criolloquetzal.ch\/de\/wp-json\/wp\/v2\/media?parent=7042"}],"wp:term":[{"taxonomy":"product_brand","embeddable":true,"href":"https:\/\/criolloquetzal.ch\/de\/wp-json\/wp\/v2\/product_brand?post=7042"},{"taxonomy":"product_cat","embeddable":true,"href":"https:\/\/criolloquetzal.ch\/de\/wp-json\/wp\/v2\/product_cat?post=7042"},{"taxonomy":"product_tag","embeddable":true,"href":"https:\/\/criolloquetzal.ch\/de\/wp-json\/wp\/v2\/product_tag?post=7042"}],"curies":[{"name":"wp","href":"https:\/\/api.w.org\/{rel}","templated":true}]}}